{"id":1048,"date":"2025-04-09T12:42:41","date_gmt":"2025-04-09T12:42:41","guid":{"rendered":"https:\/\/libreriapiemontese.com\/?post_type=product&#038;p=1048"},"modified":"2025-04-09T12:42:41","modified_gmt":"2025-04-09T12:42:41","slug":"gramsci-a-torino","status":"publish","type":"product","link":"https:\/\/libreriapiemontese.com\/?product=gramsci-a-torino","title":{"rendered":"Gramsci a Torino"},"content":{"rendered":"<p>In sintesi, lungo quegli undici anni trascorsi sotto la Mole, Gramsci fu il costruttore di una sorta di &#8220;via torinese al socialismo&#8221;. Torino fu lo zoccolo duro della personalit\u00e0 gramsciana, che nel quindicennio successivo, nella milizia del PCI e nel Comintern, e quindi, soprattutto, nella straordinaria meditazione carceraria, avrebbe dato uno dei monumenti della civilt\u00e0 italiana. Senza il backgound torinese non sarebbe pensabile la successiva opera di studioso e di leader politico di Gramsci. La sua presenza a Torino, con quella straordinaria vocazione pedagogica, con quel continuo richiamo alla moralit\u00e0 del pensare prima ancora che dell&#8217;agire, con quel bisogno costante e fermo di rigore intellettuale, a chi conosca un po&#8217; la storia di questa citt\u00e0, che egli fece sua, rivela che tutto ci\u00f2 \u00e8 entrato a far parte del Genius loci.<br \/>\necco perch\u00e9, proponendo una scelta di scritti su e di Gramsci, dove sullo sfondo \u00e8 sempre presente a Torino, abbiamo posto alla raccolta il titolo Gramsci a Torino per accentuare il forte legame di Gramsci con la &#8220;sua&#8221; citt\u00e0, la Torino &lt;&lt;citt\u00e0 di provincia\u2026 dalla spinta in avanti lenta, ma sicura&gt;&gt;<\/p>\n","protected":false},"excerpt":{"rendered":"<p>In sintesi, lungo quegli undici anni trascorsi sotto la Mole, Gramsci fu il costruttore di una sorta di &#8220;via torinese al socialismo&#8221;.<\/p>\n","protected":false},"featured_media":1049,"comment_status":"open","ping_status":"closed","template":"","meta":{"_acf_changed":false,"_et_pb_use_builder":"","_et_pb_old_content":"","_et_gb_content_width":""},"autore":[493],"casa-editirice":[397],"product_brand":[],"product_cat":[82],"product_tag":[492,491],"class_list":{"0":"post-1048","1":"product","2":"type-product","3":"status-publish","4":"has-post-thumbnail","6":"autore-andrea-viglongo","7":"casa-editirice-viglongo-co","8":"product_cat-biografico","9":"product_tag-andrea-viglongo","10":"product_tag-gramsci-a-torino","12":"first","13":"instock","14":"shipping-taxable","15":"purchasable","16":"product-type-simple"},"acf":[],"yoast_head":"<!-- This site is optimized with the Yoast SEO plugin v24.7 - https:\/\/yoast.com\/wordpress\/plugins\/seo\/ -->\n<title>Gramsci a Torino - Libreria Piemontese<\/title>\n<meta name=\"description\" content=\"In sintesi, lungo quegli undici anni trascorsi sotto la Mole, Gramsci fu il costruttore di una sorta di &quot;via torinese al socialismo&quot;.\" \/>\n<meta name=\"robots\" content=\"index, follow, max-snippet:-1, max-image-preview:large, max-video-preview:-1\" \/>\n<link rel=\"canonical\" href=\"https:\/\/libreriapiemontese.com\/?product=gramsci-a-torino\" \/>\n<meta property=\"og:locale\" content=\"it_IT\" \/>\n<meta property=\"og:type\" content=\"article\" \/>\n<meta property=\"og:title\" content=\"Gramsci a Torino - Libreria Piemontese\" \/>\n<meta property=\"og:description\" content=\"In sintesi, lungo quegli undici anni trascorsi sotto la Mole, Gramsci fu il costruttore di una sorta di &quot;via torinese al socialismo&quot;.\" \/>\n<meta property=\"og:url\" content=\"https:\/\/libreriapiemontese.com\/?product=gramsci-a-torino\" \/>\n<meta property=\"og:site_name\" content=\"Libreria Piemontese\" \/>\n<meta property=\"og:image\" content=\"https:\/\/libreriapiemontese.com\/wp-content\/uploads\/2025\/04\/9788872352311.jpg\" \/>\n\t<meta property=\"og:image:width\" content=\"384\" \/>\n\t<meta property=\"og:image:height\" content=\"500\" \/>\n\t<meta property=\"og:image:type\" content=\"image\/jpeg\" \/>\n<meta name=\"twitter:card\" content=\"summary_large_image\" \/>\n<meta name=\"twitter:label1\" content=\"Tempo di lettura stimato\" \/>\n\t<meta name=\"twitter:data1\" content=\"2 minuti\" \/>\n<script type=\"application\/ld+json\" class=\"yoast-schema-graph\">{\"@context\":\"https:\/\/schema.org\",\"@graph\":[{\"@type\":\"WebPage\",\"@id\":\"https:\/\/libreriapiemontese.com\/?product=gramsci-a-torino\",\"url\":\"https:\/\/libreriapiemontese.com\/?product=gramsci-a-torino\",\"name\":\"Gramsci a Torino - Libreria Piemontese\",\"isPartOf\":{\"@id\":\"https:\/\/libreriapiemontese.com\/#website\"},\"primaryImageOfPage\":{\"@id\":\"https:\/\/libreriapiemontese.com\/?product=gramsci-a-torino#primaryimage\"},\"image\":{\"@id\":\"https:\/\/libreriapiemontese.com\/?product=gramsci-a-torino#primaryimage\"},\"thumbnailUrl\":\"https:\/\/libreriapiemontese.com\/wp-content\/uploads\/2025\/04\/9788872352311.jpg\",\"datePublished\":\"2025-04-09T12:42:41+00:00\",\"description\":\"In sintesi, lungo quegli undici anni trascorsi sotto la Mole, Gramsci fu il costruttore di una sorta di \\\"via torinese al socialismo\\\".\",\"breadcrumb\":{\"@id\":\"https:\/\/libreriapiemontese.com\/?product=gramsci-a-torino#breadcrumb\"},\"inLanguage\":\"it-IT\",\"potentialAction\":[{\"@type\":\"ReadAction\",\"target\":[\"https:\/\/libreriapiemontese.com\/?product=gramsci-a-torino\"]}]},{\"@type\":\"ImageObject\",\"inLanguage\":\"it-IT\",\"@id\":\"https:\/\/libreriapiemontese.com\/?product=gramsci-a-torino#primaryimage\",\"url\":\"https:\/\/libreriapiemontese.com\/wp-content\/uploads\/2025\/04\/9788872352311.jpg\",\"contentUrl\":\"https:\/\/libreriapiemontese.com\/wp-content\/uploads\/2025\/04\/9788872352311.jpg\",\"width\":384,\"height\":500},{\"@type\":\"BreadcrumbList\",\"@id\":\"https:\/\/libreriapiemontese.com\/?product=gramsci-a-torino#breadcrumb\",\"itemListElement\":[{\"@type\":\"ListItem\",\"position\":1,\"name\":\"Home\",\"item\":\"https:\/\/libreriapiemontese.com\/\"},{\"@type\":\"ListItem\",\"position\":2,\"name\":\"Shop\",\"item\":\"https:\/\/libreriapiemontese.com\/?page_id=6\"},{\"@type\":\"ListItem\",\"position\":3,\"name\":\"Gramsci a Torino\"}]},{\"@type\":\"WebSite\",\"@id\":\"https:\/\/libreriapiemontese.com\/#website\",\"url\":\"https:\/\/libreriapiemontese.com\/\",\"name\":\"Libreria Piemontese\",\"description\":\"\",\"potentialAction\":[{\"@type\":\"SearchAction\",\"target\":{\"@type\":\"EntryPoint\",\"urlTemplate\":\"https:\/\/libreriapiemontese.com\/?s={search_term_string}\"},\"query-input\":{\"@type\":\"PropertyValueSpecification\",\"valueRequired\":true,\"valueName\":\"search_term_string\"}}],\"inLanguage\":\"it-IT\"}]}<\/script>\n<!-- \/ Yoast SEO plugin. -->","yoast_head_json":{"title":"Gramsci a Torino - Libreria Piemontese","description":"In sintesi, lungo quegli undici anni trascorsi sotto la Mole, Gramsci fu il costruttore di una sorta di \"via torinese al socialismo\".","robots":{"index":"index","follow":"follow","max-snippet":"max-snippet:-1","max-image-preview":"max-image-preview:large","max-video-preview":"max-video-preview:-1"},"canonical":"https:\/\/libreriapiemontese.com\/?product=gramsci-a-torino","og_locale":"it_IT","og_type":"article","og_title":"Gramsci a Torino - Libreria Piemontese","og_description":"In sintesi, lungo quegli undici anni trascorsi sotto la Mole, Gramsci fu il costruttore di una sorta di \"via torinese al socialismo\".","og_url":"https:\/\/libreriapiemontese.com\/?product=gramsci-a-torino","og_site_name":"Libreria Piemontese","og_image":[{"width":384,"height":500,"url":"https:\/\/libreriapiemontese.com\/wp-content\/uploads\/2025\/04\/9788872352311.jpg","type":"image\/jpeg"}],"twitter_card":"summary_large_image","twitter_misc":{"Tempo di lettura stimato":"2 minuti"},"schema":{"@context":"https:\/\/schema.org","@graph":[{"@type":"WebPage","@id":"https:\/\/libreriapiemontese.com\/?product=gramsci-a-torino","url":"https:\/\/libreriapiemontese.com\/?product=gramsci-a-torino","name":"Gramsci a Torino - Libreria Piemontese","isPartOf":{"@id":"https:\/\/libreriapiemontese.com\/#website"},"primaryImageOfPage":{"@id":"https:\/\/libreriapiemontese.com\/?product=gramsci-a-torino#primaryimage"},"image":{"@id":"https:\/\/libreriapiemontese.com\/?product=gramsci-a-torino#primaryimage"},"thumbnailUrl":"https:\/\/libreriapiemontese.com\/wp-content\/uploads\/2025\/04\/9788872352311.jpg","datePublished":"2025-04-09T12:42:41+00:00","description":"In sintesi, lungo quegli undici anni trascorsi sotto la Mole, Gramsci fu il costruttore di una sorta di \"via torinese al socialismo\".","breadcrumb":{"@id":"https:\/\/libreriapiemontese.com\/?product=gramsci-a-torino#breadcrumb"},"inLanguage":"it-IT","potentialAction":[{"@type":"ReadAction","target":["https:\/\/libreriapiemontese.com\/?product=gramsci-a-torino"]}]},{"@type":"ImageObject","inLanguage":"it-IT","@id":"https:\/\/libreriapiemontese.com\/?product=gramsci-a-torino#primaryimage","url":"https:\/\/libreriapiemontese.com\/wp-content\/uploads\/2025\/04\/9788872352311.jpg","contentUrl":"https:\/\/libreriapiemontese.com\/wp-content\/uploads\/2025\/04\/9788872352311.jpg","width":384,"height":500},{"@type":"BreadcrumbList","@id":"https:\/\/libreriapiemontese.com\/?product=gramsci-a-torino#breadcrumb","itemListElement":[{"@type":"ListItem","position":1,"name":"Home","item":"https:\/\/libreriapiemontese.com\/"},{"@type":"ListItem","position":2,"name":"Shop","item":"https:\/\/libreriapiemontese.com\/?page_id=6"},{"@type":"ListItem","position":3,"name":"Gramsci a Torino"}]},{"@type":"WebSite","@id":"https:\/\/libreriapiemontese.com\/#website","url":"https:\/\/libreriapiemontese.com\/","name":"Libreria Piemontese","description":"","potentialAction":[{"@type":"SearchAction","target":{"@type":"EntryPoint","urlTemplate":"https:\/\/libreriapiemontese.com\/?s={search_term_string}"},"query-input":{"@type":"PropertyValueSpecification","valueRequired":true,"valueName":"search_term_string"}}],"inLanguage":"it-IT"}]}},"_links":{"self":[{"href":"https:\/\/libreriapiemontese.com\/index.php?rest_route=\/wp\/v2\/product\/1048","targetHints":{"allow":["GET"]}}],"collection":[{"href":"https:\/\/libreriapiemontese.com\/index.php?rest_route=\/wp\/v2\/product"}],"about":[{"href":"https:\/\/libreriapiemontese.com\/index.php?rest_route=\/wp\/v2\/types\/product"}],"replies":[{"embeddable":true,"href":"https:\/\/libreriapiemontese.com\/index.php?rest_route=%2Fwp%2Fv2%2Fcomments&post=1048"}],"wp:featuredmedia":[{"embeddable":true,"href":"https:\/\/libreriapiemontese.com\/index.php?rest_route=\/wp\/v2\/media\/1049"}],"wp:attachment":[{"href":"https:\/\/libreriapiemontese.com\/index.php?rest_route=%2Fwp%2Fv2%2Fmedia&parent=1048"}],"wp:term":[{"taxonomy":"autore","embeddable":true,"href":"https:\/\/libreriapiemontese.com\/index.php?rest_route=%2Fwp%2Fv2%2Fautore&post=1048"},{"taxonomy":"casa-editirice","embeddable":true,"href":"https:\/\/libreriapiemontese.com\/index.php?rest_route=%2Fwp%2Fv2%2Fcasa-editirice&post=1048"},{"taxonomy":"product_brand","embeddable":true,"href":"https:\/\/libreriapiemontese.com\/index.php?rest_route=%2Fwp%2Fv2%2Fproduct_brand&post=1048"},{"taxonomy":"product_cat","embeddable":true,"href":"https:\/\/libreriapiemontese.com\/index.php?rest_route=%2Fwp%2Fv2%2Fproduct_cat&post=1048"},{"taxonomy":"product_tag","embeddable":true,"href":"https:\/\/libreriapiemontese.com\/index.php?rest_route=%2Fwp%2Fv2%2Fproduct_tag&post=1048"}],"curies":[{"name":"wp","href":"https:\/\/api.w.org\/{rel}","templated":true}]}}