{"id":1062,"date":"2025-04-09T13:13:12","date_gmt":"2025-04-09T13:13:12","guid":{"rendered":"https:\/\/libreriapiemontese.com\/?post_type=product&#038;p=1062"},"modified":"2025-04-09T13:13:12","modified_gmt":"2025-04-09T13:13:12","slug":"mansour-il-profeta","status":"publish","type":"product","link":"https:\/\/libreriapiemontese.com\/?product=mansour-il-profeta","title":{"rendered":"Mansour il profeta"},"content":{"rendered":"<p>Quella che si racconta \u00e8 la vera storia, suffragata dal contributo di alcuni storici, di Giovan Battista Boetti nato il 7 gennaio 1743 a Piazzano nel Monferrato.<br \/>\nE&#8217; la biografia di questo personaggio bizzarro e stravagante che, con la sua inesausta Curiositas e con la sua brama di esperienze insolite e misteriose, gir\u00f2 l&#8217;Europa, ebbe dimestichezza con pi\u00f9 lingue, am\u00f2 molte donne umili, maritate e vedove, sempre traendone guadagno.<br \/>\nDivenne poi giocatore d&#8217;azzardo, frate, missionario presso gli Infedeli, vescovo cattolico giacobita, di nuovo frate cattolico a Vienna, quindi medico ad Istambul, mercante d&#8217;armi, rivelatori di fortificazioni, profeta d&#8217;una religione nuova, valoroso generale.<br \/>\nTermino i suoi giorni nel monastero ortodosso russo di Solovetsk, poco pi\u00f9 che cinquantenne.<br \/>\nMa c&#8217;\u00e8 chi gli attribuisce ancora un&#8217;altra avventura\u2026<br \/>\nUna leggenda senza tempo, ma per questo modernissima, che si legge tutta di un fiato.<\/p>\n","protected":false},"excerpt":{"rendered":"<p>Quella che si racconta \u00e8 la vera storia, suffragata dal contributo di alcuni storici, di Giovan Battista Boetti nato il 7 gennaio 1743 a Piazzano nel Monferrato.<\/p>\n","protected":false},"featured_media":1063,"comment_status":"open","ping_status":"closed","template":"","meta":{"_acf_changed":false,"_et_pb_use_builder":"","_et_pb_old_content":"","_et_gb_content_width":""},"autore":[510],"casa-editirice":[25],"product_brand":[],"product_cat":[40],"product_tag":[509,525],"class_list":{"0":"post-1062","1":"product","2":"type-product","3":"status-publish","4":"has-post-thumbnail","6":"autore-giorgio-di-francesco","7":"casa-editirice-il-punto-piemonte-in-bancarella","8":"product_cat-romanzo","9":"product_tag-giorgio-di-francesco","10":"product_tag-mansour-il-profeta","12":"first","13":"instock","14":"shipping-taxable","15":"purchasable","16":"product-type-simple"},"acf":[],"yoast_head":"<!-- This site is optimized with the Yoast SEO plugin v24.7 - https:\/\/yoast.com\/wordpress\/plugins\/seo\/ -->\n<title>Mansour il profeta - Libreria Piemontese<\/title>\n<meta name=\"description\" content=\"Quella che si racconta \u00e8 la vera storia, suffragata dal contributo di alcuni storici, di Giovan Battista Boetti nato il 7 gennaio 1743 a Piazzano nel Monferrato.\" \/>\n<meta name=\"robots\" content=\"index, follow, max-snippet:-1, max-image-preview:large, max-video-preview:-1\" \/>\n<link rel=\"canonical\" href=\"https:\/\/libreriapiemontese.com\/?product=mansour-il-profeta\" \/>\n<meta property=\"og:locale\" content=\"it_IT\" \/>\n<meta property=\"og:type\" content=\"article\" \/>\n<meta property=\"og:title\" content=\"Mansour il profeta - Libreria Piemontese\" \/>\n<meta property=\"og:description\" content=\"Quella che si racconta \u00e8 la vera storia, suffragata dal contributo di alcuni storici, di Giovan Battista Boetti nato il 7 gennaio 1743 a Piazzano nel Monferrato.\" \/>\n<meta property=\"og:url\" content=\"https:\/\/libreriapiemontese.com\/?product=mansour-il-profeta\" \/>\n<meta property=\"og:site_name\" content=\"Libreria Piemontese\" \/>\n<meta property=\"og:image\" content=\"https:\/\/libreriapiemontese.com\/wp-content\/uploads\/2025\/04\/61fFOTiOY7L._SY445_SX342_.jpg\" \/>\n\t<meta property=\"og:image:width\" content=\"290\" \/>\n\t<meta property=\"og:image:height\" content=\"445\" \/>\n\t<meta property=\"og:image:type\" content=\"image\/jpeg\" \/>\n<meta name=\"twitter:card\" content=\"summary_large_image\" \/>\n<meta name=\"twitter:label1\" content=\"Tempo di lettura stimato\" \/>\n\t<meta name=\"twitter:data1\" content=\"1 minuto\" \/>\n<script type=\"application\/ld+json\" class=\"yoast-schema-graph\">{\"@context\":\"https:\/\/schema.org\",\"@graph\":[{\"@type\":\"WebPage\",\"@id\":\"https:\/\/libreriapiemontese.com\/?product=mansour-il-profeta\",\"url\":\"https:\/\/libreriapiemontese.com\/?product=mansour-il-profeta\",\"name\":\"Mansour il profeta - Libreria Piemontese\",\"isPartOf\":{\"@id\":\"https:\/\/libreriapiemontese.com\/#website\"},\"primaryImageOfPage\":{\"@id\":\"https:\/\/libreriapiemontese.com\/?product=mansour-il-profeta#primaryimage\"},\"image\":{\"@id\":\"https:\/\/libreriapiemontese.com\/?product=mansour-il-profeta#primaryimage\"},\"thumbnailUrl\":\"https:\/\/libreriapiemontese.com\/wp-content\/uploads\/2025\/04\/61fFOTiOY7L._SY445_SX342_.jpg\",\"datePublished\":\"2025-04-09T13:13:12+00:00\",\"description\":\"Quella che si racconta \u00e8 la vera storia, suffragata dal contributo di alcuni storici, di Giovan Battista Boetti nato il 7 gennaio 1743 a Piazzano nel Monferrato.\",\"breadcrumb\":{\"@id\":\"https:\/\/libreriapiemontese.com\/?product=mansour-il-profeta#breadcrumb\"},\"inLanguage\":\"it-IT\",\"potentialAction\":[{\"@type\":\"ReadAction\",\"target\":[\"https:\/\/libreriapiemontese.com\/?product=mansour-il-profeta\"]}]},{\"@type\":\"ImageObject\",\"inLanguage\":\"it-IT\",\"@id\":\"https:\/\/libreriapiemontese.com\/?product=mansour-il-profeta#primaryimage\",\"url\":\"https:\/\/libreriapiemontese.com\/wp-content\/uploads\/2025\/04\/61fFOTiOY7L._SY445_SX342_.jpg\",\"contentUrl\":\"https:\/\/libreriapiemontese.com\/wp-content\/uploads\/2025\/04\/61fFOTiOY7L._SY445_SX342_.jpg\",\"width\":290,\"height\":445},{\"@type\":\"BreadcrumbList\",\"@id\":\"https:\/\/libreriapiemontese.com\/?product=mansour-il-profeta#breadcrumb\",\"itemListElement\":[{\"@type\":\"ListItem\",\"position\":1,\"name\":\"Home\",\"item\":\"https:\/\/libreriapiemontese.com\/\"},{\"@type\":\"ListItem\",\"position\":2,\"name\":\"Shop\",\"item\":\"https:\/\/libreriapiemontese.com\/?page_id=6\"},{\"@type\":\"ListItem\",\"position\":3,\"name\":\"Mansour il profeta\"}]},{\"@type\":\"WebSite\",\"@id\":\"https:\/\/libreriapiemontese.com\/#website\",\"url\":\"https:\/\/libreriapiemontese.com\/\",\"name\":\"Libreria Piemontese\",\"description\":\"\",\"potentialAction\":[{\"@type\":\"SearchAction\",\"target\":{\"@type\":\"EntryPoint\",\"urlTemplate\":\"https:\/\/libreriapiemontese.com\/?s={search_term_string}\"},\"query-input\":{\"@type\":\"PropertyValueSpecification\",\"valueRequired\":true,\"valueName\":\"search_term_string\"}}],\"inLanguage\":\"it-IT\"}]}<\/script>\n<!-- \/ Yoast SEO plugin. -->","yoast_head_json":{"title":"Mansour il profeta - Libreria Piemontese","description":"Quella che si racconta \u00e8 la vera storia, suffragata dal contributo di alcuni storici, di Giovan Battista Boetti nato il 7 gennaio 1743 a Piazzano nel Monferrato.","robots":{"index":"index","follow":"follow","max-snippet":"max-snippet:-1","max-image-preview":"max-image-preview:large","max-video-preview":"max-video-preview:-1"},"canonical":"https:\/\/libreriapiemontese.com\/?product=mansour-il-profeta","og_locale":"it_IT","og_type":"article","og_title":"Mansour il profeta - Libreria Piemontese","og_description":"Quella che si racconta \u00e8 la vera storia, suffragata dal contributo di alcuni storici, di Giovan Battista Boetti nato il 7 gennaio 1743 a Piazzano nel Monferrato.","og_url":"https:\/\/libreriapiemontese.com\/?product=mansour-il-profeta","og_site_name":"Libreria Piemontese","og_image":[{"width":290,"height":445,"url":"https:\/\/libreriapiemontese.com\/wp-content\/uploads\/2025\/04\/61fFOTiOY7L._SY445_SX342_.jpg","type":"image\/jpeg"}],"twitter_card":"summary_large_image","twitter_misc":{"Tempo di lettura stimato":"1 minuto"},"schema":{"@context":"https:\/\/schema.org","@graph":[{"@type":"WebPage","@id":"https:\/\/libreriapiemontese.com\/?product=mansour-il-profeta","url":"https:\/\/libreriapiemontese.com\/?product=mansour-il-profeta","name":"Mansour il profeta - Libreria Piemontese","isPartOf":{"@id":"https:\/\/libreriapiemontese.com\/#website"},"primaryImageOfPage":{"@id":"https:\/\/libreriapiemontese.com\/?product=mansour-il-profeta#primaryimage"},"image":{"@id":"https:\/\/libreriapiemontese.com\/?product=mansour-il-profeta#primaryimage"},"thumbnailUrl":"https:\/\/libreriapiemontese.com\/wp-content\/uploads\/2025\/04\/61fFOTiOY7L._SY445_SX342_.jpg","datePublished":"2025-04-09T13:13:12+00:00","description":"Quella che si racconta \u00e8 la vera storia, suffragata dal contributo di alcuni storici, di Giovan Battista Boetti nato il 7 gennaio 1743 a Piazzano nel Monferrato.","breadcrumb":{"@id":"https:\/\/libreriapiemontese.com\/?product=mansour-il-profeta#breadcrumb"},"inLanguage":"it-IT","potentialAction":[{"@type":"ReadAction","target":["https:\/\/libreriapiemontese.com\/?product=mansour-il-profeta"]}]},{"@type":"ImageObject","inLanguage":"it-IT","@id":"https:\/\/libreriapiemontese.com\/?product=mansour-il-profeta#primaryimage","url":"https:\/\/libreriapiemontese.com\/wp-content\/uploads\/2025\/04\/61fFOTiOY7L._SY445_SX342_.jpg","contentUrl":"https:\/\/libreriapiemontese.com\/wp-content\/uploads\/2025\/04\/61fFOTiOY7L._SY445_SX342_.jpg","width":290,"height":445},{"@type":"BreadcrumbList","@id":"https:\/\/libreriapiemontese.com\/?product=mansour-il-profeta#breadcrumb","itemListElement":[{"@type":"ListItem","position":1,"name":"Home","item":"https:\/\/libreriapiemontese.com\/"},{"@type":"ListItem","position":2,"name":"Shop","item":"https:\/\/libreriapiemontese.com\/?page_id=6"},{"@type":"ListItem","position":3,"name":"Mansour il profeta"}]},{"@type":"WebSite","@id":"https:\/\/libreriapiemontese.com\/#website","url":"https:\/\/libreriapiemontese.com\/","name":"Libreria Piemontese","description":"","potentialAction":[{"@type":"SearchAction","target":{"@type":"EntryPoint","urlTemplate":"https:\/\/libreriapiemontese.com\/?s={search_term_string}"},"query-input":{"@type":"PropertyValueSpecification","valueRequired":true,"valueName":"search_term_string"}}],"inLanguage":"it-IT"}]}},"_links":{"self":[{"href":"https:\/\/libreriapiemontese.com\/index.php?rest_route=\/wp\/v2\/product\/1062","targetHints":{"allow":["GET"]}}],"collection":[{"href":"https:\/\/libreriapiemontese.com\/index.php?rest_route=\/wp\/v2\/product"}],"about":[{"href":"https:\/\/libreriapiemontese.com\/index.php?rest_route=\/wp\/v2\/types\/product"}],"replies":[{"embeddable":true,"href":"https:\/\/libreriapiemontese.com\/index.php?rest_route=%2Fwp%2Fv2%2Fcomments&post=1062"}],"wp:featuredmedia":[{"embeddable":true,"href":"https:\/\/libreriapiemontese.com\/index.php?rest_route=\/wp\/v2\/media\/1063"}],"wp:attachment":[{"href":"https:\/\/libreriapiemontese.com\/index.php?rest_route=%2Fwp%2Fv2%2Fmedia&parent=1062"}],"wp:term":[{"taxonomy":"autore","embeddable":true,"href":"https:\/\/libreriapiemontese.com\/index.php?rest_route=%2Fwp%2Fv2%2Fautore&post=1062"},{"taxonomy":"casa-editirice","embeddable":true,"href":"https:\/\/libreriapiemontese.com\/index.php?rest_route=%2Fwp%2Fv2%2Fcasa-editirice&post=1062"},{"taxonomy":"product_brand","embeddable":true,"href":"https:\/\/libreriapiemontese.com\/index.php?rest_route=%2Fwp%2Fv2%2Fproduct_brand&post=1062"},{"taxonomy":"product_cat","embeddable":true,"href":"https:\/\/libreriapiemontese.com\/index.php?rest_route=%2Fwp%2Fv2%2Fproduct_cat&post=1062"},{"taxonomy":"product_tag","embeddable":true,"href":"https:\/\/libreriapiemontese.com\/index.php?rest_route=%2Fwp%2Fv2%2Fproduct_tag&post=1062"}],"curies":[{"name":"wp","href":"https:\/\/api.w.org\/{rel}","templated":true}]}}