{"id":345,"date":"2023-12-13T11:48:52","date_gmt":"2023-12-13T11:48:52","guid":{"rendered":"https:\/\/spash.libreriapiemontese.com\/?post_type=product&#038;p=345"},"modified":"2025-03-18T13:30:22","modified_gmt":"2025-03-18T13:30:22","slug":"la-prima-madama-reale","status":"publish","type":"product","link":"https:\/\/libreriapiemontese.com\/?product=la-prima-madama-reale","title":{"rendered":"La prima Madama Reale"},"content":{"rendered":"<p>&#8220;&#8230; Era una donna sagace, indipendente, autoritaria, che uno storico dinastico definisce di nascita francese, di spiriti alti, di cuore facile, dove per cuore s&#8217;ha da intendere costumi&#8221;. Cos\u00ec Luigi Filippo descrive Cristina di Francia, duchessa di Savoia nel theatrum sabaudiae pubblicato nel 1984. Cristina \u00e8 la sposa giovanissima di Vittorio Amedeo I. Rimasta vedova poco pi\u00f9 che trentenne, nel 1637 assume il potere come reggente del figlio Carlo Emanuele II. Nei due decenni successivi lo stato sabaudo affronter\u00e0 la guerra civile, durante la quale Cristina dimostra sapienti doti diplomatiche al fine di conservare autonomia del Ducato. &#8220;Madama reale&#8221;, cos\u00ec viene chiamata, non \u00e8 sola nelle sue battaglie: Filippo, conte d&#8217;Agli\u00e8, l&#8217;accompagna nei momenti difficili. Per pi\u00f9 di trent&#8217;anni, Filippo e Cristina saranno Uniti da un intimo legame che traspare con freschezza dalle numerose lettere che il bellissimo suddito Vassallo scrive alla duchessa. Dalla loro corrispondenza e da altre lettere private emerge un vivo spaccato della vita di corte del XVII secolo, su uno sfondo di vicende politiche e militari di cui Cristina sar\u00e0 il fulcro. Sulla scena europea Madama reale \u00e8 tuttavia solo una delle numerose protagoniste. Altre figure femminili giocano ruoli interessanti. Tra loro ci sono alcune donne di casa Savoia che Cristina deve, di volta in volta, subire, accettare o sacrificare per il bene del Ducato.<\/p>\n","protected":false},"excerpt":{"rendered":"<p>Era una donna sagace, indipendente, autoritaria, che uno storico dinastico definisce di nascita francese, di spiriti alti, di cuore facile, dove per cuore s&#8217;ha da intendere costumi&#8221;. Cos\u00ec Luigi Filippo descrive Cristina di Francia, duchessa di Savoia nel theatrum sabaudiae pubblicato nel 1984.<\/p>\n","protected":false},"featured_media":348,"comment_status":"open","ping_status":"closed","template":"","meta":{"_acf_changed":false,"_et_pb_use_builder":"","_et_pb_old_content":"","_et_gb_content_width":""},"autore":[355],"casa-editirice":[356],"product_brand":[],"product_cat":[37],"product_tag":[354,353],"class_list":{"0":"post-345","1":"product","2":"type-product","3":"status-publish","4":"has-post-thumbnail","6":"autore-renata-stoisa-comoglio","7":"casa-editirice-daniela-piazza-editore","8":"product_cat-storico","9":"product_tag-la-prima-madama-reale","10":"product_tag-renata-stoisa-comoglio","12":"first","13":"instock","14":"shipping-taxable","15":"purchasable","16":"product-type-simple"},"acf":[],"yoast_head":"<!-- This site is optimized with the Yoast SEO plugin v24.7 - https:\/\/yoast.com\/wordpress\/plugins\/seo\/ -->\n<title>La prima Madama Reale - Libreria Piemontese<\/title>\n<meta name=\"description\" content=\"Era una donna sagace, indipendente, autoritaria, che uno storico dinastico definisce di nascita francese, di spiriti alti, di cuore facile, dove per cuore s&#039;ha da intendere costumi&quot;. Cos\u00ec Luigi Filippo descrive Cristina di Francia, duchessa di Savoia nel theatrum sabaudiae pubblicato nel 1984.\" \/>\n<meta name=\"robots\" content=\"index, follow, max-snippet:-1, max-image-preview:large, max-video-preview:-1\" \/>\n<link rel=\"canonical\" href=\"https:\/\/libreriapiemontese.com\/?product=la-prima-madama-reale\" \/>\n<meta property=\"og:locale\" content=\"it_IT\" \/>\n<meta property=\"og:type\" content=\"article\" \/>\n<meta property=\"og:title\" content=\"La prima Madama Reale - Libreria Piemontese\" \/>\n<meta property=\"og:description\" content=\"Era una donna sagace, indipendente, autoritaria, che uno storico dinastico definisce di nascita francese, di spiriti alti, di cuore facile, dove per cuore s&#039;ha da intendere costumi&quot;. Cos\u00ec Luigi Filippo descrive Cristina di Francia, duchessa di Savoia nel theatrum sabaudiae pubblicato nel 1984.\" \/>\n<meta property=\"og:url\" content=\"https:\/\/libreriapiemontese.com\/?product=la-prima-madama-reale\" \/>\n<meta property=\"og:site_name\" content=\"Libreria Piemontese\" \/>\n<meta property=\"article:modified_time\" content=\"2025-03-18T13:30:22+00:00\" \/>\n<meta property=\"og:image\" content=\"https:\/\/libreriapiemontese.com\/wp-content\/uploads\/2023\/12\/IMG_20221124_161254.jpg\" \/>\n\t<meta property=\"og:image:width\" content=\"1550\" \/>\n\t<meta property=\"og:image:height\" content=\"2214\" \/>\n\t<meta property=\"og:image:type\" content=\"image\/jpeg\" \/>\n<meta name=\"twitter:card\" content=\"summary_large_image\" \/>\n<meta name=\"twitter:label1\" content=\"Tempo di lettura stimato\" \/>\n\t<meta name=\"twitter:data1\" content=\"2 minuti\" \/>\n<script type=\"application\/ld+json\" class=\"yoast-schema-graph\">{\"@context\":\"https:\/\/schema.org\",\"@graph\":[{\"@type\":\"WebPage\",\"@id\":\"https:\/\/libreriapiemontese.com\/?product=la-prima-madama-reale\",\"url\":\"https:\/\/libreriapiemontese.com\/?product=la-prima-madama-reale\",\"name\":\"La prima Madama Reale - Libreria Piemontese\",\"isPartOf\":{\"@id\":\"https:\/\/libreriapiemontese.com\/#website\"},\"primaryImageOfPage\":{\"@id\":\"https:\/\/libreriapiemontese.com\/?product=la-prima-madama-reale#primaryimage\"},\"image\":{\"@id\":\"https:\/\/libreriapiemontese.com\/?product=la-prima-madama-reale#primaryimage\"},\"thumbnailUrl\":\"https:\/\/libreriapiemontese.com\/wp-content\/uploads\/2023\/12\/IMG_20221124_161254.jpg\",\"datePublished\":\"2023-12-13T11:48:52+00:00\",\"dateModified\":\"2025-03-18T13:30:22+00:00\",\"description\":\"Era una donna sagace, indipendente, autoritaria, che uno storico dinastico definisce di nascita francese, di spiriti alti, di cuore facile, dove per cuore s'ha da intendere costumi\\\". Cos\u00ec Luigi Filippo descrive Cristina di Francia, duchessa di Savoia nel theatrum sabaudiae pubblicato nel 1984.\",\"breadcrumb\":{\"@id\":\"https:\/\/libreriapiemontese.com\/?product=la-prima-madama-reale#breadcrumb\"},\"inLanguage\":\"it-IT\",\"potentialAction\":[{\"@type\":\"ReadAction\",\"target\":[\"https:\/\/libreriapiemontese.com\/?product=la-prima-madama-reale\"]}]},{\"@type\":\"ImageObject\",\"inLanguage\":\"it-IT\",\"@id\":\"https:\/\/libreriapiemontese.com\/?product=la-prima-madama-reale#primaryimage\",\"url\":\"https:\/\/libreriapiemontese.com\/wp-content\/uploads\/2023\/12\/IMG_20221124_161254.jpg\",\"contentUrl\":\"https:\/\/libreriapiemontese.com\/wp-content\/uploads\/2023\/12\/IMG_20221124_161254.jpg\",\"width\":1550,\"height\":2214},{\"@type\":\"BreadcrumbList\",\"@id\":\"https:\/\/libreriapiemontese.com\/?product=la-prima-madama-reale#breadcrumb\",\"itemListElement\":[{\"@type\":\"ListItem\",\"position\":1,\"name\":\"Home\",\"item\":\"https:\/\/libreriapiemontese.com\/\"},{\"@type\":\"ListItem\",\"position\":2,\"name\":\"Shop\",\"item\":\"https:\/\/libreriapiemontese.com\/?page_id=6\"},{\"@type\":\"ListItem\",\"position\":3,\"name\":\"La prima Madama Reale\"}]},{\"@type\":\"WebSite\",\"@id\":\"https:\/\/libreriapiemontese.com\/#website\",\"url\":\"https:\/\/libreriapiemontese.com\/\",\"name\":\"Libreria Piemontese\",\"description\":\"\",\"potentialAction\":[{\"@type\":\"SearchAction\",\"target\":{\"@type\":\"EntryPoint\",\"urlTemplate\":\"https:\/\/libreriapiemontese.com\/?s={search_term_string}\"},\"query-input\":{\"@type\":\"PropertyValueSpecification\",\"valueRequired\":true,\"valueName\":\"search_term_string\"}}],\"inLanguage\":\"it-IT\"}]}<\/script>\n<!-- \/ Yoast SEO plugin. -->","yoast_head_json":{"title":"La prima Madama Reale - Libreria Piemontese","description":"Era una donna sagace, indipendente, autoritaria, che uno storico dinastico definisce di nascita francese, di spiriti alti, di cuore facile, dove per cuore s'ha da intendere costumi\". Cos\u00ec Luigi Filippo descrive Cristina di Francia, duchessa di Savoia nel theatrum sabaudiae pubblicato nel 1984.","robots":{"index":"index","follow":"follow","max-snippet":"max-snippet:-1","max-image-preview":"max-image-preview:large","max-video-preview":"max-video-preview:-1"},"canonical":"https:\/\/libreriapiemontese.com\/?product=la-prima-madama-reale","og_locale":"it_IT","og_type":"article","og_title":"La prima Madama Reale - Libreria Piemontese","og_description":"Era una donna sagace, indipendente, autoritaria, che uno storico dinastico definisce di nascita francese, di spiriti alti, di cuore facile, dove per cuore s'ha da intendere costumi\". Cos\u00ec Luigi Filippo descrive Cristina di Francia, duchessa di Savoia nel theatrum sabaudiae pubblicato nel 1984.","og_url":"https:\/\/libreriapiemontese.com\/?product=la-prima-madama-reale","og_site_name":"Libreria Piemontese","article_modified_time":"2025-03-18T13:30:22+00:00","og_image":[{"width":1550,"height":2214,"url":"https:\/\/libreriapiemontese.com\/wp-content\/uploads\/2023\/12\/IMG_20221124_161254.jpg","type":"image\/jpeg"}],"twitter_card":"summary_large_image","twitter_misc":{"Tempo di lettura stimato":"2 minuti"},"schema":{"@context":"https:\/\/schema.org","@graph":[{"@type":"WebPage","@id":"https:\/\/libreriapiemontese.com\/?product=la-prima-madama-reale","url":"https:\/\/libreriapiemontese.com\/?product=la-prima-madama-reale","name":"La prima Madama Reale - Libreria Piemontese","isPartOf":{"@id":"https:\/\/libreriapiemontese.com\/#website"},"primaryImageOfPage":{"@id":"https:\/\/libreriapiemontese.com\/?product=la-prima-madama-reale#primaryimage"},"image":{"@id":"https:\/\/libreriapiemontese.com\/?product=la-prima-madama-reale#primaryimage"},"thumbnailUrl":"https:\/\/libreriapiemontese.com\/wp-content\/uploads\/2023\/12\/IMG_20221124_161254.jpg","datePublished":"2023-12-13T11:48:52+00:00","dateModified":"2025-03-18T13:30:22+00:00","description":"Era una donna sagace, indipendente, autoritaria, che uno storico dinastico definisce di nascita francese, di spiriti alti, di cuore facile, dove per cuore s'ha da intendere costumi\". Cos\u00ec Luigi Filippo descrive Cristina di Francia, duchessa di Savoia nel theatrum sabaudiae pubblicato nel 1984.","breadcrumb":{"@id":"https:\/\/libreriapiemontese.com\/?product=la-prima-madama-reale#breadcrumb"},"inLanguage":"it-IT","potentialAction":[{"@type":"ReadAction","target":["https:\/\/libreriapiemontese.com\/?product=la-prima-madama-reale"]}]},{"@type":"ImageObject","inLanguage":"it-IT","@id":"https:\/\/libreriapiemontese.com\/?product=la-prima-madama-reale#primaryimage","url":"https:\/\/libreriapiemontese.com\/wp-content\/uploads\/2023\/12\/IMG_20221124_161254.jpg","contentUrl":"https:\/\/libreriapiemontese.com\/wp-content\/uploads\/2023\/12\/IMG_20221124_161254.jpg","width":1550,"height":2214},{"@type":"BreadcrumbList","@id":"https:\/\/libreriapiemontese.com\/?product=la-prima-madama-reale#breadcrumb","itemListElement":[{"@type":"ListItem","position":1,"name":"Home","item":"https:\/\/libreriapiemontese.com\/"},{"@type":"ListItem","position":2,"name":"Shop","item":"https:\/\/libreriapiemontese.com\/?page_id=6"},{"@type":"ListItem","position":3,"name":"La prima Madama Reale"}]},{"@type":"WebSite","@id":"https:\/\/libreriapiemontese.com\/#website","url":"https:\/\/libreriapiemontese.com\/","name":"Libreria Piemontese","description":"","potentialAction":[{"@type":"SearchAction","target":{"@type":"EntryPoint","urlTemplate":"https:\/\/libreriapiemontese.com\/?s={search_term_string}"},"query-input":{"@type":"PropertyValueSpecification","valueRequired":true,"valueName":"search_term_string"}}],"inLanguage":"it-IT"}]}},"_links":{"self":[{"href":"https:\/\/libreriapiemontese.com\/index.php?rest_route=\/wp\/v2\/product\/345","targetHints":{"allow":["GET"]}}],"collection":[{"href":"https:\/\/libreriapiemontese.com\/index.php?rest_route=\/wp\/v2\/product"}],"about":[{"href":"https:\/\/libreriapiemontese.com\/index.php?rest_route=\/wp\/v2\/types\/product"}],"replies":[{"embeddable":true,"href":"https:\/\/libreriapiemontese.com\/index.php?rest_route=%2Fwp%2Fv2%2Fcomments&post=345"}],"wp:featuredmedia":[{"embeddable":true,"href":"https:\/\/libreriapiemontese.com\/index.php?rest_route=\/wp\/v2\/media\/348"}],"wp:attachment":[{"href":"https:\/\/libreriapiemontese.com\/index.php?rest_route=%2Fwp%2Fv2%2Fmedia&parent=345"}],"wp:term":[{"taxonomy":"autore","embeddable":true,"href":"https:\/\/libreriapiemontese.com\/index.php?rest_route=%2Fwp%2Fv2%2Fautore&post=345"},{"taxonomy":"casa-editirice","embeddable":true,"href":"https:\/\/libreriapiemontese.com\/index.php?rest_route=%2Fwp%2Fv2%2Fcasa-editirice&post=345"},{"taxonomy":"product_brand","embeddable":true,"href":"https:\/\/libreriapiemontese.com\/index.php?rest_route=%2Fwp%2Fv2%2Fproduct_brand&post=345"},{"taxonomy":"product_cat","embeddable":true,"href":"https:\/\/libreriapiemontese.com\/index.php?rest_route=%2Fwp%2Fv2%2Fproduct_cat&post=345"},{"taxonomy":"product_tag","embeddable":true,"href":"https:\/\/libreriapiemontese.com\/index.php?rest_route=%2Fwp%2Fv2%2Fproduct_tag&post=345"}],"curies":[{"name":"wp","href":"https:\/\/api.w.org\/{rel}","templated":true}]}}