{"id":369,"date":"2023-12-13T12:09:57","date_gmt":"2023-12-13T12:09:57","guid":{"rendered":"https:\/\/spash.libreriapiemontese.com\/?post_type=product&#038;p=369"},"modified":"2025-03-18T15:25:25","modified_gmt":"2025-03-18T15:25:25","slug":"baron-litron-e-gli-altri","status":"publish","type":"product","link":"https:\/\/libreriapiemontese.com\/?product=baron-litron-e-gli-altri","title":{"rendered":"&#8220;Baron Litron&#8221; e gli altri"},"content":{"rendered":"<p>Nella tradizione dell&#8217;esercito del vecchio\u00a0<strong>Piemonte<\/strong>\u00a0un ruolo non secondario \u00e8 ricoperto dalla figura leggendaria di un eroe solitario: il &#8220;<strong><em>Baron Litron<\/em><\/strong>&#8220;. Tedesco d&#8217;origine, tenacemente legato alle proprie radici, tanto da rinunciare a maggior onori pur di non convertirsi al cattolicesimo, il barone\u00a0<em>Friedrich von Leutrum<\/em>\u00a0rappresenta, in realt\u00e0, uno dei tanti esempi di stranieri al soldo dei\u00a0<strong>Savoia<\/strong>,\u00a0<strong>Cattolici<\/strong>\u00a0o\u00a0<strong>Protestanti<\/strong>,\u00a0<strong><em>svizzeri, tedeschi o svedesi,<\/em><\/strong>\u00a0membri della grande o piccola nobilt\u00e0, figure pi\u00f9 o meno inserite nella societ\u00e0 piemontese, o addirittura a corte, questi professionisti della guerra consentono di far luce su una delle fasi pi\u00f9 importanti della formazione dello Stato assoluto, al di l\u00e0 dei consueti stereotipi volti ad esaltare la priorit\u00e0 dell&#8217;elemento nazionale.<\/p>\n","protected":false},"excerpt":{"rendered":"<p>Nella tradizione dell&#8217;esercito del vecchio\u00a0<strong>Piemonte<\/strong>\u00a0un ruolo non secondario \u00e8 ricoperto dalla figura leggendaria di un eroe solitario: il &#8220;<strong><em>Baron Litron<\/em><\/strong>&#8220;.<\/p>\n","protected":false},"featured_media":370,"comment_status":"open","ping_status":"closed","template":"","meta":{"_acf_changed":false,"_et_pb_use_builder":"","_et_pb_old_content":"","_et_gb_content_width":""},"autore":[373],"casa-editirice":[107,368],"product_brand":[],"product_cat":[15,40],"product_tag":[187,372],"class_list":{"0":"post-369","1":"product","2":"type-product","3":"status-publish","4":"has-post-thumbnail","6":"autore-paolo-bianchi","7":"casa-editirice-gribaudo","8":"casa-editirice-paravia","9":"product_cat-senza-categoria","10":"product_cat-romanzo","11":"product_tag-baron-litron-e-gli-altri","12":"product_tag-paolo-bianchi","14":"first","15":"instock","16":"shipping-taxable","17":"purchasable","18":"product-type-simple"},"acf":[],"yoast_head":"<!-- This site is optimized with the Yoast SEO plugin v24.7 - https:\/\/yoast.com\/wordpress\/plugins\/seo\/ -->\n<title>&quot;Baron Litron&quot; e gli altri - Libreria Piemontese<\/title>\n<meta name=\"description\" content=\"Nella tradizione dell&#039;esercito del vecchio\u00a0Piemonte\u00a0un ruolo non secondario \u00e8 ricoperto dalla figura leggendaria di un eroe solitario: il &quot;Baron Litron&quot;.\" \/>\n<meta name=\"robots\" content=\"index, follow, max-snippet:-1, max-image-preview:large, max-video-preview:-1\" \/>\n<link rel=\"canonical\" href=\"https:\/\/libreriapiemontese.com\/?product=baron-litron-e-gli-altri\" \/>\n<meta property=\"og:locale\" content=\"it_IT\" \/>\n<meta property=\"og:type\" content=\"article\" \/>\n<meta property=\"og:title\" content=\"&quot;Baron Litron&quot; e gli altri - Libreria Piemontese\" \/>\n<meta property=\"og:description\" content=\"Nella tradizione dell&#039;esercito del vecchio\u00a0Piemonte\u00a0un ruolo non secondario \u00e8 ricoperto dalla figura leggendaria di un eroe solitario: il &quot;Baron Litron&quot;.\" \/>\n<meta property=\"og:url\" content=\"https:\/\/libreriapiemontese.com\/?product=baron-litron-e-gli-altri\" \/>\n<meta property=\"og:site_name\" content=\"Libreria Piemontese\" \/>\n<meta property=\"article:modified_time\" content=\"2025-03-18T15:25:25+00:00\" \/>\n<meta property=\"og:image\" content=\"https:\/\/libreriapiemontese.com\/wp-content\/uploads\/2023\/12\/IMG_20221124_160924.jpg\" \/>\n\t<meta property=\"og:image:width\" content=\"1527\" \/>\n\t<meta property=\"og:image:height\" content=\"2352\" \/>\n\t<meta property=\"og:image:type\" content=\"image\/jpeg\" \/>\n<meta name=\"twitter:card\" content=\"summary_large_image\" \/>\n<meta name=\"twitter:label1\" content=\"Tempo di lettura stimato\" \/>\n\t<meta name=\"twitter:data1\" content=\"1 minuto\" \/>\n<script type=\"application\/ld+json\" class=\"yoast-schema-graph\">{\"@context\":\"https:\/\/schema.org\",\"@graph\":[{\"@type\":\"WebPage\",\"@id\":\"https:\/\/libreriapiemontese.com\/?product=baron-litron-e-gli-altri\",\"url\":\"https:\/\/libreriapiemontese.com\/?product=baron-litron-e-gli-altri\",\"name\":\"\\\"Baron Litron\\\" e gli altri - Libreria Piemontese\",\"isPartOf\":{\"@id\":\"https:\/\/libreriapiemontese.com\/#website\"},\"primaryImageOfPage\":{\"@id\":\"https:\/\/libreriapiemontese.com\/?product=baron-litron-e-gli-altri#primaryimage\"},\"image\":{\"@id\":\"https:\/\/libreriapiemontese.com\/?product=baron-litron-e-gli-altri#primaryimage\"},\"thumbnailUrl\":\"https:\/\/libreriapiemontese.com\/wp-content\/uploads\/2023\/12\/IMG_20221124_160924.jpg\",\"datePublished\":\"2023-12-13T12:09:57+00:00\",\"dateModified\":\"2025-03-18T15:25:25+00:00\",\"description\":\"Nella tradizione dell'esercito del vecchio\u00a0Piemonte\u00a0un ruolo non secondario \u00e8 ricoperto dalla figura leggendaria di un eroe solitario: il \\\"Baron Litron\\\".\",\"breadcrumb\":{\"@id\":\"https:\/\/libreriapiemontese.com\/?product=baron-litron-e-gli-altri#breadcrumb\"},\"inLanguage\":\"it-IT\",\"potentialAction\":[{\"@type\":\"ReadAction\",\"target\":[\"https:\/\/libreriapiemontese.com\/?product=baron-litron-e-gli-altri\"]}]},{\"@type\":\"ImageObject\",\"inLanguage\":\"it-IT\",\"@id\":\"https:\/\/libreriapiemontese.com\/?product=baron-litron-e-gli-altri#primaryimage\",\"url\":\"https:\/\/libreriapiemontese.com\/wp-content\/uploads\/2023\/12\/IMG_20221124_160924.jpg\",\"contentUrl\":\"https:\/\/libreriapiemontese.com\/wp-content\/uploads\/2023\/12\/IMG_20221124_160924.jpg\",\"width\":1527,\"height\":2352},{\"@type\":\"BreadcrumbList\",\"@id\":\"https:\/\/libreriapiemontese.com\/?product=baron-litron-e-gli-altri#breadcrumb\",\"itemListElement\":[{\"@type\":\"ListItem\",\"position\":1,\"name\":\"Home\",\"item\":\"https:\/\/libreriapiemontese.com\/\"},{\"@type\":\"ListItem\",\"position\":2,\"name\":\"Shop\",\"item\":\"https:\/\/libreriapiemontese.com\/?page_id=6\"},{\"@type\":\"ListItem\",\"position\":3,\"name\":\"&#8220;Baron Litron&#8221; e gli altri\"}]},{\"@type\":\"WebSite\",\"@id\":\"https:\/\/libreriapiemontese.com\/#website\",\"url\":\"https:\/\/libreriapiemontese.com\/\",\"name\":\"Libreria Piemontese\",\"description\":\"\",\"potentialAction\":[{\"@type\":\"SearchAction\",\"target\":{\"@type\":\"EntryPoint\",\"urlTemplate\":\"https:\/\/libreriapiemontese.com\/?s={search_term_string}\"},\"query-input\":{\"@type\":\"PropertyValueSpecification\",\"valueRequired\":true,\"valueName\":\"search_term_string\"}}],\"inLanguage\":\"it-IT\"}]}<\/script>\n<!-- \/ Yoast SEO plugin. -->","yoast_head_json":{"title":"\"Baron Litron\" e gli altri - Libreria Piemontese","description":"Nella tradizione dell'esercito del vecchio\u00a0Piemonte\u00a0un ruolo non secondario \u00e8 ricoperto dalla figura leggendaria di un eroe solitario: il \"Baron Litron\".","robots":{"index":"index","follow":"follow","max-snippet":"max-snippet:-1","max-image-preview":"max-image-preview:large","max-video-preview":"max-video-preview:-1"},"canonical":"https:\/\/libreriapiemontese.com\/?product=baron-litron-e-gli-altri","og_locale":"it_IT","og_type":"article","og_title":"\"Baron Litron\" e gli altri - Libreria Piemontese","og_description":"Nella tradizione dell'esercito del vecchio\u00a0Piemonte\u00a0un ruolo non secondario \u00e8 ricoperto dalla figura leggendaria di un eroe solitario: il \"Baron Litron\".","og_url":"https:\/\/libreriapiemontese.com\/?product=baron-litron-e-gli-altri","og_site_name":"Libreria Piemontese","article_modified_time":"2025-03-18T15:25:25+00:00","og_image":[{"width":1527,"height":2352,"url":"https:\/\/libreriapiemontese.com\/wp-content\/uploads\/2023\/12\/IMG_20221124_160924.jpg","type":"image\/jpeg"}],"twitter_card":"summary_large_image","twitter_misc":{"Tempo di lettura stimato":"1 minuto"},"schema":{"@context":"https:\/\/schema.org","@graph":[{"@type":"WebPage","@id":"https:\/\/libreriapiemontese.com\/?product=baron-litron-e-gli-altri","url":"https:\/\/libreriapiemontese.com\/?product=baron-litron-e-gli-altri","name":"\"Baron Litron\" e gli altri - Libreria Piemontese","isPartOf":{"@id":"https:\/\/libreriapiemontese.com\/#website"},"primaryImageOfPage":{"@id":"https:\/\/libreriapiemontese.com\/?product=baron-litron-e-gli-altri#primaryimage"},"image":{"@id":"https:\/\/libreriapiemontese.com\/?product=baron-litron-e-gli-altri#primaryimage"},"thumbnailUrl":"https:\/\/libreriapiemontese.com\/wp-content\/uploads\/2023\/12\/IMG_20221124_160924.jpg","datePublished":"2023-12-13T12:09:57+00:00","dateModified":"2025-03-18T15:25:25+00:00","description":"Nella tradizione dell'esercito del vecchio\u00a0Piemonte\u00a0un ruolo non secondario \u00e8 ricoperto dalla figura leggendaria di un eroe solitario: il \"Baron Litron\".","breadcrumb":{"@id":"https:\/\/libreriapiemontese.com\/?product=baron-litron-e-gli-altri#breadcrumb"},"inLanguage":"it-IT","potentialAction":[{"@type":"ReadAction","target":["https:\/\/libreriapiemontese.com\/?product=baron-litron-e-gli-altri"]}]},{"@type":"ImageObject","inLanguage":"it-IT","@id":"https:\/\/libreriapiemontese.com\/?product=baron-litron-e-gli-altri#primaryimage","url":"https:\/\/libreriapiemontese.com\/wp-content\/uploads\/2023\/12\/IMG_20221124_160924.jpg","contentUrl":"https:\/\/libreriapiemontese.com\/wp-content\/uploads\/2023\/12\/IMG_20221124_160924.jpg","width":1527,"height":2352},{"@type":"BreadcrumbList","@id":"https:\/\/libreriapiemontese.com\/?product=baron-litron-e-gli-altri#breadcrumb","itemListElement":[{"@type":"ListItem","position":1,"name":"Home","item":"https:\/\/libreriapiemontese.com\/"},{"@type":"ListItem","position":2,"name":"Shop","item":"https:\/\/libreriapiemontese.com\/?page_id=6"},{"@type":"ListItem","position":3,"name":"&#8220;Baron Litron&#8221; e gli altri"}]},{"@type":"WebSite","@id":"https:\/\/libreriapiemontese.com\/#website","url":"https:\/\/libreriapiemontese.com\/","name":"Libreria Piemontese","description":"","potentialAction":[{"@type":"SearchAction","target":{"@type":"EntryPoint","urlTemplate":"https:\/\/libreriapiemontese.com\/?s={search_term_string}"},"query-input":{"@type":"PropertyValueSpecification","valueRequired":true,"valueName":"search_term_string"}}],"inLanguage":"it-IT"}]}},"_links":{"self":[{"href":"https:\/\/libreriapiemontese.com\/index.php?rest_route=\/wp\/v2\/product\/369","targetHints":{"allow":["GET"]}}],"collection":[{"href":"https:\/\/libreriapiemontese.com\/index.php?rest_route=\/wp\/v2\/product"}],"about":[{"href":"https:\/\/libreriapiemontese.com\/index.php?rest_route=\/wp\/v2\/types\/product"}],"replies":[{"embeddable":true,"href":"https:\/\/libreriapiemontese.com\/index.php?rest_route=%2Fwp%2Fv2%2Fcomments&post=369"}],"wp:featuredmedia":[{"embeddable":true,"href":"https:\/\/libreriapiemontese.com\/index.php?rest_route=\/wp\/v2\/media\/370"}],"wp:attachment":[{"href":"https:\/\/libreriapiemontese.com\/index.php?rest_route=%2Fwp%2Fv2%2Fmedia&parent=369"}],"wp:term":[{"taxonomy":"autore","embeddable":true,"href":"https:\/\/libreriapiemontese.com\/index.php?rest_route=%2Fwp%2Fv2%2Fautore&post=369"},{"taxonomy":"casa-editirice","embeddable":true,"href":"https:\/\/libreriapiemontese.com\/index.php?rest_route=%2Fwp%2Fv2%2Fcasa-editirice&post=369"},{"taxonomy":"product_brand","embeddable":true,"href":"https:\/\/libreriapiemontese.com\/index.php?rest_route=%2Fwp%2Fv2%2Fproduct_brand&post=369"},{"taxonomy":"product_cat","embeddable":true,"href":"https:\/\/libreriapiemontese.com\/index.php?rest_route=%2Fwp%2Fv2%2Fproduct_cat&post=369"},{"taxonomy":"product_tag","embeddable":true,"href":"https:\/\/libreriapiemontese.com\/index.php?rest_route=%2Fwp%2Fv2%2Fproduct_tag&post=369"}],"curies":[{"name":"wp","href":"https:\/\/api.w.org\/{rel}","templated":true}]}}