{"id":388,"date":"2023-12-13T12:28:31","date_gmt":"2023-12-13T12:28:31","guid":{"rendered":"https:\/\/spash.libreriapiemontese.com\/?post_type=product&#038;p=388"},"modified":"2025-03-18T15:46:48","modified_gmt":"2025-03-18T15:46:48","slug":"fomne-dana","status":"publish","type":"product","link":"https:\/\/libreriapiemontese.com\/?product=fomne-dana","title":{"rendered":"Fomne Dan\u00e0"},"content":{"rendered":"<p>Questo libro mi \u00e8 stato suggerito da un curioso processo mentale, da una sorta di equazione che sommava da un lato i due libri di Cinzia Tani,\u00a0<em>Assassine<\/em>\u00a0e\u00a0<em>Coppie assassine<\/em>\u00a0e dall&#8217;altro i volumi di Antonio Spinosa,\u00a0<em>Italiane<\/em>\u00a0e di Donatella Taverna,\u00a0<em>L&#8217;albero del cielo<\/em>.\u00a0<em>Profili di donne piemontesi<\/em>, il tutto all&#8217;insegna di\u00a0<em>Nero per signora<\/em>, una raccolta di racconti di Carolina Invernizio.<br \/>\nIn altre parole, a fronte di una significativa bibliografia sulle donne positive del Risorgimento non esistevano storie di donne criminali piemontesi anteriori alla seconda met\u00e0 degli anni &#8217;70 dell&#8217;Ottocento: Cesare Lombroso giunge infatti nella nostra citt\u00e0 nel 1876, come professore ordinario di medicina legale presso l&#8217; Universit\u00e0 di Torino e, anche sulla base di esperienze maturate in quel periodo, metter\u00e0 nero su bianco i suoi studi sulla\u00a0<em>Donna delinquente<\/em>, apparsi nel 1893.<\/p>\n","protected":false},"excerpt":{"rendered":"<p>Questo libro mi \u00e8 stato suggerito da un curioso processo mentale, da una sorta di equazione che sommava da un lato i due libri di Cinzia Tani,\u00a0<em>Assassine<\/em>\u00a0e\u00a0<em>Coppie assassine<\/em>\u00a0e dall&#8217;altro i volumi di Antonio Spinosa,\u00a0<em>Italiane<\/em>\u00a0e di Donatella Taverna,\u00a0<em>L&#8217;albero del cielo<\/em>.\u00a0<em>Profili di donne piemontesi<\/em>, il tutto all&#8217;insegna di\u00a0<em>Nero per signora<\/em>, una raccolta di racconti di Carolina Invernizio.<\/p>\n","protected":false},"featured_media":389,"comment_status":"open","ping_status":"closed","template":"","meta":{"_acf_changed":false,"_et_pb_use_builder":"","_et_pb_old_content":"","_et_gb_content_width":""},"autore":[312],"casa-editirice":[23],"product_brand":[],"product_cat":[19,40],"product_tag":[380,311],"class_list":{"0":"post-388","1":"product","2":"type-product","3":"status-publish","4":"has-post-thumbnail","6":"autore-milo-julini","7":"casa-editirice-libreria-piemontese-editrice","8":"product_cat-crimini-e-misfatti-nel-piemonte-dell800","9":"product_cat-romanzo","10":"product_tag-fomne-dana","11":"product_tag-milo-julini","13":"first","14":"instock","15":"shipping-taxable","16":"purchasable","17":"product-type-simple"},"acf":[],"yoast_head":"<!-- This site is optimized with the Yoast SEO plugin v24.7 - https:\/\/yoast.com\/wordpress\/plugins\/seo\/ -->\n<title>Fomne Dan\u00e0 - Libreria Piemontese<\/title>\n<meta name=\"description\" content=\"Delitti al femminile in Piemonte 1848-1868\" \/>\n<meta name=\"robots\" content=\"index, follow, max-snippet:-1, max-image-preview:large, max-video-preview:-1\" \/>\n<link rel=\"canonical\" href=\"https:\/\/libreriapiemontese.com\/?product=fomne-dana\" \/>\n<meta property=\"og:locale\" content=\"it_IT\" \/>\n<meta property=\"og:type\" content=\"article\" \/>\n<meta property=\"og:title\" content=\"Fomne Dan\u00e0 - Libreria Piemontese\" \/>\n<meta property=\"og:description\" content=\"Delitti al femminile in Piemonte 1848-1868\" \/>\n<meta property=\"og:url\" content=\"https:\/\/libreriapiemontese.com\/?product=fomne-dana\" \/>\n<meta property=\"og:site_name\" content=\"Libreria Piemontese\" \/>\n<meta property=\"article:modified_time\" content=\"2025-03-18T15:46:48+00:00\" \/>\n<meta property=\"og:image\" content=\"https:\/\/libreriapiemontese.com\/wp-content\/uploads\/2023\/12\/IMG_20221124_160706.jpg\" \/>\n\t<meta property=\"og:image:width\" content=\"1521\" \/>\n\t<meta property=\"og:image:height\" content=\"2451\" \/>\n\t<meta property=\"og:image:type\" content=\"image\/jpeg\" \/>\n<meta name=\"twitter:card\" content=\"summary_large_image\" \/>\n<meta name=\"twitter:label1\" content=\"Tempo di lettura stimato\" \/>\n\t<meta name=\"twitter:data1\" content=\"1 minuto\" \/>\n<script type=\"application\/ld+json\" class=\"yoast-schema-graph\">{\"@context\":\"https:\/\/schema.org\",\"@graph\":[{\"@type\":\"WebPage\",\"@id\":\"https:\/\/libreriapiemontese.com\/?product=fomne-dana\",\"url\":\"https:\/\/libreriapiemontese.com\/?product=fomne-dana\",\"name\":\"Fomne Dan\u00e0 - Libreria Piemontese\",\"isPartOf\":{\"@id\":\"https:\/\/libreriapiemontese.com\/#website\"},\"primaryImageOfPage\":{\"@id\":\"https:\/\/libreriapiemontese.com\/?product=fomne-dana#primaryimage\"},\"image\":{\"@id\":\"https:\/\/libreriapiemontese.com\/?product=fomne-dana#primaryimage\"},\"thumbnailUrl\":\"https:\/\/libreriapiemontese.com\/wp-content\/uploads\/2023\/12\/IMG_20221124_160706.jpg\",\"datePublished\":\"2023-12-13T12:28:31+00:00\",\"dateModified\":\"2025-03-18T15:46:48+00:00\",\"description\":\"Delitti al femminile in Piemonte 1848-1868\",\"breadcrumb\":{\"@id\":\"https:\/\/libreriapiemontese.com\/?product=fomne-dana#breadcrumb\"},\"inLanguage\":\"it-IT\",\"potentialAction\":[{\"@type\":\"ReadAction\",\"target\":[\"https:\/\/libreriapiemontese.com\/?product=fomne-dana\"]}]},{\"@type\":\"ImageObject\",\"inLanguage\":\"it-IT\",\"@id\":\"https:\/\/libreriapiemontese.com\/?product=fomne-dana#primaryimage\",\"url\":\"https:\/\/libreriapiemontese.com\/wp-content\/uploads\/2023\/12\/IMG_20221124_160706.jpg\",\"contentUrl\":\"https:\/\/libreriapiemontese.com\/wp-content\/uploads\/2023\/12\/IMG_20221124_160706.jpg\",\"width\":1521,\"height\":2451},{\"@type\":\"BreadcrumbList\",\"@id\":\"https:\/\/libreriapiemontese.com\/?product=fomne-dana#breadcrumb\",\"itemListElement\":[{\"@type\":\"ListItem\",\"position\":1,\"name\":\"Home\",\"item\":\"https:\/\/libreriapiemontese.com\/\"},{\"@type\":\"ListItem\",\"position\":2,\"name\":\"Shop\",\"item\":\"https:\/\/libreriapiemontese.com\/?page_id=6\"},{\"@type\":\"ListItem\",\"position\":3,\"name\":\"Fomne Dan\u00e0\"}]},{\"@type\":\"WebSite\",\"@id\":\"https:\/\/libreriapiemontese.com\/#website\",\"url\":\"https:\/\/libreriapiemontese.com\/\",\"name\":\"Libreria Piemontese\",\"description\":\"\",\"potentialAction\":[{\"@type\":\"SearchAction\",\"target\":{\"@type\":\"EntryPoint\",\"urlTemplate\":\"https:\/\/libreriapiemontese.com\/?s={search_term_string}\"},\"query-input\":{\"@type\":\"PropertyValueSpecification\",\"valueRequired\":true,\"valueName\":\"search_term_string\"}}],\"inLanguage\":\"it-IT\"}]}<\/script>\n<!-- \/ Yoast SEO plugin. -->","yoast_head_json":{"title":"Fomne Dan\u00e0 - Libreria Piemontese","description":"Delitti al femminile in Piemonte 1848-1868","robots":{"index":"index","follow":"follow","max-snippet":"max-snippet:-1","max-image-preview":"max-image-preview:large","max-video-preview":"max-video-preview:-1"},"canonical":"https:\/\/libreriapiemontese.com\/?product=fomne-dana","og_locale":"it_IT","og_type":"article","og_title":"Fomne Dan\u00e0 - Libreria Piemontese","og_description":"Delitti al femminile in Piemonte 1848-1868","og_url":"https:\/\/libreriapiemontese.com\/?product=fomne-dana","og_site_name":"Libreria Piemontese","article_modified_time":"2025-03-18T15:46:48+00:00","og_image":[{"width":1521,"height":2451,"url":"https:\/\/libreriapiemontese.com\/wp-content\/uploads\/2023\/12\/IMG_20221124_160706.jpg","type":"image\/jpeg"}],"twitter_card":"summary_large_image","twitter_misc":{"Tempo di lettura stimato":"1 minuto"},"schema":{"@context":"https:\/\/schema.org","@graph":[{"@type":"WebPage","@id":"https:\/\/libreriapiemontese.com\/?product=fomne-dana","url":"https:\/\/libreriapiemontese.com\/?product=fomne-dana","name":"Fomne Dan\u00e0 - Libreria Piemontese","isPartOf":{"@id":"https:\/\/libreriapiemontese.com\/#website"},"primaryImageOfPage":{"@id":"https:\/\/libreriapiemontese.com\/?product=fomne-dana#primaryimage"},"image":{"@id":"https:\/\/libreriapiemontese.com\/?product=fomne-dana#primaryimage"},"thumbnailUrl":"https:\/\/libreriapiemontese.com\/wp-content\/uploads\/2023\/12\/IMG_20221124_160706.jpg","datePublished":"2023-12-13T12:28:31+00:00","dateModified":"2025-03-18T15:46:48+00:00","description":"Delitti al femminile in Piemonte 1848-1868","breadcrumb":{"@id":"https:\/\/libreriapiemontese.com\/?product=fomne-dana#breadcrumb"},"inLanguage":"it-IT","potentialAction":[{"@type":"ReadAction","target":["https:\/\/libreriapiemontese.com\/?product=fomne-dana"]}]},{"@type":"ImageObject","inLanguage":"it-IT","@id":"https:\/\/libreriapiemontese.com\/?product=fomne-dana#primaryimage","url":"https:\/\/libreriapiemontese.com\/wp-content\/uploads\/2023\/12\/IMG_20221124_160706.jpg","contentUrl":"https:\/\/libreriapiemontese.com\/wp-content\/uploads\/2023\/12\/IMG_20221124_160706.jpg","width":1521,"height":2451},{"@type":"BreadcrumbList","@id":"https:\/\/libreriapiemontese.com\/?product=fomne-dana#breadcrumb","itemListElement":[{"@type":"ListItem","position":1,"name":"Home","item":"https:\/\/libreriapiemontese.com\/"},{"@type":"ListItem","position":2,"name":"Shop","item":"https:\/\/libreriapiemontese.com\/?page_id=6"},{"@type":"ListItem","position":3,"name":"Fomne Dan\u00e0"}]},{"@type":"WebSite","@id":"https:\/\/libreriapiemontese.com\/#website","url":"https:\/\/libreriapiemontese.com\/","name":"Libreria Piemontese","description":"","potentialAction":[{"@type":"SearchAction","target":{"@type":"EntryPoint","urlTemplate":"https:\/\/libreriapiemontese.com\/?s={search_term_string}"},"query-input":{"@type":"PropertyValueSpecification","valueRequired":true,"valueName":"search_term_string"}}],"inLanguage":"it-IT"}]}},"_links":{"self":[{"href":"https:\/\/libreriapiemontese.com\/index.php?rest_route=\/wp\/v2\/product\/388","targetHints":{"allow":["GET"]}}],"collection":[{"href":"https:\/\/libreriapiemontese.com\/index.php?rest_route=\/wp\/v2\/product"}],"about":[{"href":"https:\/\/libreriapiemontese.com\/index.php?rest_route=\/wp\/v2\/types\/product"}],"replies":[{"embeddable":true,"href":"https:\/\/libreriapiemontese.com\/index.php?rest_route=%2Fwp%2Fv2%2Fcomments&post=388"}],"wp:featuredmedia":[{"embeddable":true,"href":"https:\/\/libreriapiemontese.com\/index.php?rest_route=\/wp\/v2\/media\/389"}],"wp:attachment":[{"href":"https:\/\/libreriapiemontese.com\/index.php?rest_route=%2Fwp%2Fv2%2Fmedia&parent=388"}],"wp:term":[{"taxonomy":"autore","embeddable":true,"href":"https:\/\/libreriapiemontese.com\/index.php?rest_route=%2Fwp%2Fv2%2Fautore&post=388"},{"taxonomy":"casa-editirice","embeddable":true,"href":"https:\/\/libreriapiemontese.com\/index.php?rest_route=%2Fwp%2Fv2%2Fcasa-editirice&post=388"},{"taxonomy":"product_brand","embeddable":true,"href":"https:\/\/libreriapiemontese.com\/index.php?rest_route=%2Fwp%2Fv2%2Fproduct_brand&post=388"},{"taxonomy":"product_cat","embeddable":true,"href":"https:\/\/libreriapiemontese.com\/index.php?rest_route=%2Fwp%2Fv2%2Fproduct_cat&post=388"},{"taxonomy":"product_tag","embeddable":true,"href":"https:\/\/libreriapiemontese.com\/index.php?rest_route=%2Fwp%2Fv2%2Fproduct_tag&post=388"}],"curies":[{"name":"wp","href":"https:\/\/api.w.org\/{rel}","templated":true}]}}