{"id":402,"date":"2023-12-14T10:16:42","date_gmt":"2023-12-14T10:16:42","guid":{"rendered":"https:\/\/spash.libreriapiemontese.com\/?post_type=product&#038;p=402"},"modified":"2025-03-26T13:25:00","modified_gmt":"2025-03-26T13:25:00","slug":"le-noste-canson-da-ambrogio-e-lieta-a-la-corenta","status":"publish","type":"product","link":"https:\/\/libreriapiemontese.com\/?product=le-noste-canson-da-ambrogio-e-lieta-a-la-corenta","title":{"rendered":"LE N\u00d2STE CANSON da Ambrogio e lieta a la corenta"},"content":{"rendered":"<p><strong>Lista delle canzoni:<\/strong><br \/>\n1) Ambrogio e Lieta<br \/>\n2) \u00cbl pr\u00e8vie an-namor\u00e0<br \/>\n3) Amor fedel<br \/>\n4) La bela Pin\u00f2ta<br \/>\n5) Le tre colombe<br \/>\n6) Fra Pataloch<br \/>\n7) D\u00f2na Lombarda<br \/>\n8) Z\u00f2lincheur<br \/>\n9) La monigheta<br \/>\n10) A Carignan<br \/>\n11) La marcia d\u00ebl Prinsi Tom\u00e0<br \/>\n12) La B\u00ebrgera e &#8216;l luv<br \/>\n13) Pelegrin \u00ebd San Giaco<br \/>\n14) La lita\u00eca<br \/>\n15) La noia carin-a<br \/>\n16) La vejassa<br \/>\n17) Mama mia, vor\u00eca vor\u00eca<br \/>\n18) La corenta<\/p>\n","protected":false},"excerpt":{"rendered":"<p>LE N\u00d2STE CANSON da Ambrogio e lieta a la corenta.<\/p>\n","protected":false},"featured_media":403,"comment_status":"open","ping_status":"closed","template":"","meta":{"_acf_changed":false,"_et_pb_use_builder":"","_et_pb_old_content":"","_et_gb_content_width":""},"autore":[386],"casa-editirice":[],"product_brand":[],"product_cat":[41],"product_tag":[390,42],"class_list":{"0":"post-402","1":"product","2":"type-product","3":"status-publish","4":"has-post-thumbnail","6":"autore-roberto-balocco","7":"product_cat-cd","8":"product_tag-le-noste-canson-da-ambrogio-e-lieta-a-la-corenta","9":"product_tag-roberto-balocco","11":"first","12":"instock","13":"shipping-taxable","14":"purchasable","15":"product-type-simple"},"acf":[],"yoast_head":"<!-- This site is optimized with the Yoast SEO plugin v24.7 - https:\/\/yoast.com\/wordpress\/plugins\/seo\/ -->\n<title>LE N\u00d2STE CANSON da Ambrogio e lieta a la corenta - Libreria Piemontese<\/title>\n<meta name=\"description\" content=\"LE N\u00d2STE CANSON da Ambrogio e lieta a la corenta.\" \/>\n<meta name=\"robots\" content=\"index, follow, max-snippet:-1, max-image-preview:large, max-video-preview:-1\" \/>\n<link rel=\"canonical\" href=\"https:\/\/libreriapiemontese.com\/?product=le-noste-canson-da-ambrogio-e-lieta-a-la-corenta\" \/>\n<meta property=\"og:locale\" content=\"it_IT\" \/>\n<meta property=\"og:type\" content=\"article\" \/>\n<meta property=\"og:title\" content=\"LE N\u00d2STE CANSON da Ambrogio e lieta a la corenta - Libreria Piemontese\" \/>\n<meta property=\"og:description\" content=\"LE N\u00d2STE CANSON da Ambrogio e lieta a la corenta.\" \/>\n<meta property=\"og:url\" content=\"https:\/\/libreriapiemontese.com\/?product=le-noste-canson-da-ambrogio-e-lieta-a-la-corenta\" \/>\n<meta property=\"og:site_name\" content=\"Libreria Piemontese\" \/>\n<meta property=\"article:modified_time\" content=\"2025-03-26T13:25:00+00:00\" \/>\n<meta property=\"og:image\" content=\"https:\/\/libreriapiemontese.com\/wp-content\/uploads\/2023\/12\/IMG_20221129_174341.jpg\" \/>\n\t<meta property=\"og:image:width\" content=\"1461\" \/>\n\t<meta property=\"og:image:height\" content=\"1280\" \/>\n\t<meta property=\"og:image:type\" content=\"image\/jpeg\" \/>\n<meta name=\"twitter:card\" content=\"summary_large_image\" \/>\n<meta name=\"twitter:label1\" content=\"Tempo di lettura stimato\" \/>\n\t<meta name=\"twitter:data1\" content=\"1 minuto\" \/>\n<script type=\"application\/ld+json\" class=\"yoast-schema-graph\">{\"@context\":\"https:\/\/schema.org\",\"@graph\":[{\"@type\":\"WebPage\",\"@id\":\"https:\/\/libreriapiemontese.com\/?product=le-noste-canson-da-ambrogio-e-lieta-a-la-corenta\",\"url\":\"https:\/\/libreriapiemontese.com\/?product=le-noste-canson-da-ambrogio-e-lieta-a-la-corenta\",\"name\":\"LE N\u00d2STE CANSON da Ambrogio e lieta a la corenta - Libreria Piemontese\",\"isPartOf\":{\"@id\":\"https:\/\/libreriapiemontese.com\/#website\"},\"primaryImageOfPage\":{\"@id\":\"https:\/\/libreriapiemontese.com\/?product=le-noste-canson-da-ambrogio-e-lieta-a-la-corenta#primaryimage\"},\"image\":{\"@id\":\"https:\/\/libreriapiemontese.com\/?product=le-noste-canson-da-ambrogio-e-lieta-a-la-corenta#primaryimage\"},\"thumbnailUrl\":\"https:\/\/libreriapiemontese.com\/wp-content\/uploads\/2023\/12\/IMG_20221129_174341.jpg\",\"datePublished\":\"2023-12-14T10:16:42+00:00\",\"dateModified\":\"2025-03-26T13:25:00+00:00\",\"description\":\"LE N\u00d2STE CANSON da Ambrogio e lieta a la corenta.\",\"breadcrumb\":{\"@id\":\"https:\/\/libreriapiemontese.com\/?product=le-noste-canson-da-ambrogio-e-lieta-a-la-corenta#breadcrumb\"},\"inLanguage\":\"it-IT\",\"potentialAction\":[{\"@type\":\"ReadAction\",\"target\":[\"https:\/\/libreriapiemontese.com\/?product=le-noste-canson-da-ambrogio-e-lieta-a-la-corenta\"]}]},{\"@type\":\"ImageObject\",\"inLanguage\":\"it-IT\",\"@id\":\"https:\/\/libreriapiemontese.com\/?product=le-noste-canson-da-ambrogio-e-lieta-a-la-corenta#primaryimage\",\"url\":\"https:\/\/libreriapiemontese.com\/wp-content\/uploads\/2023\/12\/IMG_20221129_174341.jpg\",\"contentUrl\":\"https:\/\/libreriapiemontese.com\/wp-content\/uploads\/2023\/12\/IMG_20221129_174341.jpg\",\"width\":1461,\"height\":1280},{\"@type\":\"BreadcrumbList\",\"@id\":\"https:\/\/libreriapiemontese.com\/?product=le-noste-canson-da-ambrogio-e-lieta-a-la-corenta#breadcrumb\",\"itemListElement\":[{\"@type\":\"ListItem\",\"position\":1,\"name\":\"Home\",\"item\":\"https:\/\/libreriapiemontese.com\/\"},{\"@type\":\"ListItem\",\"position\":2,\"name\":\"Shop\",\"item\":\"https:\/\/libreriapiemontese.com\/?page_id=6\"},{\"@type\":\"ListItem\",\"position\":3,\"name\":\"LE N\u00d2STE CANSON da Ambrogio e lieta a la corenta\"}]},{\"@type\":\"WebSite\",\"@id\":\"https:\/\/libreriapiemontese.com\/#website\",\"url\":\"https:\/\/libreriapiemontese.com\/\",\"name\":\"Libreria Piemontese\",\"description\":\"\",\"potentialAction\":[{\"@type\":\"SearchAction\",\"target\":{\"@type\":\"EntryPoint\",\"urlTemplate\":\"https:\/\/libreriapiemontese.com\/?s={search_term_string}\"},\"query-input\":{\"@type\":\"PropertyValueSpecification\",\"valueRequired\":true,\"valueName\":\"search_term_string\"}}],\"inLanguage\":\"it-IT\"}]}<\/script>\n<!-- \/ Yoast SEO plugin. -->","yoast_head_json":{"title":"LE N\u00d2STE CANSON da Ambrogio e lieta a la corenta - Libreria Piemontese","description":"LE N\u00d2STE CANSON da Ambrogio e lieta a la corenta.","robots":{"index":"index","follow":"follow","max-snippet":"max-snippet:-1","max-image-preview":"max-image-preview:large","max-video-preview":"max-video-preview:-1"},"canonical":"https:\/\/libreriapiemontese.com\/?product=le-noste-canson-da-ambrogio-e-lieta-a-la-corenta","og_locale":"it_IT","og_type":"article","og_title":"LE N\u00d2STE CANSON da Ambrogio e lieta a la corenta - Libreria Piemontese","og_description":"LE N\u00d2STE CANSON da Ambrogio e lieta a la corenta.","og_url":"https:\/\/libreriapiemontese.com\/?product=le-noste-canson-da-ambrogio-e-lieta-a-la-corenta","og_site_name":"Libreria Piemontese","article_modified_time":"2025-03-26T13:25:00+00:00","og_image":[{"width":1461,"height":1280,"url":"https:\/\/libreriapiemontese.com\/wp-content\/uploads\/2023\/12\/IMG_20221129_174341.jpg","type":"image\/jpeg"}],"twitter_card":"summary_large_image","twitter_misc":{"Tempo di lettura stimato":"1 minuto"},"schema":{"@context":"https:\/\/schema.org","@graph":[{"@type":"WebPage","@id":"https:\/\/libreriapiemontese.com\/?product=le-noste-canson-da-ambrogio-e-lieta-a-la-corenta","url":"https:\/\/libreriapiemontese.com\/?product=le-noste-canson-da-ambrogio-e-lieta-a-la-corenta","name":"LE N\u00d2STE CANSON da Ambrogio e lieta a la corenta - Libreria Piemontese","isPartOf":{"@id":"https:\/\/libreriapiemontese.com\/#website"},"primaryImageOfPage":{"@id":"https:\/\/libreriapiemontese.com\/?product=le-noste-canson-da-ambrogio-e-lieta-a-la-corenta#primaryimage"},"image":{"@id":"https:\/\/libreriapiemontese.com\/?product=le-noste-canson-da-ambrogio-e-lieta-a-la-corenta#primaryimage"},"thumbnailUrl":"https:\/\/libreriapiemontese.com\/wp-content\/uploads\/2023\/12\/IMG_20221129_174341.jpg","datePublished":"2023-12-14T10:16:42+00:00","dateModified":"2025-03-26T13:25:00+00:00","description":"LE N\u00d2STE CANSON da Ambrogio e lieta a la corenta.","breadcrumb":{"@id":"https:\/\/libreriapiemontese.com\/?product=le-noste-canson-da-ambrogio-e-lieta-a-la-corenta#breadcrumb"},"inLanguage":"it-IT","potentialAction":[{"@type":"ReadAction","target":["https:\/\/libreriapiemontese.com\/?product=le-noste-canson-da-ambrogio-e-lieta-a-la-corenta"]}]},{"@type":"ImageObject","inLanguage":"it-IT","@id":"https:\/\/libreriapiemontese.com\/?product=le-noste-canson-da-ambrogio-e-lieta-a-la-corenta#primaryimage","url":"https:\/\/libreriapiemontese.com\/wp-content\/uploads\/2023\/12\/IMG_20221129_174341.jpg","contentUrl":"https:\/\/libreriapiemontese.com\/wp-content\/uploads\/2023\/12\/IMG_20221129_174341.jpg","width":1461,"height":1280},{"@type":"BreadcrumbList","@id":"https:\/\/libreriapiemontese.com\/?product=le-noste-canson-da-ambrogio-e-lieta-a-la-corenta#breadcrumb","itemListElement":[{"@type":"ListItem","position":1,"name":"Home","item":"https:\/\/libreriapiemontese.com\/"},{"@type":"ListItem","position":2,"name":"Shop","item":"https:\/\/libreriapiemontese.com\/?page_id=6"},{"@type":"ListItem","position":3,"name":"LE N\u00d2STE CANSON da Ambrogio e lieta a la corenta"}]},{"@type":"WebSite","@id":"https:\/\/libreriapiemontese.com\/#website","url":"https:\/\/libreriapiemontese.com\/","name":"Libreria Piemontese","description":"","potentialAction":[{"@type":"SearchAction","target":{"@type":"EntryPoint","urlTemplate":"https:\/\/libreriapiemontese.com\/?s={search_term_string}"},"query-input":{"@type":"PropertyValueSpecification","valueRequired":true,"valueName":"search_term_string"}}],"inLanguage":"it-IT"}]}},"_links":{"self":[{"href":"https:\/\/libreriapiemontese.com\/index.php?rest_route=\/wp\/v2\/product\/402","targetHints":{"allow":["GET"]}}],"collection":[{"href":"https:\/\/libreriapiemontese.com\/index.php?rest_route=\/wp\/v2\/product"}],"about":[{"href":"https:\/\/libreriapiemontese.com\/index.php?rest_route=\/wp\/v2\/types\/product"}],"replies":[{"embeddable":true,"href":"https:\/\/libreriapiemontese.com\/index.php?rest_route=%2Fwp%2Fv2%2Fcomments&post=402"}],"wp:featuredmedia":[{"embeddable":true,"href":"https:\/\/libreriapiemontese.com\/index.php?rest_route=\/wp\/v2\/media\/403"}],"wp:attachment":[{"href":"https:\/\/libreriapiemontese.com\/index.php?rest_route=%2Fwp%2Fv2%2Fmedia&parent=402"}],"wp:term":[{"taxonomy":"autore","embeddable":true,"href":"https:\/\/libreriapiemontese.com\/index.php?rest_route=%2Fwp%2Fv2%2Fautore&post=402"},{"taxonomy":"casa-editirice","embeddable":true,"href":"https:\/\/libreriapiemontese.com\/index.php?rest_route=%2Fwp%2Fv2%2Fcasa-editirice&post=402"},{"taxonomy":"product_brand","embeddable":true,"href":"https:\/\/libreriapiemontese.com\/index.php?rest_route=%2Fwp%2Fv2%2Fproduct_brand&post=402"},{"taxonomy":"product_cat","embeddable":true,"href":"https:\/\/libreriapiemontese.com\/index.php?rest_route=%2Fwp%2Fv2%2Fproduct_cat&post=402"},{"taxonomy":"product_tag","embeddable":true,"href":"https:\/\/libreriapiemontese.com\/index.php?rest_route=%2Fwp%2Fv2%2Fproduct_tag&post=402"}],"curies":[{"name":"wp","href":"https:\/\/api.w.org\/{rel}","templated":true}]}}