{"id":642,"date":"2025-02-24T10:58:24","date_gmt":"2025-02-24T10:58:24","guid":{"rendered":"https:\/\/libreriapiemontese.com\/?post_type=product&#038;p=642"},"modified":"2025-02-24T12:17:35","modified_gmt":"2025-02-24T12:17:35","slug":"storie-bizzarre-di-un-dottore-in-vacche","status":"publish","type":"product","link":"https:\/\/libreriapiemontese.com\/?product=storie-bizzarre-di-un-dottore-in-vacche","title":{"rendered":"Storie bizzarre di un Dottore in vacche."},"content":{"rendered":"<p>Storie bizzarre, tenere e spassose di un veterinario che ha tessuto un feeling tenace con gli animali, grandi e piccoli, che ha avuto la fortuna di incontrare nel suo cammino.<br \/>\nUna professione scelta e scaturita da un&#8217;esperienza vissuta in tenera et\u00e0, accanto a un bue rosso che a causa di una grave patologia non si era potuto salvare.<br \/>\nCani, gatti, buoi, vacche, muli: di ognuno di essi un ricordo, con molti di essi avventure divertenti, successi e insuccessi, tenerezza e stupore per creature dalla spiccata personalit\u00e0.<br \/>\nQuello degli animali e dei loro &#8220;padroni&#8221; \u00e8 un mondo variopinto, interessante, da cui imparare e prendere spunto per tratteggiare racconti dai risvolti ora teneri, ora comici.<br \/>\n&lt;&lt;Mi rendo conto che l&#8217;esser stato un dottore in vacche \u00e8 stato qualcosa di pi\u00f9 che esercitare una professione: \u00e8 stata un&#8217;impresa grandiosa, un privilegio, qualcosa che mi avrebbe fatto scoprire uomini e bestie con i loro reciproci rapporti che si svelano incredibili e molto spesso esilaranti&gt;&gt;.<\/p>\n","protected":false},"excerpt":{"rendered":"<p>Storie bizzarre, tenere e spassose di un veterinario che ha tessuto un feeling tenace con gli animali, grandi e piccoli, che ha avuto la fortuna di incontrare nel suo cammino.<br \/>\nUna professione scelta e scaturita da un&#8217;esperienza vissuta in tenera et\u00e0, accanto a un bue rosso che a causa di una grave patologia non si era potuto salvare.<\/p>\n","protected":false},"featured_media":644,"comment_status":"open","ping_status":"closed","template":"","meta":{"_acf_changed":false,"_et_pb_use_builder":"","_et_pb_old_content":"","_et_gb_content_width":""},"autore":[48],"casa-editirice":[46],"product_brand":[],"product_cat":[47],"product_tag":[],"class_list":{"0":"post-642","1":"product","2":"type-product","3":"status-publish","4":"has-post-thumbnail","6":"autore-piervittorio-stefanone","7":"casa-editirice-biblioteca-degli-scrittori-piemontesi","8":"product_cat-narrativa","10":"first","11":"instock","12":"shipping-taxable","13":"purchasable","14":"product-type-simple"},"acf":[],"yoast_head":"<!-- This site is optimized with the Yoast SEO plugin v24.7 - https:\/\/yoast.com\/wordpress\/plugins\/seo\/ -->\n<title>Storie bizzarre di un Dottore in vacche. - Libreria Piemontese<\/title>\n<meta name=\"description\" content=\"Storie bizzarre, tenere e spassose di un veterinario\" \/>\n<meta name=\"robots\" content=\"index, follow, max-snippet:-1, max-image-preview:large, max-video-preview:-1\" \/>\n<link rel=\"canonical\" href=\"https:\/\/libreriapiemontese.com\/?product=storie-bizzarre-di-un-dottore-in-vacche\" \/>\n<meta property=\"og:locale\" content=\"it_IT\" \/>\n<meta property=\"og:type\" content=\"article\" \/>\n<meta property=\"og:title\" content=\"Storie bizzarre di un Dottore in vacche. - Libreria Piemontese\" \/>\n<meta property=\"og:description\" content=\"Storie bizzarre, tenere e spassose di un veterinario\" \/>\n<meta property=\"og:url\" content=\"https:\/\/libreriapiemontese.com\/?product=storie-bizzarre-di-un-dottore-in-vacche\" \/>\n<meta property=\"og:site_name\" content=\"Libreria Piemontese\" \/>\n<meta property=\"article:modified_time\" content=\"2025-02-24T12:17:35+00:00\" \/>\n<meta property=\"og:image\" content=\"https:\/\/libreriapiemontese.com\/wp-content\/uploads\/2025\/02\/DSC_1054.jpg\" \/>\n\t<meta property=\"og:image:width\" content=\"388\" \/>\n\t<meta property=\"og:image:height\" content=\"600\" \/>\n\t<meta property=\"og:image:type\" content=\"image\/jpeg\" \/>\n<meta name=\"twitter:card\" content=\"summary_large_image\" \/>\n<meta name=\"twitter:label1\" content=\"Tempo di lettura stimato\" \/>\n\t<meta name=\"twitter:data1\" content=\"1 minuto\" \/>\n<script type=\"application\/ld+json\" class=\"yoast-schema-graph\">{\"@context\":\"https:\/\/schema.org\",\"@graph\":[{\"@type\":\"WebPage\",\"@id\":\"https:\/\/libreriapiemontese.com\/?product=storie-bizzarre-di-un-dottore-in-vacche\",\"url\":\"https:\/\/libreriapiemontese.com\/?product=storie-bizzarre-di-un-dottore-in-vacche\",\"name\":\"Storie bizzarre di un Dottore in vacche. - Libreria Piemontese\",\"isPartOf\":{\"@id\":\"https:\/\/libreriapiemontese.com\/#website\"},\"primaryImageOfPage\":{\"@id\":\"https:\/\/libreriapiemontese.com\/?product=storie-bizzarre-di-un-dottore-in-vacche#primaryimage\"},\"image\":{\"@id\":\"https:\/\/libreriapiemontese.com\/?product=storie-bizzarre-di-un-dottore-in-vacche#primaryimage\"},\"thumbnailUrl\":\"https:\/\/libreriapiemontese.com\/wp-content\/uploads\/2025\/02\/DSC_1054.jpg\",\"datePublished\":\"2025-02-24T10:58:24+00:00\",\"dateModified\":\"2025-02-24T12:17:35+00:00\",\"description\":\"Storie bizzarre, tenere e spassose di un veterinario\",\"breadcrumb\":{\"@id\":\"https:\/\/libreriapiemontese.com\/?product=storie-bizzarre-di-un-dottore-in-vacche#breadcrumb\"},\"inLanguage\":\"it-IT\",\"potentialAction\":[{\"@type\":\"ReadAction\",\"target\":[\"https:\/\/libreriapiemontese.com\/?product=storie-bizzarre-di-un-dottore-in-vacche\"]}]},{\"@type\":\"ImageObject\",\"inLanguage\":\"it-IT\",\"@id\":\"https:\/\/libreriapiemontese.com\/?product=storie-bizzarre-di-un-dottore-in-vacche#primaryimage\",\"url\":\"https:\/\/libreriapiemontese.com\/wp-content\/uploads\/2025\/02\/DSC_1054.jpg\",\"contentUrl\":\"https:\/\/libreriapiemontese.com\/wp-content\/uploads\/2025\/02\/DSC_1054.jpg\",\"width\":388,\"height\":600},{\"@type\":\"BreadcrumbList\",\"@id\":\"https:\/\/libreriapiemontese.com\/?product=storie-bizzarre-di-un-dottore-in-vacche#breadcrumb\",\"itemListElement\":[{\"@type\":\"ListItem\",\"position\":1,\"name\":\"Home\",\"item\":\"https:\/\/libreriapiemontese.com\/\"},{\"@type\":\"ListItem\",\"position\":2,\"name\":\"Shop\",\"item\":\"https:\/\/libreriapiemontese.com\/?page_id=6\"},{\"@type\":\"ListItem\",\"position\":3,\"name\":\"Storie bizzarre di un Dottore in vacche.\"}]},{\"@type\":\"WebSite\",\"@id\":\"https:\/\/libreriapiemontese.com\/#website\",\"url\":\"https:\/\/libreriapiemontese.com\/\",\"name\":\"Libreria Piemontese\",\"description\":\"\",\"potentialAction\":[{\"@type\":\"SearchAction\",\"target\":{\"@type\":\"EntryPoint\",\"urlTemplate\":\"https:\/\/libreriapiemontese.com\/?s={search_term_string}\"},\"query-input\":{\"@type\":\"PropertyValueSpecification\",\"valueRequired\":true,\"valueName\":\"search_term_string\"}}],\"inLanguage\":\"it-IT\"}]}<\/script>\n<!-- \/ Yoast SEO plugin. -->","yoast_head_json":{"title":"Storie bizzarre di un Dottore in vacche. - Libreria Piemontese","description":"Storie bizzarre, tenere e spassose di un veterinario","robots":{"index":"index","follow":"follow","max-snippet":"max-snippet:-1","max-image-preview":"max-image-preview:large","max-video-preview":"max-video-preview:-1"},"canonical":"https:\/\/libreriapiemontese.com\/?product=storie-bizzarre-di-un-dottore-in-vacche","og_locale":"it_IT","og_type":"article","og_title":"Storie bizzarre di un Dottore in vacche. - Libreria Piemontese","og_description":"Storie bizzarre, tenere e spassose di un veterinario","og_url":"https:\/\/libreriapiemontese.com\/?product=storie-bizzarre-di-un-dottore-in-vacche","og_site_name":"Libreria Piemontese","article_modified_time":"2025-02-24T12:17:35+00:00","og_image":[{"width":388,"height":600,"url":"https:\/\/libreriapiemontese.com\/wp-content\/uploads\/2025\/02\/DSC_1054.jpg","type":"image\/jpeg"}],"twitter_card":"summary_large_image","twitter_misc":{"Tempo di lettura stimato":"1 minuto"},"schema":{"@context":"https:\/\/schema.org","@graph":[{"@type":"WebPage","@id":"https:\/\/libreriapiemontese.com\/?product=storie-bizzarre-di-un-dottore-in-vacche","url":"https:\/\/libreriapiemontese.com\/?product=storie-bizzarre-di-un-dottore-in-vacche","name":"Storie bizzarre di un Dottore in vacche. - Libreria Piemontese","isPartOf":{"@id":"https:\/\/libreriapiemontese.com\/#website"},"primaryImageOfPage":{"@id":"https:\/\/libreriapiemontese.com\/?product=storie-bizzarre-di-un-dottore-in-vacche#primaryimage"},"image":{"@id":"https:\/\/libreriapiemontese.com\/?product=storie-bizzarre-di-un-dottore-in-vacche#primaryimage"},"thumbnailUrl":"https:\/\/libreriapiemontese.com\/wp-content\/uploads\/2025\/02\/DSC_1054.jpg","datePublished":"2025-02-24T10:58:24+00:00","dateModified":"2025-02-24T12:17:35+00:00","description":"Storie bizzarre, tenere e spassose di un veterinario","breadcrumb":{"@id":"https:\/\/libreriapiemontese.com\/?product=storie-bizzarre-di-un-dottore-in-vacche#breadcrumb"},"inLanguage":"it-IT","potentialAction":[{"@type":"ReadAction","target":["https:\/\/libreriapiemontese.com\/?product=storie-bizzarre-di-un-dottore-in-vacche"]}]},{"@type":"ImageObject","inLanguage":"it-IT","@id":"https:\/\/libreriapiemontese.com\/?product=storie-bizzarre-di-un-dottore-in-vacche#primaryimage","url":"https:\/\/libreriapiemontese.com\/wp-content\/uploads\/2025\/02\/DSC_1054.jpg","contentUrl":"https:\/\/libreriapiemontese.com\/wp-content\/uploads\/2025\/02\/DSC_1054.jpg","width":388,"height":600},{"@type":"BreadcrumbList","@id":"https:\/\/libreriapiemontese.com\/?product=storie-bizzarre-di-un-dottore-in-vacche#breadcrumb","itemListElement":[{"@type":"ListItem","position":1,"name":"Home","item":"https:\/\/libreriapiemontese.com\/"},{"@type":"ListItem","position":2,"name":"Shop","item":"https:\/\/libreriapiemontese.com\/?page_id=6"},{"@type":"ListItem","position":3,"name":"Storie bizzarre di un Dottore in vacche."}]},{"@type":"WebSite","@id":"https:\/\/libreriapiemontese.com\/#website","url":"https:\/\/libreriapiemontese.com\/","name":"Libreria Piemontese","description":"","potentialAction":[{"@type":"SearchAction","target":{"@type":"EntryPoint","urlTemplate":"https:\/\/libreriapiemontese.com\/?s={search_term_string}"},"query-input":{"@type":"PropertyValueSpecification","valueRequired":true,"valueName":"search_term_string"}}],"inLanguage":"it-IT"}]}},"_links":{"self":[{"href":"https:\/\/libreriapiemontese.com\/index.php?rest_route=\/wp\/v2\/product\/642","targetHints":{"allow":["GET"]}}],"collection":[{"href":"https:\/\/libreriapiemontese.com\/index.php?rest_route=\/wp\/v2\/product"}],"about":[{"href":"https:\/\/libreriapiemontese.com\/index.php?rest_route=\/wp\/v2\/types\/product"}],"replies":[{"embeddable":true,"href":"https:\/\/libreriapiemontese.com\/index.php?rest_route=%2Fwp%2Fv2%2Fcomments&post=642"}],"wp:featuredmedia":[{"embeddable":true,"href":"https:\/\/libreriapiemontese.com\/index.php?rest_route=\/wp\/v2\/media\/644"}],"wp:attachment":[{"href":"https:\/\/libreriapiemontese.com\/index.php?rest_route=%2Fwp%2Fv2%2Fmedia&parent=642"}],"wp:term":[{"taxonomy":"autore","embeddable":true,"href":"https:\/\/libreriapiemontese.com\/index.php?rest_route=%2Fwp%2Fv2%2Fautore&post=642"},{"taxonomy":"casa-editirice","embeddable":true,"href":"https:\/\/libreriapiemontese.com\/index.php?rest_route=%2Fwp%2Fv2%2Fcasa-editirice&post=642"},{"taxonomy":"product_brand","embeddable":true,"href":"https:\/\/libreriapiemontese.com\/index.php?rest_route=%2Fwp%2Fv2%2Fproduct_brand&post=642"},{"taxonomy":"product_cat","embeddable":true,"href":"https:\/\/libreriapiemontese.com\/index.php?rest_route=%2Fwp%2Fv2%2Fproduct_cat&post=642"},{"taxonomy":"product_tag","embeddable":true,"href":"https:\/\/libreriapiemontese.com\/index.php?rest_route=%2Fwp%2Fv2%2Fproduct_tag&post=642"}],"curies":[{"name":"wp","href":"https:\/\/api.w.org\/{rel}","templated":true}]}}