{"id":652,"date":"2025-02-24T11:34:31","date_gmt":"2025-02-24T11:34:31","guid":{"rendered":"https:\/\/libreriapiemontese.com\/?post_type=product&#038;p=652"},"modified":"2025-02-24T11:34:31","modified_gmt":"2025-02-24T11:34:31","slug":"granata-rosso-e-verde","status":"publish","type":"product","link":"https:\/\/libreriapiemontese.com\/?product=granata-rosso-e-verde","title":{"rendered":"Granata, Rosso e Verde"},"content":{"rendered":"<p>Superga 1949, Monaco 1958, Medellin 2016: tre drammatici disastri aerei hanno unito nello stesso destino Torino, Manchester United e Chapecoense, lasciandosi dietro una scia di dolore che ancora non scolora, ma anche dimostrando che una squadra di calcio non pu\u00f2 morire, perch\u00e9 vivr\u00e0 per sempre attraverso i suoi tifosi. Come le cellule si rinnovano senza intaccare l&#8217;identit\u00e0 di un individuo, cos\u00ec il gruppo dei supporter cambia nei suoi componenti, ma resta uguale a se stesso, continuando a tramandare le proprie leggende di generazione in generazione. E&#8217; con ci\u00f2 che hanno vissuto i cuori granata, i fan, i torcedor che hanno visto mancare la loro compagine al proprio amore da un giorno all&#8217;altro. Tifosi uniti da un&#8217;enorme perdita che gli affratella e li promuove primi ad honorem nel campionato della resilienza. Tifosi che, parafrasando Franco Battiato, hanno cercato di &#8220;trovare l&#8217;alba dentro l&#8217;imbrunire&#8221;, e ci sono riusciti. Questo libro intenso e commovente \u00e8 dedicato a loro.<\/p>\n","protected":false},"excerpt":{"rendered":"<p>Superga 1949, Monaco 1958, Medellin 2016: tre drammatici disastri aerei hanno unito nello stesso destino Torino, Manchester United e Chapecoense, lasciandosi dietro una scia di dolore che ancora non scolora, ma anche dimostrando che una squadra di calcio non pu\u00f2 morire, perch\u00e9 vivr\u00e0 per sempre attraverso i suoi tifosi.<\/p>\n","protected":false},"featured_media":653,"comment_status":"open","ping_status":"closed","template":"","meta":{"_acf_changed":false,"_et_pb_use_builder":"","_et_pb_old_content":"","_et_gb_content_width":""},"autore":[55],"casa-editirice":[56],"product_brand":[],"product_cat":[52,35],"product_tag":[53,54],"class_list":{"0":"post-652","1":"product","2":"type-product","3":"status-publish","4":"has-post-thumbnail","6":"autore-paolo-quaregna","7":"casa-editirice-ultra-edizioni","8":"product_cat-sport","9":"product_cat-torino","10":"product_tag-granata","11":"product_tag-rosso-e-verde-paolo-quaregna","13":"first","14":"instock","15":"shipping-taxable","16":"purchasable","17":"product-type-simple"},"acf":[],"yoast_head":"<!-- This site is optimized with the Yoast SEO plugin v24.7 - https:\/\/yoast.com\/wordpress\/plugins\/seo\/ -->\n<title>Granata, Rosso e Verde - Libreria Piemontese<\/title>\n<meta name=\"description\" content=\"Superga 1949, Monaco 1958, Medellin 2016: tre drammatici disastri aerei hanno unito nello stesso destino Torino, Manchester United e Chapecoense, lasciandosi dietro una scia di dolore che ancora non scolora, ma anche dimostrando che una squadra di calcio non pu\u00f2 morire, perch\u00e9 vivr\u00e0 per sempre attraverso i suoi tifosi.\" \/>\n<meta name=\"robots\" content=\"index, follow, max-snippet:-1, max-image-preview:large, max-video-preview:-1\" \/>\n<link rel=\"canonical\" href=\"https:\/\/libreriapiemontese.com\/?product=granata-rosso-e-verde\" \/>\n<meta property=\"og:locale\" content=\"it_IT\" \/>\n<meta property=\"og:type\" content=\"article\" \/>\n<meta property=\"og:title\" content=\"Granata, Rosso e Verde - Libreria Piemontese\" \/>\n<meta property=\"og:description\" content=\"Superga 1949, Monaco 1958, Medellin 2016: tre drammatici disastri aerei hanno unito nello stesso destino Torino, Manchester United e Chapecoense, lasciandosi dietro una scia di dolore che ancora non scolora, ma anche dimostrando che una squadra di calcio non pu\u00f2 morire, perch\u00e9 vivr\u00e0 per sempre attraverso i suoi tifosi.\" \/>\n<meta property=\"og:url\" content=\"https:\/\/libreriapiemontese.com\/?product=granata-rosso-e-verde\" \/>\n<meta property=\"og:site_name\" content=\"Libreria Piemontese\" \/>\n<meta property=\"og:image\" content=\"https:\/\/libreriapiemontese.com\/wp-content\/uploads\/2025\/02\/DSC_1157.jpg\" \/>\n\t<meta property=\"og:image:width\" content=\"423\" \/>\n\t<meta property=\"og:image:height\" content=\"600\" \/>\n\t<meta property=\"og:image:type\" content=\"image\/jpeg\" \/>\n<meta name=\"twitter:card\" content=\"summary_large_image\" \/>\n<meta name=\"twitter:label1\" content=\"Tempo di lettura stimato\" \/>\n\t<meta name=\"twitter:data1\" content=\"1 minuto\" \/>\n<script type=\"application\/ld+json\" class=\"yoast-schema-graph\">{\"@context\":\"https:\/\/schema.org\",\"@graph\":[{\"@type\":\"WebPage\",\"@id\":\"https:\/\/libreriapiemontese.com\/?product=granata-rosso-e-verde\",\"url\":\"https:\/\/libreriapiemontese.com\/?product=granata-rosso-e-verde\",\"name\":\"Granata, Rosso e Verde - Libreria Piemontese\",\"isPartOf\":{\"@id\":\"https:\/\/libreriapiemontese.com\/#website\"},\"primaryImageOfPage\":{\"@id\":\"https:\/\/libreriapiemontese.com\/?product=granata-rosso-e-verde#primaryimage\"},\"image\":{\"@id\":\"https:\/\/libreriapiemontese.com\/?product=granata-rosso-e-verde#primaryimage\"},\"thumbnailUrl\":\"https:\/\/libreriapiemontese.com\/wp-content\/uploads\/2025\/02\/DSC_1157.jpg\",\"datePublished\":\"2025-02-24T11:34:31+00:00\",\"description\":\"Superga 1949, Monaco 1958, Medellin 2016: tre drammatici disastri aerei hanno unito nello stesso destino Torino, Manchester United e Chapecoense, lasciandosi dietro una scia di dolore che ancora non scolora, ma anche dimostrando che una squadra di calcio non pu\u00f2 morire, perch\u00e9 vivr\u00e0 per sempre attraverso i suoi tifosi.\",\"breadcrumb\":{\"@id\":\"https:\/\/libreriapiemontese.com\/?product=granata-rosso-e-verde#breadcrumb\"},\"inLanguage\":\"it-IT\",\"potentialAction\":[{\"@type\":\"ReadAction\",\"target\":[\"https:\/\/libreriapiemontese.com\/?product=granata-rosso-e-verde\"]}]},{\"@type\":\"ImageObject\",\"inLanguage\":\"it-IT\",\"@id\":\"https:\/\/libreriapiemontese.com\/?product=granata-rosso-e-verde#primaryimage\",\"url\":\"https:\/\/libreriapiemontese.com\/wp-content\/uploads\/2025\/02\/DSC_1157.jpg\",\"contentUrl\":\"https:\/\/libreriapiemontese.com\/wp-content\/uploads\/2025\/02\/DSC_1157.jpg\",\"width\":423,\"height\":600},{\"@type\":\"BreadcrumbList\",\"@id\":\"https:\/\/libreriapiemontese.com\/?product=granata-rosso-e-verde#breadcrumb\",\"itemListElement\":[{\"@type\":\"ListItem\",\"position\":1,\"name\":\"Home\",\"item\":\"https:\/\/libreriapiemontese.com\/\"},{\"@type\":\"ListItem\",\"position\":2,\"name\":\"Shop\",\"item\":\"https:\/\/libreriapiemontese.com\/?page_id=6\"},{\"@type\":\"ListItem\",\"position\":3,\"name\":\"Granata, Rosso e Verde\"}]},{\"@type\":\"WebSite\",\"@id\":\"https:\/\/libreriapiemontese.com\/#website\",\"url\":\"https:\/\/libreriapiemontese.com\/\",\"name\":\"Libreria Piemontese\",\"description\":\"\",\"potentialAction\":[{\"@type\":\"SearchAction\",\"target\":{\"@type\":\"EntryPoint\",\"urlTemplate\":\"https:\/\/libreriapiemontese.com\/?s={search_term_string}\"},\"query-input\":{\"@type\":\"PropertyValueSpecification\",\"valueRequired\":true,\"valueName\":\"search_term_string\"}}],\"inLanguage\":\"it-IT\"}]}<\/script>\n<!-- \/ Yoast SEO plugin. -->","yoast_head_json":{"title":"Granata, Rosso e Verde - Libreria Piemontese","description":"Superga 1949, Monaco 1958, Medellin 2016: tre drammatici disastri aerei hanno unito nello stesso destino Torino, Manchester United e Chapecoense, lasciandosi dietro una scia di dolore che ancora non scolora, ma anche dimostrando che una squadra di calcio non pu\u00f2 morire, perch\u00e9 vivr\u00e0 per sempre attraverso i suoi tifosi.","robots":{"index":"index","follow":"follow","max-snippet":"max-snippet:-1","max-image-preview":"max-image-preview:large","max-video-preview":"max-video-preview:-1"},"canonical":"https:\/\/libreriapiemontese.com\/?product=granata-rosso-e-verde","og_locale":"it_IT","og_type":"article","og_title":"Granata, Rosso e Verde - Libreria Piemontese","og_description":"Superga 1949, Monaco 1958, Medellin 2016: tre drammatici disastri aerei hanno unito nello stesso destino Torino, Manchester United e Chapecoense, lasciandosi dietro una scia di dolore che ancora non scolora, ma anche dimostrando che una squadra di calcio non pu\u00f2 morire, perch\u00e9 vivr\u00e0 per sempre attraverso i suoi tifosi.","og_url":"https:\/\/libreriapiemontese.com\/?product=granata-rosso-e-verde","og_site_name":"Libreria Piemontese","og_image":[{"width":423,"height":600,"url":"https:\/\/libreriapiemontese.com\/wp-content\/uploads\/2025\/02\/DSC_1157.jpg","type":"image\/jpeg"}],"twitter_card":"summary_large_image","twitter_misc":{"Tempo di lettura stimato":"1 minuto"},"schema":{"@context":"https:\/\/schema.org","@graph":[{"@type":"WebPage","@id":"https:\/\/libreriapiemontese.com\/?product=granata-rosso-e-verde","url":"https:\/\/libreriapiemontese.com\/?product=granata-rosso-e-verde","name":"Granata, Rosso e Verde - Libreria Piemontese","isPartOf":{"@id":"https:\/\/libreriapiemontese.com\/#website"},"primaryImageOfPage":{"@id":"https:\/\/libreriapiemontese.com\/?product=granata-rosso-e-verde#primaryimage"},"image":{"@id":"https:\/\/libreriapiemontese.com\/?product=granata-rosso-e-verde#primaryimage"},"thumbnailUrl":"https:\/\/libreriapiemontese.com\/wp-content\/uploads\/2025\/02\/DSC_1157.jpg","datePublished":"2025-02-24T11:34:31+00:00","description":"Superga 1949, Monaco 1958, Medellin 2016: tre drammatici disastri aerei hanno unito nello stesso destino Torino, Manchester United e Chapecoense, lasciandosi dietro una scia di dolore che ancora non scolora, ma anche dimostrando che una squadra di calcio non pu\u00f2 morire, perch\u00e9 vivr\u00e0 per sempre attraverso i suoi tifosi.","breadcrumb":{"@id":"https:\/\/libreriapiemontese.com\/?product=granata-rosso-e-verde#breadcrumb"},"inLanguage":"it-IT","potentialAction":[{"@type":"ReadAction","target":["https:\/\/libreriapiemontese.com\/?product=granata-rosso-e-verde"]}]},{"@type":"ImageObject","inLanguage":"it-IT","@id":"https:\/\/libreriapiemontese.com\/?product=granata-rosso-e-verde#primaryimage","url":"https:\/\/libreriapiemontese.com\/wp-content\/uploads\/2025\/02\/DSC_1157.jpg","contentUrl":"https:\/\/libreriapiemontese.com\/wp-content\/uploads\/2025\/02\/DSC_1157.jpg","width":423,"height":600},{"@type":"BreadcrumbList","@id":"https:\/\/libreriapiemontese.com\/?product=granata-rosso-e-verde#breadcrumb","itemListElement":[{"@type":"ListItem","position":1,"name":"Home","item":"https:\/\/libreriapiemontese.com\/"},{"@type":"ListItem","position":2,"name":"Shop","item":"https:\/\/libreriapiemontese.com\/?page_id=6"},{"@type":"ListItem","position":3,"name":"Granata, Rosso e Verde"}]},{"@type":"WebSite","@id":"https:\/\/libreriapiemontese.com\/#website","url":"https:\/\/libreriapiemontese.com\/","name":"Libreria Piemontese","description":"","potentialAction":[{"@type":"SearchAction","target":{"@type":"EntryPoint","urlTemplate":"https:\/\/libreriapiemontese.com\/?s={search_term_string}"},"query-input":{"@type":"PropertyValueSpecification","valueRequired":true,"valueName":"search_term_string"}}],"inLanguage":"it-IT"}]}},"_links":{"self":[{"href":"https:\/\/libreriapiemontese.com\/index.php?rest_route=\/wp\/v2\/product\/652","targetHints":{"allow":["GET"]}}],"collection":[{"href":"https:\/\/libreriapiemontese.com\/index.php?rest_route=\/wp\/v2\/product"}],"about":[{"href":"https:\/\/libreriapiemontese.com\/index.php?rest_route=\/wp\/v2\/types\/product"}],"replies":[{"embeddable":true,"href":"https:\/\/libreriapiemontese.com\/index.php?rest_route=%2Fwp%2Fv2%2Fcomments&post=652"}],"wp:featuredmedia":[{"embeddable":true,"href":"https:\/\/libreriapiemontese.com\/index.php?rest_route=\/wp\/v2\/media\/653"}],"wp:attachment":[{"href":"https:\/\/libreriapiemontese.com\/index.php?rest_route=%2Fwp%2Fv2%2Fmedia&parent=652"}],"wp:term":[{"taxonomy":"autore","embeddable":true,"href":"https:\/\/libreriapiemontese.com\/index.php?rest_route=%2Fwp%2Fv2%2Fautore&post=652"},{"taxonomy":"casa-editirice","embeddable":true,"href":"https:\/\/libreriapiemontese.com\/index.php?rest_route=%2Fwp%2Fv2%2Fcasa-editirice&post=652"},{"taxonomy":"product_brand","embeddable":true,"href":"https:\/\/libreriapiemontese.com\/index.php?rest_route=%2Fwp%2Fv2%2Fproduct_brand&post=652"},{"taxonomy":"product_cat","embeddable":true,"href":"https:\/\/libreriapiemontese.com\/index.php?rest_route=%2Fwp%2Fv2%2Fproduct_cat&post=652"},{"taxonomy":"product_tag","embeddable":true,"href":"https:\/\/libreriapiemontese.com\/index.php?rest_route=%2Fwp%2Fv2%2Fproduct_tag&post=652"}],"curies":[{"name":"wp","href":"https:\/\/api.w.org\/{rel}","templated":true}]}}