{"id":667,"date":"2025-02-24T12:07:08","date_gmt":"2025-02-24T12:07:08","guid":{"rendered":"https:\/\/libreriapiemontese.com\/?post_type=product&#038;p=667"},"modified":"2025-02-24T12:07:08","modified_gmt":"2025-02-24T12:07:08","slug":"il-destino-dellavvoltoio","status":"publish","type":"product","link":"https:\/\/libreriapiemontese.com\/?product=il-destino-dellavvoltoio","title":{"rendered":"Il destino dell&#8217;avvoltoio"},"content":{"rendered":"<p>&lt;&lt;Ricarico veloce e riguadagno posizione sulla soglia del rudere, facendo attenzione a non sporgermi troppo. Per quanto mi sembri strano, adesso mi sento tranquillo e non ho pi\u00f9 paura. Riprendo in mano Dolores e la stringo forte. Penso che potrei ancora provare a scappare, per\u00f2 sono stanco di fuggire. Non me la sento pi\u00f9, sono stufo di dimostrarmi un vigliacco e di chinare la testa. Sono un avvoltoio, non una pecora . Gli avvoltoi si nutrono di cadaveri e immondizia, ma volano. In alto&gt;&gt;<\/p>\n","protected":false},"excerpt":{"rendered":"<p>&lt;&lt; Non me la sento pi\u00f9, sono stufo di dimostrarmi un vigliacco e di chinare la testa. Sono un avvoltoio, non una pecora . Gli avvoltoi si nutrono di cadaveri e immondizia, ma volano. In alto&gt;&gt;<\/p>\n","protected":false},"featured_media":668,"comment_status":"open","ping_status":"closed","template":"","meta":{"_acf_changed":false,"_et_pb_use_builder":"","_et_pb_old_content":"","_et_gb_content_width":""},"autore":[70],"casa-editirice":[59],"product_brand":[],"product_cat":[68,40],"product_tag":[69],"class_list":{"0":"post-667","1":"product","2":"type-product","3":"status-publish","4":"has-post-thumbnail","6":"autore-giorgio-ballario","7":"casa-editirice-edizioni-del-capricorno","8":"product_cat-giallo","9":"product_cat-romanzo","10":"product_tag-il-destino-dellavvoltoio-giorgio-ballario","12":"first","13":"instock","14":"shipping-taxable","15":"purchasable","16":"product-type-simple"},"acf":[],"yoast_head":"<!-- This site is optimized with the Yoast SEO plugin v24.7 - https:\/\/yoast.com\/wordpress\/plugins\/seo\/ -->\n<title>Il destino dell&#039;avvoltoio - Libreria Piemontese<\/title>\n<meta name=\"description\" content=\"&lt;&lt; Non me la sento pi\u00f9, sono stufo di dimostrarmi un vigliacco e di chinare la testa. Sono un avvoltoio, non una pecora . Gli avvoltoi si nutrono di cadaveri e immondizia, ma volano. In alto&gt;&gt;\" \/>\n<meta name=\"robots\" content=\"index, follow, max-snippet:-1, max-image-preview:large, max-video-preview:-1\" \/>\n<link rel=\"canonical\" href=\"https:\/\/libreriapiemontese.com\/?product=il-destino-dellavvoltoio\" \/>\n<meta property=\"og:locale\" content=\"it_IT\" \/>\n<meta property=\"og:type\" content=\"article\" \/>\n<meta property=\"og:title\" content=\"Il destino dell&#039;avvoltoio - Libreria Piemontese\" \/>\n<meta property=\"og:description\" content=\"&lt;&lt; Non me la sento pi\u00f9, sono stufo di dimostrarmi un vigliacco e di chinare la testa. Sono un avvoltoio, non una pecora . Gli avvoltoi si nutrono di cadaveri e immondizia, ma volano. In alto&gt;&gt;\" \/>\n<meta property=\"og:url\" content=\"https:\/\/libreriapiemontese.com\/?product=il-destino-dellavvoltoio\" \/>\n<meta property=\"og:site_name\" content=\"Libreria Piemontese\" \/>\n<meta property=\"og:image\" content=\"https:\/\/libreriapiemontese.com\/wp-content\/uploads\/2025\/02\/DSC_1147.jpg\" \/>\n\t<meta property=\"og:image:width\" content=\"390\" \/>\n\t<meta property=\"og:image:height\" content=\"600\" \/>\n\t<meta property=\"og:image:type\" content=\"image\/jpeg\" \/>\n<meta name=\"twitter:card\" content=\"summary_large_image\" \/>\n<script type=\"application\/ld+json\" class=\"yoast-schema-graph\">{\"@context\":\"https:\/\/schema.org\",\"@graph\":[{\"@type\":\"WebPage\",\"@id\":\"https:\/\/libreriapiemontese.com\/?product=il-destino-dellavvoltoio\",\"url\":\"https:\/\/libreriapiemontese.com\/?product=il-destino-dellavvoltoio\",\"name\":\"Il destino dell'avvoltoio - Libreria Piemontese\",\"isPartOf\":{\"@id\":\"https:\/\/libreriapiemontese.com\/#website\"},\"primaryImageOfPage\":{\"@id\":\"https:\/\/libreriapiemontese.com\/?product=il-destino-dellavvoltoio#primaryimage\"},\"image\":{\"@id\":\"https:\/\/libreriapiemontese.com\/?product=il-destino-dellavvoltoio#primaryimage\"},\"thumbnailUrl\":\"https:\/\/libreriapiemontese.com\/wp-content\/uploads\/2025\/02\/DSC_1147.jpg\",\"datePublished\":\"2025-02-24T12:07:08+00:00\",\"description\":\"&lt;< Non me la sento pi\u00f9, sono stufo di dimostrarmi un vigliacco e di chinare la testa. Sono un avvoltoio, non una pecora . Gli avvoltoi si nutrono di cadaveri e immondizia, ma volano. In alto>>\",\"breadcrumb\":{\"@id\":\"https:\/\/libreriapiemontese.com\/?product=il-destino-dellavvoltoio#breadcrumb\"},\"inLanguage\":\"it-IT\",\"potentialAction\":[{\"@type\":\"ReadAction\",\"target\":[\"https:\/\/libreriapiemontese.com\/?product=il-destino-dellavvoltoio\"]}]},{\"@type\":\"ImageObject\",\"inLanguage\":\"it-IT\",\"@id\":\"https:\/\/libreriapiemontese.com\/?product=il-destino-dellavvoltoio#primaryimage\",\"url\":\"https:\/\/libreriapiemontese.com\/wp-content\/uploads\/2025\/02\/DSC_1147.jpg\",\"contentUrl\":\"https:\/\/libreriapiemontese.com\/wp-content\/uploads\/2025\/02\/DSC_1147.jpg\",\"width\":390,\"height\":600},{\"@type\":\"BreadcrumbList\",\"@id\":\"https:\/\/libreriapiemontese.com\/?product=il-destino-dellavvoltoio#breadcrumb\",\"itemListElement\":[{\"@type\":\"ListItem\",\"position\":1,\"name\":\"Home\",\"item\":\"https:\/\/libreriapiemontese.com\/\"},{\"@type\":\"ListItem\",\"position\":2,\"name\":\"Shop\",\"item\":\"https:\/\/libreriapiemontese.com\/?page_id=6\"},{\"@type\":\"ListItem\",\"position\":3,\"name\":\"Il destino dell&#8217;avvoltoio\"}]},{\"@type\":\"WebSite\",\"@id\":\"https:\/\/libreriapiemontese.com\/#website\",\"url\":\"https:\/\/libreriapiemontese.com\/\",\"name\":\"Libreria Piemontese\",\"description\":\"\",\"potentialAction\":[{\"@type\":\"SearchAction\",\"target\":{\"@type\":\"EntryPoint\",\"urlTemplate\":\"https:\/\/libreriapiemontese.com\/?s={search_term_string}\"},\"query-input\":{\"@type\":\"PropertyValueSpecification\",\"valueRequired\":true,\"valueName\":\"search_term_string\"}}],\"inLanguage\":\"it-IT\"}]}<\/script>\n<!-- \/ Yoast SEO plugin. -->","yoast_head_json":{"title":"Il destino dell'avvoltoio - Libreria Piemontese","description":"&lt;< Non me la sento pi\u00f9, sono stufo di dimostrarmi un vigliacco e di chinare la testa. Sono un avvoltoio, non una pecora . Gli avvoltoi si nutrono di cadaveri e immondizia, ma volano. In alto>>","robots":{"index":"index","follow":"follow","max-snippet":"max-snippet:-1","max-image-preview":"max-image-preview:large","max-video-preview":"max-video-preview:-1"},"canonical":"https:\/\/libreriapiemontese.com\/?product=il-destino-dellavvoltoio","og_locale":"it_IT","og_type":"article","og_title":"Il destino dell'avvoltoio - Libreria Piemontese","og_description":"&lt;< Non me la sento pi\u00f9, sono stufo di dimostrarmi un vigliacco e di chinare la testa. Sono un avvoltoio, non una pecora . Gli avvoltoi si nutrono di cadaveri e immondizia, ma volano. In alto>>","og_url":"https:\/\/libreriapiemontese.com\/?product=il-destino-dellavvoltoio","og_site_name":"Libreria Piemontese","og_image":[{"width":390,"height":600,"url":"https:\/\/libreriapiemontese.com\/wp-content\/uploads\/2025\/02\/DSC_1147.jpg","type":"image\/jpeg"}],"twitter_card":"summary_large_image","schema":{"@context":"https:\/\/schema.org","@graph":[{"@type":"WebPage","@id":"https:\/\/libreriapiemontese.com\/?product=il-destino-dellavvoltoio","url":"https:\/\/libreriapiemontese.com\/?product=il-destino-dellavvoltoio","name":"Il destino dell'avvoltoio - Libreria Piemontese","isPartOf":{"@id":"https:\/\/libreriapiemontese.com\/#website"},"primaryImageOfPage":{"@id":"https:\/\/libreriapiemontese.com\/?product=il-destino-dellavvoltoio#primaryimage"},"image":{"@id":"https:\/\/libreriapiemontese.com\/?product=il-destino-dellavvoltoio#primaryimage"},"thumbnailUrl":"https:\/\/libreriapiemontese.com\/wp-content\/uploads\/2025\/02\/DSC_1147.jpg","datePublished":"2025-02-24T12:07:08+00:00","description":"&lt;< Non me la sento pi\u00f9, sono stufo di dimostrarmi un vigliacco e di chinare la testa. Sono un avvoltoio, non una pecora . Gli avvoltoi si nutrono di cadaveri e immondizia, ma volano. In alto>>","breadcrumb":{"@id":"https:\/\/libreriapiemontese.com\/?product=il-destino-dellavvoltoio#breadcrumb"},"inLanguage":"it-IT","potentialAction":[{"@type":"ReadAction","target":["https:\/\/libreriapiemontese.com\/?product=il-destino-dellavvoltoio"]}]},{"@type":"ImageObject","inLanguage":"it-IT","@id":"https:\/\/libreriapiemontese.com\/?product=il-destino-dellavvoltoio#primaryimage","url":"https:\/\/libreriapiemontese.com\/wp-content\/uploads\/2025\/02\/DSC_1147.jpg","contentUrl":"https:\/\/libreriapiemontese.com\/wp-content\/uploads\/2025\/02\/DSC_1147.jpg","width":390,"height":600},{"@type":"BreadcrumbList","@id":"https:\/\/libreriapiemontese.com\/?product=il-destino-dellavvoltoio#breadcrumb","itemListElement":[{"@type":"ListItem","position":1,"name":"Home","item":"https:\/\/libreriapiemontese.com\/"},{"@type":"ListItem","position":2,"name":"Shop","item":"https:\/\/libreriapiemontese.com\/?page_id=6"},{"@type":"ListItem","position":3,"name":"Il destino dell&#8217;avvoltoio"}]},{"@type":"WebSite","@id":"https:\/\/libreriapiemontese.com\/#website","url":"https:\/\/libreriapiemontese.com\/","name":"Libreria Piemontese","description":"","potentialAction":[{"@type":"SearchAction","target":{"@type":"EntryPoint","urlTemplate":"https:\/\/libreriapiemontese.com\/?s={search_term_string}"},"query-input":{"@type":"PropertyValueSpecification","valueRequired":true,"valueName":"search_term_string"}}],"inLanguage":"it-IT"}]}},"_links":{"self":[{"href":"https:\/\/libreriapiemontese.com\/index.php?rest_route=\/wp\/v2\/product\/667","targetHints":{"allow":["GET"]}}],"collection":[{"href":"https:\/\/libreriapiemontese.com\/index.php?rest_route=\/wp\/v2\/product"}],"about":[{"href":"https:\/\/libreriapiemontese.com\/index.php?rest_route=\/wp\/v2\/types\/product"}],"replies":[{"embeddable":true,"href":"https:\/\/libreriapiemontese.com\/index.php?rest_route=%2Fwp%2Fv2%2Fcomments&post=667"}],"wp:featuredmedia":[{"embeddable":true,"href":"https:\/\/libreriapiemontese.com\/index.php?rest_route=\/wp\/v2\/media\/668"}],"wp:attachment":[{"href":"https:\/\/libreriapiemontese.com\/index.php?rest_route=%2Fwp%2Fv2%2Fmedia&parent=667"}],"wp:term":[{"taxonomy":"autore","embeddable":true,"href":"https:\/\/libreriapiemontese.com\/index.php?rest_route=%2Fwp%2Fv2%2Fautore&post=667"},{"taxonomy":"casa-editirice","embeddable":true,"href":"https:\/\/libreriapiemontese.com\/index.php?rest_route=%2Fwp%2Fv2%2Fcasa-editirice&post=667"},{"taxonomy":"product_brand","embeddable":true,"href":"https:\/\/libreriapiemontese.com\/index.php?rest_route=%2Fwp%2Fv2%2Fproduct_brand&post=667"},{"taxonomy":"product_cat","embeddable":true,"href":"https:\/\/libreriapiemontese.com\/index.php?rest_route=%2Fwp%2Fv2%2Fproduct_cat&post=667"},{"taxonomy":"product_tag","embeddable":true,"href":"https:\/\/libreriapiemontese.com\/index.php?rest_route=%2Fwp%2Fv2%2Fproduct_tag&post=667"}],"curies":[{"name":"wp","href":"https:\/\/api.w.org\/{rel}","templated":true}]}}