{"id":673,"date":"2025-02-24T12:25:02","date_gmt":"2025-02-24T12:25:02","guid":{"rendered":"https:\/\/libreriapiemontese.com\/?post_type=product&#038;p=673"},"modified":"2025-02-24T16:05:08","modified_gmt":"2025-02-24T16:05:08","slug":"il-po-in-noir","status":"publish","type":"product","link":"https:\/\/libreriapiemontese.com\/?product=il-po-in-noir","title":{"rendered":"Il Po in noir"},"content":{"rendered":"<p>&lt;&lt;Un solido muro etico separa nei pi\u00f9 il pensiero di uccidere dall&#8217;azione. In una minoranza di persone, per\u00f2, quel muro \u00e8 meno robusto , \u00e8 pi\u00f9 basso ed \u00e8 crepato, qua e l\u00e0.<br \/>\nSe appartieni a quest&#8217;ultima categoria, dovresti stare lontano dalle citt\u00e0 bagnate da un fiume.<br \/>\nLungo il fiume, pu\u00f2 accadere che la massa liquida, scura e silenziosa che ti scorre a fianco penetri in una crepa di quel muro che separa il pensiero dall&#8217;azione, dall&#8217;azione, vi si insinui, rivelando un passaggio, una continuit\u00e0, una possibilit\u00e0 di dare forma al pensiero. Alm peggiore dei pensieri.&gt;&gt;<\/p>\n<p>&nbsp;<\/p>\n","protected":false},"excerpt":{"rendered":"<p>&lt;&lt;Un solido muro etico separa nei pi\u00f9 il pensiero di uccidere dall&#8217;azione. In una minoranza di persone, per\u00f2, quel muro \u00e8 meno robusto , \u00e8 pi\u00f9 basso ed \u00e8 crepato, qua e l\u00e0.<br \/>\nSe appartieni a quest&#8217;ultima categoria, dovresti stare lontano dalle citt\u00e0 bagnate da un fiume.<br \/>\nLungo il fiume, pu\u00f2 accadere che la massa liquida, scura e silenziosa che ti scorre a fianco penetri in una crepa di quel muro che separa il pensiero dall&#8217;azione, dall&#8217;azione, vi si insinui, rivelando un passaggio, una continuit\u00e0, una possibilit\u00e0 di dare forma al pensiero. Alm peggiore dei pensieri.&gt;&gt;<\/p>\n<p>&nbsp;<\/p>\n","protected":false},"featured_media":674,"comment_status":"open","ping_status":"closed","template":"","meta":{"_acf_changed":false,"_et_pb_use_builder":"","_et_pb_old_content":"","_et_gb_content_width":""},"autore":[81,78,76,79,80,77,75],"casa-editirice":[59],"product_brand":[],"product_cat":[68],"product_tag":[74],"class_list":{"0":"post-673","1":"product","2":"type-product","3":"status-publish","4":"has-post-thumbnail","6":"autore-ballacchino","7":"autore-beccacini-blini","8":"autore-carillo-durante","9":"autore-dibenedetto-ballario","10":"autore-giacchino-rinarelli","11":"autore-pandiani-girelli","12":"autore-tallone","13":"casa-editirice-edizioni-del-capricorno","14":"product_cat-giallo","15":"product_tag-il-po-in-noir","17":"first","18":"instock","19":"shipping-taxable","20":"purchasable","21":"product-type-simple"},"acf":[],"yoast_head":"<!-- This site is optimized with the Yoast SEO plugin v24.7 - https:\/\/yoast.com\/wordpress\/plugins\/seo\/ -->\n<title>Il Po in noir - Libreria Piemontese<\/title>\n<meta name=\"description\" content=\"Il Po in noir\" \/>\n<meta name=\"robots\" content=\"index, follow, max-snippet:-1, max-image-preview:large, max-video-preview:-1\" \/>\n<link rel=\"canonical\" href=\"https:\/\/libreriapiemontese.com\/?product=il-po-in-noir\" \/>\n<meta property=\"og:locale\" content=\"it_IT\" \/>\n<meta property=\"og:type\" content=\"article\" \/>\n<meta property=\"og:title\" content=\"Il Po in noir - Libreria Piemontese\" \/>\n<meta property=\"og:description\" content=\"Il Po in noir\" \/>\n<meta property=\"og:url\" content=\"https:\/\/libreriapiemontese.com\/?product=il-po-in-noir\" \/>\n<meta property=\"og:site_name\" content=\"Libreria Piemontese\" \/>\n<meta property=\"article:modified_time\" content=\"2025-02-24T16:05:08+00:00\" \/>\n<meta property=\"og:image\" content=\"https:\/\/libreriapiemontese.com\/wp-content\/uploads\/2025\/02\/DSC_1143.jpg\" \/>\n\t<meta property=\"og:image:width\" content=\"412\" \/>\n\t<meta property=\"og:image:height\" content=\"600\" \/>\n\t<meta property=\"og:image:type\" content=\"image\/jpeg\" \/>\n<meta name=\"twitter:card\" content=\"summary_large_image\" \/>\n<meta name=\"twitter:label1\" content=\"Tempo di lettura stimato\" \/>\n\t<meta name=\"twitter:data1\" content=\"1 minuto\" \/>\n<script type=\"application\/ld+json\" class=\"yoast-schema-graph\">{\"@context\":\"https:\/\/schema.org\",\"@graph\":[{\"@type\":\"WebPage\",\"@id\":\"https:\/\/libreriapiemontese.com\/?product=il-po-in-noir\",\"url\":\"https:\/\/libreriapiemontese.com\/?product=il-po-in-noir\",\"name\":\"Il Po in noir - Libreria Piemontese\",\"isPartOf\":{\"@id\":\"https:\/\/libreriapiemontese.com\/#website\"},\"primaryImageOfPage\":{\"@id\":\"https:\/\/libreriapiemontese.com\/?product=il-po-in-noir#primaryimage\"},\"image\":{\"@id\":\"https:\/\/libreriapiemontese.com\/?product=il-po-in-noir#primaryimage\"},\"thumbnailUrl\":\"https:\/\/libreriapiemontese.com\/wp-content\/uploads\/2025\/02\/DSC_1143.jpg\",\"datePublished\":\"2025-02-24T12:25:02+00:00\",\"dateModified\":\"2025-02-24T16:05:08+00:00\",\"description\":\"Il Po in noir\",\"breadcrumb\":{\"@id\":\"https:\/\/libreriapiemontese.com\/?product=il-po-in-noir#breadcrumb\"},\"inLanguage\":\"it-IT\",\"potentialAction\":[{\"@type\":\"ReadAction\",\"target\":[\"https:\/\/libreriapiemontese.com\/?product=il-po-in-noir\"]}]},{\"@type\":\"ImageObject\",\"inLanguage\":\"it-IT\",\"@id\":\"https:\/\/libreriapiemontese.com\/?product=il-po-in-noir#primaryimage\",\"url\":\"https:\/\/libreriapiemontese.com\/wp-content\/uploads\/2025\/02\/DSC_1143.jpg\",\"contentUrl\":\"https:\/\/libreriapiemontese.com\/wp-content\/uploads\/2025\/02\/DSC_1143.jpg\",\"width\":412,\"height\":600},{\"@type\":\"BreadcrumbList\",\"@id\":\"https:\/\/libreriapiemontese.com\/?product=il-po-in-noir#breadcrumb\",\"itemListElement\":[{\"@type\":\"ListItem\",\"position\":1,\"name\":\"Home\",\"item\":\"https:\/\/libreriapiemontese.com\/\"},{\"@type\":\"ListItem\",\"position\":2,\"name\":\"Shop\",\"item\":\"https:\/\/libreriapiemontese.com\/?page_id=6\"},{\"@type\":\"ListItem\",\"position\":3,\"name\":\"Il Po in noir\"}]},{\"@type\":\"WebSite\",\"@id\":\"https:\/\/libreriapiemontese.com\/#website\",\"url\":\"https:\/\/libreriapiemontese.com\/\",\"name\":\"Libreria Piemontese\",\"description\":\"\",\"potentialAction\":[{\"@type\":\"SearchAction\",\"target\":{\"@type\":\"EntryPoint\",\"urlTemplate\":\"https:\/\/libreriapiemontese.com\/?s={search_term_string}\"},\"query-input\":{\"@type\":\"PropertyValueSpecification\",\"valueRequired\":true,\"valueName\":\"search_term_string\"}}],\"inLanguage\":\"it-IT\"}]}<\/script>\n<!-- \/ Yoast SEO plugin. -->","yoast_head_json":{"title":"Il Po in noir - Libreria Piemontese","description":"Il Po in noir","robots":{"index":"index","follow":"follow","max-snippet":"max-snippet:-1","max-image-preview":"max-image-preview:large","max-video-preview":"max-video-preview:-1"},"canonical":"https:\/\/libreriapiemontese.com\/?product=il-po-in-noir","og_locale":"it_IT","og_type":"article","og_title":"Il Po in noir - Libreria Piemontese","og_description":"Il Po in noir","og_url":"https:\/\/libreriapiemontese.com\/?product=il-po-in-noir","og_site_name":"Libreria Piemontese","article_modified_time":"2025-02-24T16:05:08+00:00","og_image":[{"width":412,"height":600,"url":"https:\/\/libreriapiemontese.com\/wp-content\/uploads\/2025\/02\/DSC_1143.jpg","type":"image\/jpeg"}],"twitter_card":"summary_large_image","twitter_misc":{"Tempo di lettura stimato":"1 minuto"},"schema":{"@context":"https:\/\/schema.org","@graph":[{"@type":"WebPage","@id":"https:\/\/libreriapiemontese.com\/?product=il-po-in-noir","url":"https:\/\/libreriapiemontese.com\/?product=il-po-in-noir","name":"Il Po in noir - Libreria Piemontese","isPartOf":{"@id":"https:\/\/libreriapiemontese.com\/#website"},"primaryImageOfPage":{"@id":"https:\/\/libreriapiemontese.com\/?product=il-po-in-noir#primaryimage"},"image":{"@id":"https:\/\/libreriapiemontese.com\/?product=il-po-in-noir#primaryimage"},"thumbnailUrl":"https:\/\/libreriapiemontese.com\/wp-content\/uploads\/2025\/02\/DSC_1143.jpg","datePublished":"2025-02-24T12:25:02+00:00","dateModified":"2025-02-24T16:05:08+00:00","description":"Il Po in noir","breadcrumb":{"@id":"https:\/\/libreriapiemontese.com\/?product=il-po-in-noir#breadcrumb"},"inLanguage":"it-IT","potentialAction":[{"@type":"ReadAction","target":["https:\/\/libreriapiemontese.com\/?product=il-po-in-noir"]}]},{"@type":"ImageObject","inLanguage":"it-IT","@id":"https:\/\/libreriapiemontese.com\/?product=il-po-in-noir#primaryimage","url":"https:\/\/libreriapiemontese.com\/wp-content\/uploads\/2025\/02\/DSC_1143.jpg","contentUrl":"https:\/\/libreriapiemontese.com\/wp-content\/uploads\/2025\/02\/DSC_1143.jpg","width":412,"height":600},{"@type":"BreadcrumbList","@id":"https:\/\/libreriapiemontese.com\/?product=il-po-in-noir#breadcrumb","itemListElement":[{"@type":"ListItem","position":1,"name":"Home","item":"https:\/\/libreriapiemontese.com\/"},{"@type":"ListItem","position":2,"name":"Shop","item":"https:\/\/libreriapiemontese.com\/?page_id=6"},{"@type":"ListItem","position":3,"name":"Il Po in noir"}]},{"@type":"WebSite","@id":"https:\/\/libreriapiemontese.com\/#website","url":"https:\/\/libreriapiemontese.com\/","name":"Libreria Piemontese","description":"","potentialAction":[{"@type":"SearchAction","target":{"@type":"EntryPoint","urlTemplate":"https:\/\/libreriapiemontese.com\/?s={search_term_string}"},"query-input":{"@type":"PropertyValueSpecification","valueRequired":true,"valueName":"search_term_string"}}],"inLanguage":"it-IT"}]}},"_links":{"self":[{"href":"https:\/\/libreriapiemontese.com\/index.php?rest_route=\/wp\/v2\/product\/673","targetHints":{"allow":["GET"]}}],"collection":[{"href":"https:\/\/libreriapiemontese.com\/index.php?rest_route=\/wp\/v2\/product"}],"about":[{"href":"https:\/\/libreriapiemontese.com\/index.php?rest_route=\/wp\/v2\/types\/product"}],"replies":[{"embeddable":true,"href":"https:\/\/libreriapiemontese.com\/index.php?rest_route=%2Fwp%2Fv2%2Fcomments&post=673"}],"wp:featuredmedia":[{"embeddable":true,"href":"https:\/\/libreriapiemontese.com\/index.php?rest_route=\/wp\/v2\/media\/674"}],"wp:attachment":[{"href":"https:\/\/libreriapiemontese.com\/index.php?rest_route=%2Fwp%2Fv2%2Fmedia&parent=673"}],"wp:term":[{"taxonomy":"autore","embeddable":true,"href":"https:\/\/libreriapiemontese.com\/index.php?rest_route=%2Fwp%2Fv2%2Fautore&post=673"},{"taxonomy":"casa-editirice","embeddable":true,"href":"https:\/\/libreriapiemontese.com\/index.php?rest_route=%2Fwp%2Fv2%2Fcasa-editirice&post=673"},{"taxonomy":"product_brand","embeddable":true,"href":"https:\/\/libreriapiemontese.com\/index.php?rest_route=%2Fwp%2Fv2%2Fproduct_brand&post=673"},{"taxonomy":"product_cat","embeddable":true,"href":"https:\/\/libreriapiemontese.com\/index.php?rest_route=%2Fwp%2Fv2%2Fproduct_cat&post=673"},{"taxonomy":"product_tag","embeddable":true,"href":"https:\/\/libreriapiemontese.com\/index.php?rest_route=%2Fwp%2Fv2%2Fproduct_tag&post=673"}],"curies":[{"name":"wp","href":"https:\/\/api.w.org\/{rel}","templated":true}]}}