{"id":679,"date":"2025-02-24T15:57:23","date_gmt":"2025-02-24T15:57:23","guid":{"rendered":"https:\/\/libreriapiemontese.com\/?post_type=product&#038;p=679"},"modified":"2025-02-24T15:57:23","modified_gmt":"2025-02-24T15:57:23","slug":"rol-il-grande-veggente","status":"publish","type":"product","link":"https:\/\/libreriapiemontese.com\/?product=rol-il-grande-veggente","title":{"rendered":"Rol il grande veggente"},"content":{"rendered":"<p>Gustavo Rol \u00e8 stato una delle personalit\u00e0 pi\u00f9 enigmatiche e straordinarie del &#8216;900. L&#8217;hanno definito mago, medium, spiritista, indovino; nel corso della sua lunga vita (1903-1994) \u00e8 entrato in contatto con molti grandi personaggi del XX secolo, da Einstein a De Gaulle, da Pio XII a Kennedy, da D&#8217;Annunzio a Fellini. Poteva viaggiare nel tempo o vedere all&#8217;interno del corpo umano, spostava oggetti senza toccarli, li materializzava o smaterializzava, prevedeva il futuro, leggeva nel pensiero\u2026<br \/>\nNel 1977 Renzo Allegri riusc\u00ec a farsi ammettere nel circolo di amici che quasi ogni sera riuniva nel suo raffinato appartamento torinese per assistere ai famosi &lt;&lt; esperimenti&gt;&gt;. Non solo: dopo aver ottenuto il permesso di intervistarlo, cominci\u00f2 a frequentarlo regolarmente, e tra loro nacque una sincera amicizia. Questo libro ne ripercorre la storia, arricchendola con un prezioso contributo: gli articoli frutto dei loro incontri, che spesso Rol riscriveva per intero e che possono quindi essere letti come una sorta di autobiografia, una testimonianza unica sulla vita e sul pensiero del pi\u00f9 celebre veggente italiano.<\/p>\n<p>&nbsp;<\/p>\n","protected":false},"excerpt":{"rendered":"<p>Gustavo Rol \u00e8 stato una delle personalit\u00e0 pi\u00f9 enigmatiche e straordinarie del &#8216;900. L&#8217;hanno definito mago, medium, spiritista, indovino; nel corso della sua lunga vita (1903-1994) \u00e8 entrato in contatto con molti grandi personaggi del XX secolo, da Einstein a De Gaulle, da Pio XII a Kennedy, da D&#8217;Annunzio a Fellini. Poteva viaggiare nel tempo o vedere all&#8217;interno del corpo umano, spostava oggetti senza toccarli, li materializzava o smaterializzava, prevedeva il futuro, leggeva nel pensiero\u2026<\/p>\n","protected":false},"featured_media":680,"comment_status":"open","ping_status":"closed","template":"","meta":{"_acf_changed":false,"_et_pb_use_builder":"","_et_pb_old_content":"","_et_gb_content_width":""},"autore":[88],"casa-editirice":[85],"product_brand":[],"product_cat":[82,35],"product_tag":[87,86],"class_list":{"0":"post-679","1":"product","2":"type-product","3":"status-publish","4":"has-post-thumbnail","6":"autore-renzo-allegri","7":"casa-editirice-edizioni-leta-dellacquario","8":"product_cat-biografico","9":"product_cat-torino","10":"product_tag-renzo-allegri","11":"product_tag-rol-il-grande-veggente","13":"first","14":"instock","15":"shipping-taxable","16":"purchasable","17":"product-type-simple"},"acf":[],"yoast_head":"<!-- This site is optimized with the Yoast SEO plugin v24.7 - https:\/\/yoast.com\/wordpress\/plugins\/seo\/ -->\n<title>Rol il grande veggente - Libreria Piemontese<\/title>\n<meta name=\"description\" content=\"Gustavo Rol \u00e8 stato una delle personalit\u00e0 pi\u00f9 enigmatiche e straordinarie del &#039;900.\" \/>\n<meta name=\"robots\" content=\"index, follow, max-snippet:-1, max-image-preview:large, max-video-preview:-1\" \/>\n<link rel=\"canonical\" href=\"https:\/\/libreriapiemontese.com\/?product=rol-il-grande-veggente\" \/>\n<meta property=\"og:locale\" content=\"it_IT\" \/>\n<meta property=\"og:type\" content=\"article\" \/>\n<meta property=\"og:title\" content=\"Rol il grande veggente - Libreria Piemontese\" \/>\n<meta property=\"og:description\" content=\"Gustavo Rol \u00e8 stato una delle personalit\u00e0 pi\u00f9 enigmatiche e straordinarie del &#039;900.\" \/>\n<meta property=\"og:url\" content=\"https:\/\/libreriapiemontese.com\/?product=rol-il-grande-veggente\" \/>\n<meta property=\"og:site_name\" content=\"Libreria Piemontese\" \/>\n<meta property=\"og:image\" content=\"https:\/\/libreriapiemontese.com\/wp-content\/uploads\/2025\/02\/DSC_1139.jpg\" \/>\n\t<meta property=\"og:image:width\" content=\"399\" \/>\n\t<meta property=\"og:image:height\" content=\"600\" \/>\n\t<meta property=\"og:image:type\" content=\"image\/jpeg\" \/>\n<meta name=\"twitter:card\" content=\"summary_large_image\" \/>\n<meta name=\"twitter:label1\" content=\"Tempo di lettura stimato\" \/>\n\t<meta name=\"twitter:data1\" content=\"1 minuto\" \/>\n<script type=\"application\/ld+json\" class=\"yoast-schema-graph\">{\"@context\":\"https:\/\/schema.org\",\"@graph\":[{\"@type\":\"WebPage\",\"@id\":\"https:\/\/libreriapiemontese.com\/?product=rol-il-grande-veggente\",\"url\":\"https:\/\/libreriapiemontese.com\/?product=rol-il-grande-veggente\",\"name\":\"Rol il grande veggente - Libreria Piemontese\",\"isPartOf\":{\"@id\":\"https:\/\/libreriapiemontese.com\/#website\"},\"primaryImageOfPage\":{\"@id\":\"https:\/\/libreriapiemontese.com\/?product=rol-il-grande-veggente#primaryimage\"},\"image\":{\"@id\":\"https:\/\/libreriapiemontese.com\/?product=rol-il-grande-veggente#primaryimage\"},\"thumbnailUrl\":\"https:\/\/libreriapiemontese.com\/wp-content\/uploads\/2025\/02\/DSC_1139.jpg\",\"datePublished\":\"2025-02-24T15:57:23+00:00\",\"description\":\"Gustavo Rol \u00e8 stato una delle personalit\u00e0 pi\u00f9 enigmatiche e straordinarie del '900.\",\"breadcrumb\":{\"@id\":\"https:\/\/libreriapiemontese.com\/?product=rol-il-grande-veggente#breadcrumb\"},\"inLanguage\":\"it-IT\",\"potentialAction\":[{\"@type\":\"ReadAction\",\"target\":[\"https:\/\/libreriapiemontese.com\/?product=rol-il-grande-veggente\"]}]},{\"@type\":\"ImageObject\",\"inLanguage\":\"it-IT\",\"@id\":\"https:\/\/libreriapiemontese.com\/?product=rol-il-grande-veggente#primaryimage\",\"url\":\"https:\/\/libreriapiemontese.com\/wp-content\/uploads\/2025\/02\/DSC_1139.jpg\",\"contentUrl\":\"https:\/\/libreriapiemontese.com\/wp-content\/uploads\/2025\/02\/DSC_1139.jpg\",\"width\":399,\"height\":600},{\"@type\":\"BreadcrumbList\",\"@id\":\"https:\/\/libreriapiemontese.com\/?product=rol-il-grande-veggente#breadcrumb\",\"itemListElement\":[{\"@type\":\"ListItem\",\"position\":1,\"name\":\"Home\",\"item\":\"https:\/\/libreriapiemontese.com\/\"},{\"@type\":\"ListItem\",\"position\":2,\"name\":\"Shop\",\"item\":\"https:\/\/libreriapiemontese.com\/?page_id=6\"},{\"@type\":\"ListItem\",\"position\":3,\"name\":\"Rol il grande veggente\"}]},{\"@type\":\"WebSite\",\"@id\":\"https:\/\/libreriapiemontese.com\/#website\",\"url\":\"https:\/\/libreriapiemontese.com\/\",\"name\":\"Libreria Piemontese\",\"description\":\"\",\"potentialAction\":[{\"@type\":\"SearchAction\",\"target\":{\"@type\":\"EntryPoint\",\"urlTemplate\":\"https:\/\/libreriapiemontese.com\/?s={search_term_string}\"},\"query-input\":{\"@type\":\"PropertyValueSpecification\",\"valueRequired\":true,\"valueName\":\"search_term_string\"}}],\"inLanguage\":\"it-IT\"}]}<\/script>\n<!-- \/ Yoast SEO plugin. -->","yoast_head_json":{"title":"Rol il grande veggente - Libreria Piemontese","description":"Gustavo Rol \u00e8 stato una delle personalit\u00e0 pi\u00f9 enigmatiche e straordinarie del '900.","robots":{"index":"index","follow":"follow","max-snippet":"max-snippet:-1","max-image-preview":"max-image-preview:large","max-video-preview":"max-video-preview:-1"},"canonical":"https:\/\/libreriapiemontese.com\/?product=rol-il-grande-veggente","og_locale":"it_IT","og_type":"article","og_title":"Rol il grande veggente - Libreria Piemontese","og_description":"Gustavo Rol \u00e8 stato una delle personalit\u00e0 pi\u00f9 enigmatiche e straordinarie del '900.","og_url":"https:\/\/libreriapiemontese.com\/?product=rol-il-grande-veggente","og_site_name":"Libreria Piemontese","og_image":[{"width":399,"height":600,"url":"https:\/\/libreriapiemontese.com\/wp-content\/uploads\/2025\/02\/DSC_1139.jpg","type":"image\/jpeg"}],"twitter_card":"summary_large_image","twitter_misc":{"Tempo di lettura stimato":"1 minuto"},"schema":{"@context":"https:\/\/schema.org","@graph":[{"@type":"WebPage","@id":"https:\/\/libreriapiemontese.com\/?product=rol-il-grande-veggente","url":"https:\/\/libreriapiemontese.com\/?product=rol-il-grande-veggente","name":"Rol il grande veggente - Libreria Piemontese","isPartOf":{"@id":"https:\/\/libreriapiemontese.com\/#website"},"primaryImageOfPage":{"@id":"https:\/\/libreriapiemontese.com\/?product=rol-il-grande-veggente#primaryimage"},"image":{"@id":"https:\/\/libreriapiemontese.com\/?product=rol-il-grande-veggente#primaryimage"},"thumbnailUrl":"https:\/\/libreriapiemontese.com\/wp-content\/uploads\/2025\/02\/DSC_1139.jpg","datePublished":"2025-02-24T15:57:23+00:00","description":"Gustavo Rol \u00e8 stato una delle personalit\u00e0 pi\u00f9 enigmatiche e straordinarie del '900.","breadcrumb":{"@id":"https:\/\/libreriapiemontese.com\/?product=rol-il-grande-veggente#breadcrumb"},"inLanguage":"it-IT","potentialAction":[{"@type":"ReadAction","target":["https:\/\/libreriapiemontese.com\/?product=rol-il-grande-veggente"]}]},{"@type":"ImageObject","inLanguage":"it-IT","@id":"https:\/\/libreriapiemontese.com\/?product=rol-il-grande-veggente#primaryimage","url":"https:\/\/libreriapiemontese.com\/wp-content\/uploads\/2025\/02\/DSC_1139.jpg","contentUrl":"https:\/\/libreriapiemontese.com\/wp-content\/uploads\/2025\/02\/DSC_1139.jpg","width":399,"height":600},{"@type":"BreadcrumbList","@id":"https:\/\/libreriapiemontese.com\/?product=rol-il-grande-veggente#breadcrumb","itemListElement":[{"@type":"ListItem","position":1,"name":"Home","item":"https:\/\/libreriapiemontese.com\/"},{"@type":"ListItem","position":2,"name":"Shop","item":"https:\/\/libreriapiemontese.com\/?page_id=6"},{"@type":"ListItem","position":3,"name":"Rol il grande veggente"}]},{"@type":"WebSite","@id":"https:\/\/libreriapiemontese.com\/#website","url":"https:\/\/libreriapiemontese.com\/","name":"Libreria Piemontese","description":"","potentialAction":[{"@type":"SearchAction","target":{"@type":"EntryPoint","urlTemplate":"https:\/\/libreriapiemontese.com\/?s={search_term_string}"},"query-input":{"@type":"PropertyValueSpecification","valueRequired":true,"valueName":"search_term_string"}}],"inLanguage":"it-IT"}]}},"_links":{"self":[{"href":"https:\/\/libreriapiemontese.com\/index.php?rest_route=\/wp\/v2\/product\/679","targetHints":{"allow":["GET"]}}],"collection":[{"href":"https:\/\/libreriapiemontese.com\/index.php?rest_route=\/wp\/v2\/product"}],"about":[{"href":"https:\/\/libreriapiemontese.com\/index.php?rest_route=\/wp\/v2\/types\/product"}],"replies":[{"embeddable":true,"href":"https:\/\/libreriapiemontese.com\/index.php?rest_route=%2Fwp%2Fv2%2Fcomments&post=679"}],"wp:featuredmedia":[{"embeddable":true,"href":"https:\/\/libreriapiemontese.com\/index.php?rest_route=\/wp\/v2\/media\/680"}],"wp:attachment":[{"href":"https:\/\/libreriapiemontese.com\/index.php?rest_route=%2Fwp%2Fv2%2Fmedia&parent=679"}],"wp:term":[{"taxonomy":"autore","embeddable":true,"href":"https:\/\/libreriapiemontese.com\/index.php?rest_route=%2Fwp%2Fv2%2Fautore&post=679"},{"taxonomy":"casa-editirice","embeddable":true,"href":"https:\/\/libreriapiemontese.com\/index.php?rest_route=%2Fwp%2Fv2%2Fcasa-editirice&post=679"},{"taxonomy":"product_brand","embeddable":true,"href":"https:\/\/libreriapiemontese.com\/index.php?rest_route=%2Fwp%2Fv2%2Fproduct_brand&post=679"},{"taxonomy":"product_cat","embeddable":true,"href":"https:\/\/libreriapiemontese.com\/index.php?rest_route=%2Fwp%2Fv2%2Fproduct_cat&post=679"},{"taxonomy":"product_tag","embeddable":true,"href":"https:\/\/libreriapiemontese.com\/index.php?rest_route=%2Fwp%2Fv2%2Fproduct_tag&post=679"}],"curies":[{"name":"wp","href":"https:\/\/api.w.org\/{rel}","templated":true}]}}