{"id":701,"date":"2025-02-25T12:17:06","date_gmt":"2025-02-25T12:17:06","guid":{"rendered":"https:\/\/libreriapiemontese.com\/?post_type=product&#038;p=701"},"modified":"2025-02-25T12:17:07","modified_gmt":"2025-02-25T12:17:07","slug":"i-misteri-della-cattedrale-di-chartres","status":"publish","type":"product","link":"https:\/\/libreriapiemontese.com\/?product=i-misteri-della-cattedrale-di-chartres","title":{"rendered":"I misteri della Cattedrale di Chartres"},"content":{"rendered":"<p>Un uomo interroga una cattedrale, e il mistero di un sapere perduto si disvela poco a poco.La cattedrale di Chartres racconta davvero dei dolmen sotto i quali i druidi accoglievano i novizi per l&#8217;iniziazione? E&#8217; forse, attraverso i Templari e la sapienza dei Cistercensi, l&#8217;erede delle piramidi e del Tempio di Salomone? E&#8217; davvero &lt;&lt;il Libro di pietra&gt;&gt; nel quale i Fratelli costruttori fissarono le regole armoniche dell&#8217;Unit\u00e0 divina rivelata a Mos\u00e8 sul Monte Sinai?<br \/>\nSono solo alcune delle domande che Luis Charpentier rivolge alla Cattedrale. E la cattedrale risponde\u2026 che i Sapienti, ben prima di Galileo, sapevano che la terra \u00e8 rotonda e nulla ignoravano dell&#8217;influsso del cosmo sugli uomini. E parla con la forza della pi\u00f9 straordinaria opera di promozione di un&#8217;umanit\u00e0 superiore, emblema delle infinite suggestioni dello stile gotico, con le sue &lt;&lt;giuste&gt;&gt; proporzioni, &lt;&lt;giuste&gt;&gt; dimensioni, &lt;&lt;giuste&gt;&gt; armonie sonore e luminose.<br \/>\nDa 40 anni questi libro \u00e8 un grande classico del pensiero esoterico, una introduzione preziosa a un mondo arcano e misterioso, che ancora vive dentro il pi\u00f9 celebre &lt;&lt;enigma di pietra&gt;&gt; della nostra cultura.<\/p>\n","protected":false},"excerpt":{"rendered":"<p>Da 40 anni questi libro \u00e8 un grande classico del pensiero esoterico, una introduzione preziosa a un mondo arcano e misterioso, che ancora vive dentro il pi\u00f9 celebre &lt;&lt;enigma di pietra&gt;&gt; della nostra cultura.<\/p>\n","protected":false},"featured_media":702,"comment_status":"open","ping_status":"closed","template":"","meta":{"_acf_changed":false,"_et_pb_use_builder":"","_et_pb_old_content":"","_et_gb_content_width":""},"autore":[104],"casa-editirice":[85],"product_brand":[],"product_cat":[37],"product_tag":[103],"class_list":{"0":"post-701","1":"product","2":"type-product","3":"status-publish","4":"has-post-thumbnail","6":"autore-louis-charpentier","7":"casa-editirice-edizioni-leta-dellacquario","8":"product_cat-storico","9":"product_tag-i-misteri-della-cattedrale-di-chartres","11":"first","12":"instock","13":"shipping-taxable","14":"purchasable","15":"product-type-simple"},"acf":[],"yoast_head":"<!-- This site is optimized with the Yoast SEO plugin v24.7 - https:\/\/yoast.com\/wordpress\/plugins\/seo\/ -->\n<title>I misteri della Cattedrale di Chartres - Libreria Piemontese<\/title>\n<meta name=\"description\" content=\"Un uomo interroga una cattedrale, e il mistero di un sapere perduto si disvela poco a poco.\" \/>\n<meta name=\"robots\" content=\"index, follow, max-snippet:-1, max-image-preview:large, max-video-preview:-1\" \/>\n<link rel=\"canonical\" href=\"https:\/\/libreriapiemontese.com\/?product=i-misteri-della-cattedrale-di-chartres\" \/>\n<meta property=\"og:locale\" content=\"it_IT\" \/>\n<meta property=\"og:type\" content=\"article\" \/>\n<meta property=\"og:title\" content=\"I misteri della Cattedrale di Chartres - Libreria Piemontese\" \/>\n<meta property=\"og:description\" content=\"Un uomo interroga una cattedrale, e il mistero di un sapere perduto si disvela poco a poco.\" \/>\n<meta property=\"og:url\" content=\"https:\/\/libreriapiemontese.com\/?product=i-misteri-della-cattedrale-di-chartres\" \/>\n<meta property=\"og:site_name\" content=\"Libreria Piemontese\" \/>\n<meta property=\"article:modified_time\" content=\"2025-02-25T12:17:07+00:00\" \/>\n<meta property=\"og:image\" content=\"https:\/\/libreriapiemontese.com\/wp-content\/uploads\/2025\/02\/DSC_1125.jpg\" \/>\n\t<meta property=\"og:image:width\" content=\"408\" \/>\n\t<meta property=\"og:image:height\" content=\"600\" \/>\n\t<meta property=\"og:image:type\" content=\"image\/jpeg\" \/>\n<meta name=\"twitter:card\" content=\"summary_large_image\" \/>\n<meta name=\"twitter:label1\" content=\"Tempo di lettura stimato\" \/>\n\t<meta name=\"twitter:data1\" content=\"1 minuto\" \/>\n<script type=\"application\/ld+json\" class=\"yoast-schema-graph\">{\"@context\":\"https:\/\/schema.org\",\"@graph\":[{\"@type\":\"WebPage\",\"@id\":\"https:\/\/libreriapiemontese.com\/?product=i-misteri-della-cattedrale-di-chartres\",\"url\":\"https:\/\/libreriapiemontese.com\/?product=i-misteri-della-cattedrale-di-chartres\",\"name\":\"I misteri della Cattedrale di Chartres - Libreria Piemontese\",\"isPartOf\":{\"@id\":\"https:\/\/libreriapiemontese.com\/#website\"},\"primaryImageOfPage\":{\"@id\":\"https:\/\/libreriapiemontese.com\/?product=i-misteri-della-cattedrale-di-chartres#primaryimage\"},\"image\":{\"@id\":\"https:\/\/libreriapiemontese.com\/?product=i-misteri-della-cattedrale-di-chartres#primaryimage\"},\"thumbnailUrl\":\"https:\/\/libreriapiemontese.com\/wp-content\/uploads\/2025\/02\/DSC_1125.jpg\",\"datePublished\":\"2025-02-25T12:17:06+00:00\",\"dateModified\":\"2025-02-25T12:17:07+00:00\",\"description\":\"Un uomo interroga una cattedrale, e il mistero di un sapere perduto si disvela poco a poco.\",\"breadcrumb\":{\"@id\":\"https:\/\/libreriapiemontese.com\/?product=i-misteri-della-cattedrale-di-chartres#breadcrumb\"},\"inLanguage\":\"it-IT\",\"potentialAction\":[{\"@type\":\"ReadAction\",\"target\":[\"https:\/\/libreriapiemontese.com\/?product=i-misteri-della-cattedrale-di-chartres\"]}]},{\"@type\":\"ImageObject\",\"inLanguage\":\"it-IT\",\"@id\":\"https:\/\/libreriapiemontese.com\/?product=i-misteri-della-cattedrale-di-chartres#primaryimage\",\"url\":\"https:\/\/libreriapiemontese.com\/wp-content\/uploads\/2025\/02\/DSC_1125.jpg\",\"contentUrl\":\"https:\/\/libreriapiemontese.com\/wp-content\/uploads\/2025\/02\/DSC_1125.jpg\",\"width\":408,\"height\":600},{\"@type\":\"BreadcrumbList\",\"@id\":\"https:\/\/libreriapiemontese.com\/?product=i-misteri-della-cattedrale-di-chartres#breadcrumb\",\"itemListElement\":[{\"@type\":\"ListItem\",\"position\":1,\"name\":\"Home\",\"item\":\"https:\/\/libreriapiemontese.com\/\"},{\"@type\":\"ListItem\",\"position\":2,\"name\":\"Shop\",\"item\":\"https:\/\/libreriapiemontese.com\/?page_id=6\"},{\"@type\":\"ListItem\",\"position\":3,\"name\":\"I misteri della Cattedrale di Chartres\"}]},{\"@type\":\"WebSite\",\"@id\":\"https:\/\/libreriapiemontese.com\/#website\",\"url\":\"https:\/\/libreriapiemontese.com\/\",\"name\":\"Libreria Piemontese\",\"description\":\"\",\"potentialAction\":[{\"@type\":\"SearchAction\",\"target\":{\"@type\":\"EntryPoint\",\"urlTemplate\":\"https:\/\/libreriapiemontese.com\/?s={search_term_string}\"},\"query-input\":{\"@type\":\"PropertyValueSpecification\",\"valueRequired\":true,\"valueName\":\"search_term_string\"}}],\"inLanguage\":\"it-IT\"}]}<\/script>\n<!-- \/ Yoast SEO plugin. -->","yoast_head_json":{"title":"I misteri della Cattedrale di Chartres - Libreria Piemontese","description":"Un uomo interroga una cattedrale, e il mistero di un sapere perduto si disvela poco a poco.","robots":{"index":"index","follow":"follow","max-snippet":"max-snippet:-1","max-image-preview":"max-image-preview:large","max-video-preview":"max-video-preview:-1"},"canonical":"https:\/\/libreriapiemontese.com\/?product=i-misteri-della-cattedrale-di-chartres","og_locale":"it_IT","og_type":"article","og_title":"I misteri della Cattedrale di Chartres - Libreria Piemontese","og_description":"Un uomo interroga una cattedrale, e il mistero di un sapere perduto si disvela poco a poco.","og_url":"https:\/\/libreriapiemontese.com\/?product=i-misteri-della-cattedrale-di-chartres","og_site_name":"Libreria Piemontese","article_modified_time":"2025-02-25T12:17:07+00:00","og_image":[{"width":408,"height":600,"url":"https:\/\/libreriapiemontese.com\/wp-content\/uploads\/2025\/02\/DSC_1125.jpg","type":"image\/jpeg"}],"twitter_card":"summary_large_image","twitter_misc":{"Tempo di lettura stimato":"1 minuto"},"schema":{"@context":"https:\/\/schema.org","@graph":[{"@type":"WebPage","@id":"https:\/\/libreriapiemontese.com\/?product=i-misteri-della-cattedrale-di-chartres","url":"https:\/\/libreriapiemontese.com\/?product=i-misteri-della-cattedrale-di-chartres","name":"I misteri della Cattedrale di Chartres - Libreria Piemontese","isPartOf":{"@id":"https:\/\/libreriapiemontese.com\/#website"},"primaryImageOfPage":{"@id":"https:\/\/libreriapiemontese.com\/?product=i-misteri-della-cattedrale-di-chartres#primaryimage"},"image":{"@id":"https:\/\/libreriapiemontese.com\/?product=i-misteri-della-cattedrale-di-chartres#primaryimage"},"thumbnailUrl":"https:\/\/libreriapiemontese.com\/wp-content\/uploads\/2025\/02\/DSC_1125.jpg","datePublished":"2025-02-25T12:17:06+00:00","dateModified":"2025-02-25T12:17:07+00:00","description":"Un uomo interroga una cattedrale, e il mistero di un sapere perduto si disvela poco a poco.","breadcrumb":{"@id":"https:\/\/libreriapiemontese.com\/?product=i-misteri-della-cattedrale-di-chartres#breadcrumb"},"inLanguage":"it-IT","potentialAction":[{"@type":"ReadAction","target":["https:\/\/libreriapiemontese.com\/?product=i-misteri-della-cattedrale-di-chartres"]}]},{"@type":"ImageObject","inLanguage":"it-IT","@id":"https:\/\/libreriapiemontese.com\/?product=i-misteri-della-cattedrale-di-chartres#primaryimage","url":"https:\/\/libreriapiemontese.com\/wp-content\/uploads\/2025\/02\/DSC_1125.jpg","contentUrl":"https:\/\/libreriapiemontese.com\/wp-content\/uploads\/2025\/02\/DSC_1125.jpg","width":408,"height":600},{"@type":"BreadcrumbList","@id":"https:\/\/libreriapiemontese.com\/?product=i-misteri-della-cattedrale-di-chartres#breadcrumb","itemListElement":[{"@type":"ListItem","position":1,"name":"Home","item":"https:\/\/libreriapiemontese.com\/"},{"@type":"ListItem","position":2,"name":"Shop","item":"https:\/\/libreriapiemontese.com\/?page_id=6"},{"@type":"ListItem","position":3,"name":"I misteri della Cattedrale di Chartres"}]},{"@type":"WebSite","@id":"https:\/\/libreriapiemontese.com\/#website","url":"https:\/\/libreriapiemontese.com\/","name":"Libreria Piemontese","description":"","potentialAction":[{"@type":"SearchAction","target":{"@type":"EntryPoint","urlTemplate":"https:\/\/libreriapiemontese.com\/?s={search_term_string}"},"query-input":{"@type":"PropertyValueSpecification","valueRequired":true,"valueName":"search_term_string"}}],"inLanguage":"it-IT"}]}},"_links":{"self":[{"href":"https:\/\/libreriapiemontese.com\/index.php?rest_route=\/wp\/v2\/product\/701","targetHints":{"allow":["GET"]}}],"collection":[{"href":"https:\/\/libreriapiemontese.com\/index.php?rest_route=\/wp\/v2\/product"}],"about":[{"href":"https:\/\/libreriapiemontese.com\/index.php?rest_route=\/wp\/v2\/types\/product"}],"replies":[{"embeddable":true,"href":"https:\/\/libreriapiemontese.com\/index.php?rest_route=%2Fwp%2Fv2%2Fcomments&post=701"}],"wp:featuredmedia":[{"embeddable":true,"href":"https:\/\/libreriapiemontese.com\/index.php?rest_route=\/wp\/v2\/media\/702"}],"wp:attachment":[{"href":"https:\/\/libreriapiemontese.com\/index.php?rest_route=%2Fwp%2Fv2%2Fmedia&parent=701"}],"wp:term":[{"taxonomy":"autore","embeddable":true,"href":"https:\/\/libreriapiemontese.com\/index.php?rest_route=%2Fwp%2Fv2%2Fautore&post=701"},{"taxonomy":"casa-editirice","embeddable":true,"href":"https:\/\/libreriapiemontese.com\/index.php?rest_route=%2Fwp%2Fv2%2Fcasa-editirice&post=701"},{"taxonomy":"product_brand","embeddable":true,"href":"https:\/\/libreriapiemontese.com\/index.php?rest_route=%2Fwp%2Fv2%2Fproduct_brand&post=701"},{"taxonomy":"product_cat","embeddable":true,"href":"https:\/\/libreriapiemontese.com\/index.php?rest_route=%2Fwp%2Fv2%2Fproduct_cat&post=701"},{"taxonomy":"product_tag","embeddable":true,"href":"https:\/\/libreriapiemontese.com\/index.php?rest_route=%2Fwp%2Fv2%2Fproduct_tag&post=701"}],"curies":[{"name":"wp","href":"https:\/\/api.w.org\/{rel}","templated":true}]}}