{"id":707,"date":"2025-02-25T12:26:45","date_gmt":"2025-02-25T12:26:45","guid":{"rendered":"https:\/\/libreriapiemontese.com\/?post_type=product&#038;p=707"},"modified":"2025-03-15T15:21:17","modified_gmt":"2025-03-15T15:21:17","slug":"gli-antichi-sapori","status":"publish","type":"product","link":"https:\/\/libreriapiemontese.com\/?product=gli-antichi-sapori","title":{"rendered":"Gli antichi sapori"},"content":{"rendered":"<p>Tutta l&#8217;essenza di una regione del Piemonte: il Canavese. Le sue tradizioni, la sua cultura e, soprattutto, la sua cucina fatta di sapori e profumi.<br \/>\nSapori forti di campagna, profumi ricchi di sfumature, il sapere di gente che nasce e si fonde con la sua terra. Personaggi caratteristici, da magna Neta a n\u00f2na Michin, da barba T\u00f2ni a B\u00e8rnard el saldeur, ci svelano storie, aneddoti e curiosit\u00e0 di un mondo piacevole da scoprire e riscoprire.<br \/>\nRicette dal sapore intenso, le semplici erbe dei campi validi rimedi oramai dimenticati, racconti di persone umili ma cariche di saggezza. Un&#8217;opera che richiama le nostre radici, da custodire preziosamente trasmettendole alle future generazioni.<\/p>\n","protected":false},"excerpt":{"rendered":"<p>Tutta l&#8217;essenza di una regione del Piemonte: il Canavese. Le sue tradizioni, la sua cultura e, soprattutto, la sua cucina fatta di sapori e profumi.<\/p>\n","protected":false},"featured_media":708,"comment_status":"open","ping_status":"closed","template":"","meta":{"_acf_changed":false,"_et_pb_use_builder":"","_et_pb_old_content":"","_et_gb_content_width":""},"autore":[109],"casa-editirice":[25],"product_brand":[],"product_cat":[36],"product_tag":[108],"class_list":{"0":"post-707","1":"product","2":"type-product","3":"status-publish","4":"has-post-thumbnail","6":"autore-luciano-bianco","7":"casa-editirice-il-punto-piemonte-in-bancarella","8":"product_cat-cucina-piemontese","9":"product_tag-gli-antichi-sapori","11":"first","12":"instock","13":"shipping-taxable","14":"purchasable","15":"product-type-simple"},"acf":[],"yoast_head":"<!-- This site is optimized with the Yoast SEO plugin v24.7 - https:\/\/yoast.com\/wordpress\/plugins\/seo\/ -->\n<title>Gli antichi sapori - Libreria Piemontese<\/title>\n<meta name=\"description\" content=\"Tutta l&#039;essenza di una regione del Piemonte: il Canavese.\" \/>\n<meta name=\"robots\" content=\"index, follow, max-snippet:-1, max-image-preview:large, max-video-preview:-1\" \/>\n<link rel=\"canonical\" href=\"https:\/\/libreriapiemontese.com\/?product=gli-antichi-sapori\" \/>\n<meta property=\"og:locale\" content=\"it_IT\" \/>\n<meta property=\"og:type\" content=\"article\" \/>\n<meta property=\"og:title\" content=\"Gli antichi sapori - Libreria Piemontese\" \/>\n<meta property=\"og:description\" content=\"Tutta l&#039;essenza di una regione del Piemonte: il Canavese.\" \/>\n<meta property=\"og:url\" content=\"https:\/\/libreriapiemontese.com\/?product=gli-antichi-sapori\" \/>\n<meta property=\"og:site_name\" content=\"Libreria Piemontese\" \/>\n<meta property=\"article:modified_time\" content=\"2025-03-15T15:21:17+00:00\" \/>\n<meta property=\"og:image\" content=\"https:\/\/libreriapiemontese.com\/wp-content\/uploads\/2025\/02\/DSC_1121.jpg\" \/>\n\t<meta property=\"og:image:width\" content=\"389\" \/>\n\t<meta property=\"og:image:height\" content=\"600\" \/>\n\t<meta property=\"og:image:type\" content=\"image\/jpeg\" \/>\n<meta name=\"twitter:card\" content=\"summary_large_image\" \/>\n<meta name=\"twitter:label1\" content=\"Tempo di lettura stimato\" \/>\n\t<meta name=\"twitter:data1\" content=\"1 minuto\" \/>\n<script type=\"application\/ld+json\" class=\"yoast-schema-graph\">{\"@context\":\"https:\/\/schema.org\",\"@graph\":[{\"@type\":\"WebPage\",\"@id\":\"https:\/\/libreriapiemontese.com\/?product=gli-antichi-sapori\",\"url\":\"https:\/\/libreriapiemontese.com\/?product=gli-antichi-sapori\",\"name\":\"Gli antichi sapori - Libreria Piemontese\",\"isPartOf\":{\"@id\":\"https:\/\/libreriapiemontese.com\/#website\"},\"primaryImageOfPage\":{\"@id\":\"https:\/\/libreriapiemontese.com\/?product=gli-antichi-sapori#primaryimage\"},\"image\":{\"@id\":\"https:\/\/libreriapiemontese.com\/?product=gli-antichi-sapori#primaryimage\"},\"thumbnailUrl\":\"https:\/\/libreriapiemontese.com\/wp-content\/uploads\/2025\/02\/DSC_1121.jpg\",\"datePublished\":\"2025-02-25T12:26:45+00:00\",\"dateModified\":\"2025-03-15T15:21:17+00:00\",\"description\":\"Tutta l'essenza di una regione del Piemonte: il Canavese.\",\"breadcrumb\":{\"@id\":\"https:\/\/libreriapiemontese.com\/?product=gli-antichi-sapori#breadcrumb\"},\"inLanguage\":\"it-IT\",\"potentialAction\":[{\"@type\":\"ReadAction\",\"target\":[\"https:\/\/libreriapiemontese.com\/?product=gli-antichi-sapori\"]}]},{\"@type\":\"ImageObject\",\"inLanguage\":\"it-IT\",\"@id\":\"https:\/\/libreriapiemontese.com\/?product=gli-antichi-sapori#primaryimage\",\"url\":\"https:\/\/libreriapiemontese.com\/wp-content\/uploads\/2025\/02\/DSC_1121.jpg\",\"contentUrl\":\"https:\/\/libreriapiemontese.com\/wp-content\/uploads\/2025\/02\/DSC_1121.jpg\",\"width\":389,\"height\":600},{\"@type\":\"BreadcrumbList\",\"@id\":\"https:\/\/libreriapiemontese.com\/?product=gli-antichi-sapori#breadcrumb\",\"itemListElement\":[{\"@type\":\"ListItem\",\"position\":1,\"name\":\"Home\",\"item\":\"https:\/\/libreriapiemontese.com\/\"},{\"@type\":\"ListItem\",\"position\":2,\"name\":\"Shop\",\"item\":\"https:\/\/libreriapiemontese.com\/?page_id=6\"},{\"@type\":\"ListItem\",\"position\":3,\"name\":\"Gli antichi sapori\"}]},{\"@type\":\"WebSite\",\"@id\":\"https:\/\/libreriapiemontese.com\/#website\",\"url\":\"https:\/\/libreriapiemontese.com\/\",\"name\":\"Libreria Piemontese\",\"description\":\"\",\"potentialAction\":[{\"@type\":\"SearchAction\",\"target\":{\"@type\":\"EntryPoint\",\"urlTemplate\":\"https:\/\/libreriapiemontese.com\/?s={search_term_string}\"},\"query-input\":{\"@type\":\"PropertyValueSpecification\",\"valueRequired\":true,\"valueName\":\"search_term_string\"}}],\"inLanguage\":\"it-IT\"}]}<\/script>\n<!-- \/ Yoast SEO plugin. -->","yoast_head_json":{"title":"Gli antichi sapori - Libreria Piemontese","description":"Tutta l'essenza di una regione del Piemonte: il Canavese.","robots":{"index":"index","follow":"follow","max-snippet":"max-snippet:-1","max-image-preview":"max-image-preview:large","max-video-preview":"max-video-preview:-1"},"canonical":"https:\/\/libreriapiemontese.com\/?product=gli-antichi-sapori","og_locale":"it_IT","og_type":"article","og_title":"Gli antichi sapori - Libreria Piemontese","og_description":"Tutta l'essenza di una regione del Piemonte: il Canavese.","og_url":"https:\/\/libreriapiemontese.com\/?product=gli-antichi-sapori","og_site_name":"Libreria Piemontese","article_modified_time":"2025-03-15T15:21:17+00:00","og_image":[{"width":389,"height":600,"url":"https:\/\/libreriapiemontese.com\/wp-content\/uploads\/2025\/02\/DSC_1121.jpg","type":"image\/jpeg"}],"twitter_card":"summary_large_image","twitter_misc":{"Tempo di lettura stimato":"1 minuto"},"schema":{"@context":"https:\/\/schema.org","@graph":[{"@type":"WebPage","@id":"https:\/\/libreriapiemontese.com\/?product=gli-antichi-sapori","url":"https:\/\/libreriapiemontese.com\/?product=gli-antichi-sapori","name":"Gli antichi sapori - Libreria Piemontese","isPartOf":{"@id":"https:\/\/libreriapiemontese.com\/#website"},"primaryImageOfPage":{"@id":"https:\/\/libreriapiemontese.com\/?product=gli-antichi-sapori#primaryimage"},"image":{"@id":"https:\/\/libreriapiemontese.com\/?product=gli-antichi-sapori#primaryimage"},"thumbnailUrl":"https:\/\/libreriapiemontese.com\/wp-content\/uploads\/2025\/02\/DSC_1121.jpg","datePublished":"2025-02-25T12:26:45+00:00","dateModified":"2025-03-15T15:21:17+00:00","description":"Tutta l'essenza di una regione del Piemonte: il Canavese.","breadcrumb":{"@id":"https:\/\/libreriapiemontese.com\/?product=gli-antichi-sapori#breadcrumb"},"inLanguage":"it-IT","potentialAction":[{"@type":"ReadAction","target":["https:\/\/libreriapiemontese.com\/?product=gli-antichi-sapori"]}]},{"@type":"ImageObject","inLanguage":"it-IT","@id":"https:\/\/libreriapiemontese.com\/?product=gli-antichi-sapori#primaryimage","url":"https:\/\/libreriapiemontese.com\/wp-content\/uploads\/2025\/02\/DSC_1121.jpg","contentUrl":"https:\/\/libreriapiemontese.com\/wp-content\/uploads\/2025\/02\/DSC_1121.jpg","width":389,"height":600},{"@type":"BreadcrumbList","@id":"https:\/\/libreriapiemontese.com\/?product=gli-antichi-sapori#breadcrumb","itemListElement":[{"@type":"ListItem","position":1,"name":"Home","item":"https:\/\/libreriapiemontese.com\/"},{"@type":"ListItem","position":2,"name":"Shop","item":"https:\/\/libreriapiemontese.com\/?page_id=6"},{"@type":"ListItem","position":3,"name":"Gli antichi sapori"}]},{"@type":"WebSite","@id":"https:\/\/libreriapiemontese.com\/#website","url":"https:\/\/libreriapiemontese.com\/","name":"Libreria Piemontese","description":"","potentialAction":[{"@type":"SearchAction","target":{"@type":"EntryPoint","urlTemplate":"https:\/\/libreriapiemontese.com\/?s={search_term_string}"},"query-input":{"@type":"PropertyValueSpecification","valueRequired":true,"valueName":"search_term_string"}}],"inLanguage":"it-IT"}]}},"_links":{"self":[{"href":"https:\/\/libreriapiemontese.com\/index.php?rest_route=\/wp\/v2\/product\/707","targetHints":{"allow":["GET"]}}],"collection":[{"href":"https:\/\/libreriapiemontese.com\/index.php?rest_route=\/wp\/v2\/product"}],"about":[{"href":"https:\/\/libreriapiemontese.com\/index.php?rest_route=\/wp\/v2\/types\/product"}],"replies":[{"embeddable":true,"href":"https:\/\/libreriapiemontese.com\/index.php?rest_route=%2Fwp%2Fv2%2Fcomments&post=707"}],"wp:featuredmedia":[{"embeddable":true,"href":"https:\/\/libreriapiemontese.com\/index.php?rest_route=\/wp\/v2\/media\/708"}],"wp:attachment":[{"href":"https:\/\/libreriapiemontese.com\/index.php?rest_route=%2Fwp%2Fv2%2Fmedia&parent=707"}],"wp:term":[{"taxonomy":"autore","embeddable":true,"href":"https:\/\/libreriapiemontese.com\/index.php?rest_route=%2Fwp%2Fv2%2Fautore&post=707"},{"taxonomy":"casa-editirice","embeddable":true,"href":"https:\/\/libreriapiemontese.com\/index.php?rest_route=%2Fwp%2Fv2%2Fcasa-editirice&post=707"},{"taxonomy":"product_brand","embeddable":true,"href":"https:\/\/libreriapiemontese.com\/index.php?rest_route=%2Fwp%2Fv2%2Fproduct_brand&post=707"},{"taxonomy":"product_cat","embeddable":true,"href":"https:\/\/libreriapiemontese.com\/index.php?rest_route=%2Fwp%2Fv2%2Fproduct_cat&post=707"},{"taxonomy":"product_tag","embeddable":true,"href":"https:\/\/libreriapiemontese.com\/index.php?rest_route=%2Fwp%2Fv2%2Fproduct_tag&post=707"}],"curies":[{"name":"wp","href":"https:\/\/api.w.org\/{rel}","templated":true}]}}