{"id":716,"date":"2025-02-25T12:40:11","date_gmt":"2025-02-25T12:40:11","guid":{"rendered":"https:\/\/libreriapiemontese.com\/?post_type=product&#038;p=716"},"modified":"2025-02-25T12:40:11","modified_gmt":"2025-02-25T12:40:11","slug":"don-prusot-e-lamelia-innamorata","status":"publish","type":"product","link":"https:\/\/libreriapiemontese.com\/?product=don-prusot-e-lamelia-innamorata","title":{"rendered":"Don Prus\u00f2t e l&#8217;Amelia innamorata"},"content":{"rendered":"<p>Don Prus\u00f2t \u00e8 un prete di fede e appetito vigorosi, amante della quiete e dei sonni tranquilli.<br \/>\nNon \u00e8 il tipo di andarsi a cercare le grane, per\u00f2 sono i sagr\u00ecn a cercarlo, rovinandogli spesso la digestione e procurandogli incubi notturni.<br \/>\nCome se non bastassero le seccature legate a un matrimonio contestato (l&#8217;evento ci riporta alle atmosfere manzoniane) ci si mette di mezzo pure la conquista dello spazio da parte dei sovietici che causa al prevosto pericolosi sbandamenti teologici.<br \/>\nCompare anche un virus misterioso che mette in crisi sanitaria l&#8217;intera popolazione di Pravorino, pandemia risolta dall&#8217;acume scientifico del medico condotto dott. Sigilin.<br \/>\nInfine ci si mette pure l&#8217;Amelia, la fedele perpetua, a complicargli la vita. Ma quando si ha sottomano un buon cappone arrosto e un fiasco di vino santo, la vita torna presto a sorridere.<\/p>\n","protected":false},"excerpt":{"rendered":"<p>Don Prus\u00f2t \u00e8 un prete di fede e appetito vigorosi, amante della quiete e dei sonni tranquilli.<br \/>\nNon \u00e8 il tipo di andarsi a cercare le grane, per\u00f2 sono i sagr\u00ecn a cercarlo, rovinandogli spesso la digestione e procurandogli incubi notturni.<\/p>\n","protected":false},"featured_media":717,"comment_status":"open","ping_status":"closed","template":"","meta":{"_acf_changed":false,"_et_pb_use_builder":"","_et_pb_old_content":"","_et_gb_content_width":""},"autore":[115],"casa-editirice":[46],"product_brand":[],"product_cat":[40,37],"product_tag":[114],"class_list":{"0":"post-716","1":"product","2":"type-product","3":"status-publish","4":"has-post-thumbnail","6":"autore-beppe-grinza","7":"casa-editirice-biblioteca-degli-scrittori-piemontesi","8":"product_cat-romanzo","9":"product_cat-storico","10":"product_tag-don-prusot-e-lamelia-innamorata","12":"first","13":"instock","14":"shipping-taxable","15":"purchasable","16":"product-type-simple"},"acf":[],"yoast_head":"<!-- This site is optimized with the Yoast SEO plugin v24.7 - https:\/\/yoast.com\/wordpress\/plugins\/seo\/ -->\n<title>Don Prus\u00f2t e l&#039;Amelia innamorata - Libreria Piemontese<\/title>\n<meta name=\"description\" content=\"Don Prus\u00f2t \u00e8 un prete di fede e appetito vigorosi, amante della quiete e dei sonni tranquilli.\" \/>\n<meta name=\"robots\" content=\"index, follow, max-snippet:-1, max-image-preview:large, max-video-preview:-1\" \/>\n<link rel=\"canonical\" href=\"https:\/\/libreriapiemontese.com\/?product=don-prusot-e-lamelia-innamorata\" \/>\n<meta property=\"og:locale\" content=\"it_IT\" \/>\n<meta property=\"og:type\" content=\"article\" \/>\n<meta property=\"og:title\" content=\"Don Prus\u00f2t e l&#039;Amelia innamorata - Libreria Piemontese\" \/>\n<meta property=\"og:description\" content=\"Don Prus\u00f2t \u00e8 un prete di fede e appetito vigorosi, amante della quiete e dei sonni tranquilli.\" \/>\n<meta property=\"og:url\" content=\"https:\/\/libreriapiemontese.com\/?product=don-prusot-e-lamelia-innamorata\" \/>\n<meta property=\"og:site_name\" content=\"Libreria Piemontese\" \/>\n<meta property=\"og:image\" content=\"https:\/\/libreriapiemontese.com\/wp-content\/uploads\/2025\/02\/DSC_1115.jpg\" \/>\n\t<meta property=\"og:image:width\" content=\"384\" \/>\n\t<meta property=\"og:image:height\" content=\"600\" \/>\n\t<meta property=\"og:image:type\" content=\"image\/jpeg\" \/>\n<meta name=\"twitter:card\" content=\"summary_large_image\" \/>\n<meta name=\"twitter:label1\" content=\"Tempo di lettura stimato\" \/>\n\t<meta name=\"twitter:data1\" content=\"1 minuto\" \/>\n<script type=\"application\/ld+json\" class=\"yoast-schema-graph\">{\"@context\":\"https:\/\/schema.org\",\"@graph\":[{\"@type\":\"WebPage\",\"@id\":\"https:\/\/libreriapiemontese.com\/?product=don-prusot-e-lamelia-innamorata\",\"url\":\"https:\/\/libreriapiemontese.com\/?product=don-prusot-e-lamelia-innamorata\",\"name\":\"Don Prus\u00f2t e l'Amelia innamorata - Libreria Piemontese\",\"isPartOf\":{\"@id\":\"https:\/\/libreriapiemontese.com\/#website\"},\"primaryImageOfPage\":{\"@id\":\"https:\/\/libreriapiemontese.com\/?product=don-prusot-e-lamelia-innamorata#primaryimage\"},\"image\":{\"@id\":\"https:\/\/libreriapiemontese.com\/?product=don-prusot-e-lamelia-innamorata#primaryimage\"},\"thumbnailUrl\":\"https:\/\/libreriapiemontese.com\/wp-content\/uploads\/2025\/02\/DSC_1115.jpg\",\"datePublished\":\"2025-02-25T12:40:11+00:00\",\"description\":\"Don Prus\u00f2t \u00e8 un prete di fede e appetito vigorosi, amante della quiete e dei sonni tranquilli.\",\"breadcrumb\":{\"@id\":\"https:\/\/libreriapiemontese.com\/?product=don-prusot-e-lamelia-innamorata#breadcrumb\"},\"inLanguage\":\"it-IT\",\"potentialAction\":[{\"@type\":\"ReadAction\",\"target\":[\"https:\/\/libreriapiemontese.com\/?product=don-prusot-e-lamelia-innamorata\"]}]},{\"@type\":\"ImageObject\",\"inLanguage\":\"it-IT\",\"@id\":\"https:\/\/libreriapiemontese.com\/?product=don-prusot-e-lamelia-innamorata#primaryimage\",\"url\":\"https:\/\/libreriapiemontese.com\/wp-content\/uploads\/2025\/02\/DSC_1115.jpg\",\"contentUrl\":\"https:\/\/libreriapiemontese.com\/wp-content\/uploads\/2025\/02\/DSC_1115.jpg\",\"width\":384,\"height\":600},{\"@type\":\"BreadcrumbList\",\"@id\":\"https:\/\/libreriapiemontese.com\/?product=don-prusot-e-lamelia-innamorata#breadcrumb\",\"itemListElement\":[{\"@type\":\"ListItem\",\"position\":1,\"name\":\"Home\",\"item\":\"https:\/\/libreriapiemontese.com\/\"},{\"@type\":\"ListItem\",\"position\":2,\"name\":\"Shop\",\"item\":\"https:\/\/libreriapiemontese.com\/?page_id=6\"},{\"@type\":\"ListItem\",\"position\":3,\"name\":\"Don Prus\u00f2t e l&#8217;Amelia innamorata\"}]},{\"@type\":\"WebSite\",\"@id\":\"https:\/\/libreriapiemontese.com\/#website\",\"url\":\"https:\/\/libreriapiemontese.com\/\",\"name\":\"Libreria Piemontese\",\"description\":\"\",\"potentialAction\":[{\"@type\":\"SearchAction\",\"target\":{\"@type\":\"EntryPoint\",\"urlTemplate\":\"https:\/\/libreriapiemontese.com\/?s={search_term_string}\"},\"query-input\":{\"@type\":\"PropertyValueSpecification\",\"valueRequired\":true,\"valueName\":\"search_term_string\"}}],\"inLanguage\":\"it-IT\"}]}<\/script>\n<!-- \/ Yoast SEO plugin. -->","yoast_head_json":{"title":"Don Prus\u00f2t e l'Amelia innamorata - Libreria Piemontese","description":"Don Prus\u00f2t \u00e8 un prete di fede e appetito vigorosi, amante della quiete e dei sonni tranquilli.","robots":{"index":"index","follow":"follow","max-snippet":"max-snippet:-1","max-image-preview":"max-image-preview:large","max-video-preview":"max-video-preview:-1"},"canonical":"https:\/\/libreriapiemontese.com\/?product=don-prusot-e-lamelia-innamorata","og_locale":"it_IT","og_type":"article","og_title":"Don Prus\u00f2t e l'Amelia innamorata - Libreria Piemontese","og_description":"Don Prus\u00f2t \u00e8 un prete di fede e appetito vigorosi, amante della quiete e dei sonni tranquilli.","og_url":"https:\/\/libreriapiemontese.com\/?product=don-prusot-e-lamelia-innamorata","og_site_name":"Libreria Piemontese","og_image":[{"width":384,"height":600,"url":"https:\/\/libreriapiemontese.com\/wp-content\/uploads\/2025\/02\/DSC_1115.jpg","type":"image\/jpeg"}],"twitter_card":"summary_large_image","twitter_misc":{"Tempo di lettura stimato":"1 minuto"},"schema":{"@context":"https:\/\/schema.org","@graph":[{"@type":"WebPage","@id":"https:\/\/libreriapiemontese.com\/?product=don-prusot-e-lamelia-innamorata","url":"https:\/\/libreriapiemontese.com\/?product=don-prusot-e-lamelia-innamorata","name":"Don Prus\u00f2t e l'Amelia innamorata - Libreria Piemontese","isPartOf":{"@id":"https:\/\/libreriapiemontese.com\/#website"},"primaryImageOfPage":{"@id":"https:\/\/libreriapiemontese.com\/?product=don-prusot-e-lamelia-innamorata#primaryimage"},"image":{"@id":"https:\/\/libreriapiemontese.com\/?product=don-prusot-e-lamelia-innamorata#primaryimage"},"thumbnailUrl":"https:\/\/libreriapiemontese.com\/wp-content\/uploads\/2025\/02\/DSC_1115.jpg","datePublished":"2025-02-25T12:40:11+00:00","description":"Don Prus\u00f2t \u00e8 un prete di fede e appetito vigorosi, amante della quiete e dei sonni tranquilli.","breadcrumb":{"@id":"https:\/\/libreriapiemontese.com\/?product=don-prusot-e-lamelia-innamorata#breadcrumb"},"inLanguage":"it-IT","potentialAction":[{"@type":"ReadAction","target":["https:\/\/libreriapiemontese.com\/?product=don-prusot-e-lamelia-innamorata"]}]},{"@type":"ImageObject","inLanguage":"it-IT","@id":"https:\/\/libreriapiemontese.com\/?product=don-prusot-e-lamelia-innamorata#primaryimage","url":"https:\/\/libreriapiemontese.com\/wp-content\/uploads\/2025\/02\/DSC_1115.jpg","contentUrl":"https:\/\/libreriapiemontese.com\/wp-content\/uploads\/2025\/02\/DSC_1115.jpg","width":384,"height":600},{"@type":"BreadcrumbList","@id":"https:\/\/libreriapiemontese.com\/?product=don-prusot-e-lamelia-innamorata#breadcrumb","itemListElement":[{"@type":"ListItem","position":1,"name":"Home","item":"https:\/\/libreriapiemontese.com\/"},{"@type":"ListItem","position":2,"name":"Shop","item":"https:\/\/libreriapiemontese.com\/?page_id=6"},{"@type":"ListItem","position":3,"name":"Don Prus\u00f2t e l&#8217;Amelia innamorata"}]},{"@type":"WebSite","@id":"https:\/\/libreriapiemontese.com\/#website","url":"https:\/\/libreriapiemontese.com\/","name":"Libreria Piemontese","description":"","potentialAction":[{"@type":"SearchAction","target":{"@type":"EntryPoint","urlTemplate":"https:\/\/libreriapiemontese.com\/?s={search_term_string}"},"query-input":{"@type":"PropertyValueSpecification","valueRequired":true,"valueName":"search_term_string"}}],"inLanguage":"it-IT"}]}},"_links":{"self":[{"href":"https:\/\/libreriapiemontese.com\/index.php?rest_route=\/wp\/v2\/product\/716","targetHints":{"allow":["GET"]}}],"collection":[{"href":"https:\/\/libreriapiemontese.com\/index.php?rest_route=\/wp\/v2\/product"}],"about":[{"href":"https:\/\/libreriapiemontese.com\/index.php?rest_route=\/wp\/v2\/types\/product"}],"replies":[{"embeddable":true,"href":"https:\/\/libreriapiemontese.com\/index.php?rest_route=%2Fwp%2Fv2%2Fcomments&post=716"}],"wp:featuredmedia":[{"embeddable":true,"href":"https:\/\/libreriapiemontese.com\/index.php?rest_route=\/wp\/v2\/media\/717"}],"wp:attachment":[{"href":"https:\/\/libreriapiemontese.com\/index.php?rest_route=%2Fwp%2Fv2%2Fmedia&parent=716"}],"wp:term":[{"taxonomy":"autore","embeddable":true,"href":"https:\/\/libreriapiemontese.com\/index.php?rest_route=%2Fwp%2Fv2%2Fautore&post=716"},{"taxonomy":"casa-editirice","embeddable":true,"href":"https:\/\/libreriapiemontese.com\/index.php?rest_route=%2Fwp%2Fv2%2Fcasa-editirice&post=716"},{"taxonomy":"product_brand","embeddable":true,"href":"https:\/\/libreriapiemontese.com\/index.php?rest_route=%2Fwp%2Fv2%2Fproduct_brand&post=716"},{"taxonomy":"product_cat","embeddable":true,"href":"https:\/\/libreriapiemontese.com\/index.php?rest_route=%2Fwp%2Fv2%2Fproduct_cat&post=716"},{"taxonomy":"product_tag","embeddable":true,"href":"https:\/\/libreriapiemontese.com\/index.php?rest_route=%2Fwp%2Fv2%2Fproduct_tag&post=716"}],"curies":[{"name":"wp","href":"https:\/\/api.w.org\/{rel}","templated":true}]}}