{"id":816,"date":"2025-03-14T13:12:56","date_gmt":"2025-03-14T13:12:56","guid":{"rendered":"https:\/\/libreriapiemontese.com\/?post_type=product&#038;p=816"},"modified":"2025-03-14T13:12:56","modified_gmt":"2025-03-14T13:12:56","slug":"centro","status":"publish","type":"product","link":"https:\/\/libreriapiemontese.com\/?product=centro","title":{"rendered":"Centro"},"content":{"rendered":"<p>Il Centro \u00e8 il quartiere pi\u00f9 ricco di storia della citt\u00e0, infatti, per molti secoli, coincise con tutta la citt\u00e0. Nella prima parte si sono privilegiati gli aspetti urbanistici ed architettonici che hanno nei secoli creato la bellezza della citt\u00e0 e delineato i suoi caratteri di austera eleganza, di omogeneit\u00e0, di equilibrio tra utilit\u00e0 concreta e valenza estetica. La seconda parte tratta delle principali piazze e vie, delle istituzioni e degli enti culturali, scuola e parrocchie, senza trascurare caff\u00e8 storici, ristoranti, librerie ed antichi esercizi commerciali. Si \u00e8 privilegiato il fattore umano, mettendo in risalto i volti e le voci dei protagonisti della vita cittadina: emerge cos\u00ec una serie di ritratti di persone che, ciascuna a suo modo e nel proprio campo di intervento, formano un mosaico che rappresenta la &#8220;vita&#8221; del centro.<\/p>\n<p>&nbsp;<\/p>\n","protected":false},"excerpt":{"rendered":"<p>Il Centro \u00e8 il quartiere pi\u00f9 ricco di storia della citt\u00e0, infatti, per molti secoli, coincise con tutta la citt\u00e0.<\/p>\n","protected":false},"featured_media":817,"comment_status":"open","ping_status":"closed","template":"","meta":{"_acf_changed":false,"_et_pb_use_builder":"","_et_pb_old_content":"","_et_gb_content_width":""},"autore":[218],"casa-editirice":[27],"product_brand":[],"product_cat":[37,209],"product_tag":[217,216],"class_list":{"0":"post-816","1":"product","2":"type-product","3":"status-publish","4":"has-post-thumbnail","6":"autore-andrea-maia","7":"casa-editirice-graphot-editrice","8":"product_cat-storico","9":"product_cat-turistico","10":"product_tag-andrea-maia","11":"product_tag-centro","13":"first","14":"instock","15":"shipping-taxable","16":"purchasable","17":"product-type-simple"},"acf":[],"yoast_head":"<!-- This site is optimized with the Yoast SEO plugin v24.7 - https:\/\/yoast.com\/wordpress\/plugins\/seo\/ -->\n<title>Centro - Libreria Piemontese<\/title>\n<meta name=\"description\" content=\"Il Centro \u00e8 il quartiere pi\u00f9 ricco di storia della citt\u00e0, infatti, per molti secoli, coincise con tutta la citt\u00e0.\" \/>\n<meta name=\"robots\" content=\"index, follow, max-snippet:-1, max-image-preview:large, max-video-preview:-1\" \/>\n<link rel=\"canonical\" href=\"https:\/\/libreriapiemontese.com\/?product=centro\" \/>\n<meta property=\"og:locale\" content=\"it_IT\" \/>\n<meta property=\"og:type\" content=\"article\" \/>\n<meta property=\"og:title\" content=\"Centro - Libreria Piemontese\" \/>\n<meta property=\"og:description\" content=\"Il Centro \u00e8 il quartiere pi\u00f9 ricco di storia della citt\u00e0, infatti, per molti secoli, coincise con tutta la citt\u00e0.\" \/>\n<meta property=\"og:url\" content=\"https:\/\/libreriapiemontese.com\/?product=centro\" \/>\n<meta property=\"og:site_name\" content=\"Libreria Piemontese\" \/>\n<meta property=\"og:image\" content=\"https:\/\/libreriapiemontese.com\/wp-content\/uploads\/2025\/03\/DSC_1182.jpg\" \/>\n\t<meta property=\"og:image:width\" content=\"421\" \/>\n\t<meta property=\"og:image:height\" content=\"600\" \/>\n\t<meta property=\"og:image:type\" content=\"image\/jpeg\" \/>\n<meta name=\"twitter:card\" content=\"summary_large_image\" \/>\n<meta name=\"twitter:label1\" content=\"Tempo di lettura stimato\" \/>\n\t<meta name=\"twitter:data1\" content=\"1 minuto\" \/>\n<script type=\"application\/ld+json\" class=\"yoast-schema-graph\">{\"@context\":\"https:\/\/schema.org\",\"@graph\":[{\"@type\":\"WebPage\",\"@id\":\"https:\/\/libreriapiemontese.com\/?product=centro\",\"url\":\"https:\/\/libreriapiemontese.com\/?product=centro\",\"name\":\"Centro - Libreria Piemontese\",\"isPartOf\":{\"@id\":\"https:\/\/libreriapiemontese.com\/#website\"},\"primaryImageOfPage\":{\"@id\":\"https:\/\/libreriapiemontese.com\/?product=centro#primaryimage\"},\"image\":{\"@id\":\"https:\/\/libreriapiemontese.com\/?product=centro#primaryimage\"},\"thumbnailUrl\":\"https:\/\/libreriapiemontese.com\/wp-content\/uploads\/2025\/03\/DSC_1182.jpg\",\"datePublished\":\"2025-03-14T13:12:56+00:00\",\"description\":\"Il Centro \u00e8 il quartiere pi\u00f9 ricco di storia della citt\u00e0, infatti, per molti secoli, coincise con tutta la citt\u00e0.\",\"breadcrumb\":{\"@id\":\"https:\/\/libreriapiemontese.com\/?product=centro#breadcrumb\"},\"inLanguage\":\"it-IT\",\"potentialAction\":[{\"@type\":\"ReadAction\",\"target\":[\"https:\/\/libreriapiemontese.com\/?product=centro\"]}]},{\"@type\":\"ImageObject\",\"inLanguage\":\"it-IT\",\"@id\":\"https:\/\/libreriapiemontese.com\/?product=centro#primaryimage\",\"url\":\"https:\/\/libreriapiemontese.com\/wp-content\/uploads\/2025\/03\/DSC_1182.jpg\",\"contentUrl\":\"https:\/\/libreriapiemontese.com\/wp-content\/uploads\/2025\/03\/DSC_1182.jpg\",\"width\":421,\"height\":600},{\"@type\":\"BreadcrumbList\",\"@id\":\"https:\/\/libreriapiemontese.com\/?product=centro#breadcrumb\",\"itemListElement\":[{\"@type\":\"ListItem\",\"position\":1,\"name\":\"Home\",\"item\":\"https:\/\/libreriapiemontese.com\/\"},{\"@type\":\"ListItem\",\"position\":2,\"name\":\"Shop\",\"item\":\"https:\/\/libreriapiemontese.com\/?page_id=6\"},{\"@type\":\"ListItem\",\"position\":3,\"name\":\"Centro\"}]},{\"@type\":\"WebSite\",\"@id\":\"https:\/\/libreriapiemontese.com\/#website\",\"url\":\"https:\/\/libreriapiemontese.com\/\",\"name\":\"Libreria Piemontese\",\"description\":\"\",\"potentialAction\":[{\"@type\":\"SearchAction\",\"target\":{\"@type\":\"EntryPoint\",\"urlTemplate\":\"https:\/\/libreriapiemontese.com\/?s={search_term_string}\"},\"query-input\":{\"@type\":\"PropertyValueSpecification\",\"valueRequired\":true,\"valueName\":\"search_term_string\"}}],\"inLanguage\":\"it-IT\"}]}<\/script>\n<!-- \/ Yoast SEO plugin. -->","yoast_head_json":{"title":"Centro - Libreria Piemontese","description":"Il Centro \u00e8 il quartiere pi\u00f9 ricco di storia della citt\u00e0, infatti, per molti secoli, coincise con tutta la citt\u00e0.","robots":{"index":"index","follow":"follow","max-snippet":"max-snippet:-1","max-image-preview":"max-image-preview:large","max-video-preview":"max-video-preview:-1"},"canonical":"https:\/\/libreriapiemontese.com\/?product=centro","og_locale":"it_IT","og_type":"article","og_title":"Centro - Libreria Piemontese","og_description":"Il Centro \u00e8 il quartiere pi\u00f9 ricco di storia della citt\u00e0, infatti, per molti secoli, coincise con tutta la citt\u00e0.","og_url":"https:\/\/libreriapiemontese.com\/?product=centro","og_site_name":"Libreria Piemontese","og_image":[{"width":421,"height":600,"url":"https:\/\/libreriapiemontese.com\/wp-content\/uploads\/2025\/03\/DSC_1182.jpg","type":"image\/jpeg"}],"twitter_card":"summary_large_image","twitter_misc":{"Tempo di lettura stimato":"1 minuto"},"schema":{"@context":"https:\/\/schema.org","@graph":[{"@type":"WebPage","@id":"https:\/\/libreriapiemontese.com\/?product=centro","url":"https:\/\/libreriapiemontese.com\/?product=centro","name":"Centro - Libreria Piemontese","isPartOf":{"@id":"https:\/\/libreriapiemontese.com\/#website"},"primaryImageOfPage":{"@id":"https:\/\/libreriapiemontese.com\/?product=centro#primaryimage"},"image":{"@id":"https:\/\/libreriapiemontese.com\/?product=centro#primaryimage"},"thumbnailUrl":"https:\/\/libreriapiemontese.com\/wp-content\/uploads\/2025\/03\/DSC_1182.jpg","datePublished":"2025-03-14T13:12:56+00:00","description":"Il Centro \u00e8 il quartiere pi\u00f9 ricco di storia della citt\u00e0, infatti, per molti secoli, coincise con tutta la citt\u00e0.","breadcrumb":{"@id":"https:\/\/libreriapiemontese.com\/?product=centro#breadcrumb"},"inLanguage":"it-IT","potentialAction":[{"@type":"ReadAction","target":["https:\/\/libreriapiemontese.com\/?product=centro"]}]},{"@type":"ImageObject","inLanguage":"it-IT","@id":"https:\/\/libreriapiemontese.com\/?product=centro#primaryimage","url":"https:\/\/libreriapiemontese.com\/wp-content\/uploads\/2025\/03\/DSC_1182.jpg","contentUrl":"https:\/\/libreriapiemontese.com\/wp-content\/uploads\/2025\/03\/DSC_1182.jpg","width":421,"height":600},{"@type":"BreadcrumbList","@id":"https:\/\/libreriapiemontese.com\/?product=centro#breadcrumb","itemListElement":[{"@type":"ListItem","position":1,"name":"Home","item":"https:\/\/libreriapiemontese.com\/"},{"@type":"ListItem","position":2,"name":"Shop","item":"https:\/\/libreriapiemontese.com\/?page_id=6"},{"@type":"ListItem","position":3,"name":"Centro"}]},{"@type":"WebSite","@id":"https:\/\/libreriapiemontese.com\/#website","url":"https:\/\/libreriapiemontese.com\/","name":"Libreria Piemontese","description":"","potentialAction":[{"@type":"SearchAction","target":{"@type":"EntryPoint","urlTemplate":"https:\/\/libreriapiemontese.com\/?s={search_term_string}"},"query-input":{"@type":"PropertyValueSpecification","valueRequired":true,"valueName":"search_term_string"}}],"inLanguage":"it-IT"}]}},"_links":{"self":[{"href":"https:\/\/libreriapiemontese.com\/index.php?rest_route=\/wp\/v2\/product\/816","targetHints":{"allow":["GET"]}}],"collection":[{"href":"https:\/\/libreriapiemontese.com\/index.php?rest_route=\/wp\/v2\/product"}],"about":[{"href":"https:\/\/libreriapiemontese.com\/index.php?rest_route=\/wp\/v2\/types\/product"}],"replies":[{"embeddable":true,"href":"https:\/\/libreriapiemontese.com\/index.php?rest_route=%2Fwp%2Fv2%2Fcomments&post=816"}],"wp:featuredmedia":[{"embeddable":true,"href":"https:\/\/libreriapiemontese.com\/index.php?rest_route=\/wp\/v2\/media\/817"}],"wp:attachment":[{"href":"https:\/\/libreriapiemontese.com\/index.php?rest_route=%2Fwp%2Fv2%2Fmedia&parent=816"}],"wp:term":[{"taxonomy":"autore","embeddable":true,"href":"https:\/\/libreriapiemontese.com\/index.php?rest_route=%2Fwp%2Fv2%2Fautore&post=816"},{"taxonomy":"casa-editirice","embeddable":true,"href":"https:\/\/libreriapiemontese.com\/index.php?rest_route=%2Fwp%2Fv2%2Fcasa-editirice&post=816"},{"taxonomy":"product_brand","embeddable":true,"href":"https:\/\/libreriapiemontese.com\/index.php?rest_route=%2Fwp%2Fv2%2Fproduct_brand&post=816"},{"taxonomy":"product_cat","embeddable":true,"href":"https:\/\/libreriapiemontese.com\/index.php?rest_route=%2Fwp%2Fv2%2Fproduct_cat&post=816"},{"taxonomy":"product_tag","embeddable":true,"href":"https:\/\/libreriapiemontese.com\/index.php?rest_route=%2Fwp%2Fv2%2Fproduct_tag&post=816"}],"curies":[{"name":"wp","href":"https:\/\/api.w.org\/{rel}","templated":true}]}}