{"id":825,"date":"2025-03-14T13:23:23","date_gmt":"2025-03-14T13:23:23","guid":{"rendered":"https:\/\/libreriapiemontese.com\/?post_type=product&#038;p=825"},"modified":"2025-03-14T13:23:24","modified_gmt":"2025-03-14T13:23:24","slug":"resuscitazioni-da-lazzaro-a-rol","status":"publish","type":"product","link":"https:\/\/libreriapiemontese.com\/?product=resuscitazioni-da-lazzaro-a-rol","title":{"rendered":"Resuscitazioni, Da Lazzaro a Rol"},"content":{"rendered":"<p>&lt;&lt; Egli era il migliore, il coraggioso, il pi\u00f9 sensibile, modesto e generosissimo amico. La sua vita rimane scolpita nel tempo eterno&gt;&gt;. Cos\u00ec nel 1977 Gustavo A. Rol, l&#8217;Illuminato di Torino, scriveva nel necrologio pubblicato su &lt;&lt;La Stampa&gt;&gt; per il cugino Franco Rol, industriale e pilota di automobilismo negli anni &#8217;40 e &#8217;50, morto suicida pochi giorni prima. Non pot\u00e9 quella volta farlo tornare in vita, come invece aveva fatto nel 1953 dopo un incidente automobilistico alla Targa Florio.<br \/>\nE&#8217; da questa vicenda, che viene approfondita e verificata fin dove possibile, che l&#8217;autore del libro &#8211; nipote di Franco e lontano cugino di Gustavo, di cui da molti anni \u00e8 studioso e biografo &#8211; prende spunto per analizzare il fenomeno della resuscitazione, anche in rapporto con i casi di morte apparente di cui fanno parte i terribili episodi dei sepolti vivi.<br \/>\nCon un approccio rigoroso e l&#8217;ausilio di fonti dettagliate, il libro passa in rassegna i racconti di varie tradizioni (occidentali e orientali), incluso quello assai noto di Lazzaro resuscitato daa ges\u00f9, che non fu un caso isolato, ma l&#8217;espressione di una possibilit\u00e0 nota sin dall&#8217;antichit\u00e0 pi\u00f9 remota.<\/p>\n","protected":false},"excerpt":{"rendered":"<p>&lt;&lt; Egli era il migliore, il coraggioso, il pi\u00f9 sensibile, modesto e generosissimo amico. La sua vita rimane scolpita nel tempo eterno&gt;&gt;.<\/p>\n","protected":false},"featured_media":826,"comment_status":"open","ping_status":"closed","template":"","meta":{"_acf_changed":false,"_et_pb_use_builder":"","_et_pb_old_content":"","_et_gb_content_width":""},"autore":[228],"casa-editirice":[85],"product_brand":[],"product_cat":[82],"product_tag":[226,227,225],"class_list":{"0":"post-825","1":"product","2":"type-product","3":"status-publish","4":"has-post-thumbnail","6":"autore-franco-rol","7":"casa-editirice-edizioni-leta-dellacquario","8":"product_cat-biografico","9":"product_tag-da-lazzaro-a-rol","10":"product_tag-franco-rol","11":"product_tag-resuscitazioni","13":"first","14":"instock","15":"shipping-taxable","16":"purchasable","17":"product-type-simple"},"acf":[],"yoast_head":"<!-- This site is optimized with the Yoast SEO plugin v24.7 - https:\/\/yoast.com\/wordpress\/plugins\/seo\/ -->\n<title>Resuscitazioni, Da Lazzaro a Rol - Libreria Piemontese<\/title>\n<meta name=\"description\" content=\"&lt;&lt; Egli era il migliore, il coraggioso, il pi\u00f9 sensibile, modesto e generosissimo amico. La sua vita rimane scolpita nel tempo eterno&gt;&gt;.\" \/>\n<meta name=\"robots\" content=\"index, follow, max-snippet:-1, max-image-preview:large, max-video-preview:-1\" \/>\n<link rel=\"canonical\" href=\"https:\/\/libreriapiemontese.com\/?product=resuscitazioni-da-lazzaro-a-rol\" \/>\n<meta property=\"og:locale\" content=\"it_IT\" \/>\n<meta property=\"og:type\" content=\"article\" \/>\n<meta property=\"og:title\" content=\"Resuscitazioni, Da Lazzaro a Rol - Libreria Piemontese\" \/>\n<meta property=\"og:description\" content=\"&lt;&lt; Egli era il migliore, il coraggioso, il pi\u00f9 sensibile, modesto e generosissimo amico. La sua vita rimane scolpita nel tempo eterno&gt;&gt;.\" \/>\n<meta property=\"og:url\" content=\"https:\/\/libreriapiemontese.com\/?product=resuscitazioni-da-lazzaro-a-rol\" \/>\n<meta property=\"og:site_name\" content=\"Libreria Piemontese\" \/>\n<meta property=\"article:modified_time\" content=\"2025-03-14T13:23:24+00:00\" \/>\n<meta property=\"og:image\" content=\"https:\/\/libreriapiemontese.com\/wp-content\/uploads\/2025\/03\/DSC_1234.jpg\" \/>\n\t<meta property=\"og:image:width\" content=\"410\" \/>\n\t<meta property=\"og:image:height\" content=\"600\" \/>\n\t<meta property=\"og:image:type\" content=\"image\/jpeg\" \/>\n<meta name=\"twitter:card\" content=\"summary_large_image\" \/>\n<meta name=\"twitter:label1\" content=\"Tempo di lettura stimato\" \/>\n\t<meta name=\"twitter:data1\" content=\"1 minuto\" \/>\n<script type=\"application\/ld+json\" class=\"yoast-schema-graph\">{\"@context\":\"https:\/\/schema.org\",\"@graph\":[{\"@type\":\"WebPage\",\"@id\":\"https:\/\/libreriapiemontese.com\/?product=resuscitazioni-da-lazzaro-a-rol\",\"url\":\"https:\/\/libreriapiemontese.com\/?product=resuscitazioni-da-lazzaro-a-rol\",\"name\":\"Resuscitazioni, Da Lazzaro a Rol - Libreria Piemontese\",\"isPartOf\":{\"@id\":\"https:\/\/libreriapiemontese.com\/#website\"},\"primaryImageOfPage\":{\"@id\":\"https:\/\/libreriapiemontese.com\/?product=resuscitazioni-da-lazzaro-a-rol#primaryimage\"},\"image\":{\"@id\":\"https:\/\/libreriapiemontese.com\/?product=resuscitazioni-da-lazzaro-a-rol#primaryimage\"},\"thumbnailUrl\":\"https:\/\/libreriapiemontese.com\/wp-content\/uploads\/2025\/03\/DSC_1234.jpg\",\"datePublished\":\"2025-03-14T13:23:23+00:00\",\"dateModified\":\"2025-03-14T13:23:24+00:00\",\"description\":\"&lt;< Egli era il migliore, il coraggioso, il pi\u00f9 sensibile, modesto e generosissimo amico. La sua vita rimane scolpita nel tempo eterno>>.\",\"breadcrumb\":{\"@id\":\"https:\/\/libreriapiemontese.com\/?product=resuscitazioni-da-lazzaro-a-rol#breadcrumb\"},\"inLanguage\":\"it-IT\",\"potentialAction\":[{\"@type\":\"ReadAction\",\"target\":[\"https:\/\/libreriapiemontese.com\/?product=resuscitazioni-da-lazzaro-a-rol\"]}]},{\"@type\":\"ImageObject\",\"inLanguage\":\"it-IT\",\"@id\":\"https:\/\/libreriapiemontese.com\/?product=resuscitazioni-da-lazzaro-a-rol#primaryimage\",\"url\":\"https:\/\/libreriapiemontese.com\/wp-content\/uploads\/2025\/03\/DSC_1234.jpg\",\"contentUrl\":\"https:\/\/libreriapiemontese.com\/wp-content\/uploads\/2025\/03\/DSC_1234.jpg\",\"width\":410,\"height\":600},{\"@type\":\"BreadcrumbList\",\"@id\":\"https:\/\/libreriapiemontese.com\/?product=resuscitazioni-da-lazzaro-a-rol#breadcrumb\",\"itemListElement\":[{\"@type\":\"ListItem\",\"position\":1,\"name\":\"Home\",\"item\":\"https:\/\/libreriapiemontese.com\/\"},{\"@type\":\"ListItem\",\"position\":2,\"name\":\"Shop\",\"item\":\"https:\/\/libreriapiemontese.com\/?page_id=6\"},{\"@type\":\"ListItem\",\"position\":3,\"name\":\"Resuscitazioni, Da Lazzaro a Rol\"}]},{\"@type\":\"WebSite\",\"@id\":\"https:\/\/libreriapiemontese.com\/#website\",\"url\":\"https:\/\/libreriapiemontese.com\/\",\"name\":\"Libreria Piemontese\",\"description\":\"\",\"potentialAction\":[{\"@type\":\"SearchAction\",\"target\":{\"@type\":\"EntryPoint\",\"urlTemplate\":\"https:\/\/libreriapiemontese.com\/?s={search_term_string}\"},\"query-input\":{\"@type\":\"PropertyValueSpecification\",\"valueRequired\":true,\"valueName\":\"search_term_string\"}}],\"inLanguage\":\"it-IT\"}]}<\/script>\n<!-- \/ Yoast SEO plugin. -->","yoast_head_json":{"title":"Resuscitazioni, Da Lazzaro a Rol - Libreria Piemontese","description":"&lt;< Egli era il migliore, il coraggioso, il pi\u00f9 sensibile, modesto e generosissimo amico. La sua vita rimane scolpita nel tempo eterno>>.","robots":{"index":"index","follow":"follow","max-snippet":"max-snippet:-1","max-image-preview":"max-image-preview:large","max-video-preview":"max-video-preview:-1"},"canonical":"https:\/\/libreriapiemontese.com\/?product=resuscitazioni-da-lazzaro-a-rol","og_locale":"it_IT","og_type":"article","og_title":"Resuscitazioni, Da Lazzaro a Rol - Libreria Piemontese","og_description":"&lt;< Egli era il migliore, il coraggioso, il pi\u00f9 sensibile, modesto e generosissimo amico. La sua vita rimane scolpita nel tempo eterno>>.","og_url":"https:\/\/libreriapiemontese.com\/?product=resuscitazioni-da-lazzaro-a-rol","og_site_name":"Libreria Piemontese","article_modified_time":"2025-03-14T13:23:24+00:00","og_image":[{"width":410,"height":600,"url":"https:\/\/libreriapiemontese.com\/wp-content\/uploads\/2025\/03\/DSC_1234.jpg","type":"image\/jpeg"}],"twitter_card":"summary_large_image","twitter_misc":{"Tempo di lettura stimato":"1 minuto"},"schema":{"@context":"https:\/\/schema.org","@graph":[{"@type":"WebPage","@id":"https:\/\/libreriapiemontese.com\/?product=resuscitazioni-da-lazzaro-a-rol","url":"https:\/\/libreriapiemontese.com\/?product=resuscitazioni-da-lazzaro-a-rol","name":"Resuscitazioni, Da Lazzaro a Rol - Libreria Piemontese","isPartOf":{"@id":"https:\/\/libreriapiemontese.com\/#website"},"primaryImageOfPage":{"@id":"https:\/\/libreriapiemontese.com\/?product=resuscitazioni-da-lazzaro-a-rol#primaryimage"},"image":{"@id":"https:\/\/libreriapiemontese.com\/?product=resuscitazioni-da-lazzaro-a-rol#primaryimage"},"thumbnailUrl":"https:\/\/libreriapiemontese.com\/wp-content\/uploads\/2025\/03\/DSC_1234.jpg","datePublished":"2025-03-14T13:23:23+00:00","dateModified":"2025-03-14T13:23:24+00:00","description":"&lt;< Egli era il migliore, il coraggioso, il pi\u00f9 sensibile, modesto e generosissimo amico. La sua vita rimane scolpita nel tempo eterno>>.","breadcrumb":{"@id":"https:\/\/libreriapiemontese.com\/?product=resuscitazioni-da-lazzaro-a-rol#breadcrumb"},"inLanguage":"it-IT","potentialAction":[{"@type":"ReadAction","target":["https:\/\/libreriapiemontese.com\/?product=resuscitazioni-da-lazzaro-a-rol"]}]},{"@type":"ImageObject","inLanguage":"it-IT","@id":"https:\/\/libreriapiemontese.com\/?product=resuscitazioni-da-lazzaro-a-rol#primaryimage","url":"https:\/\/libreriapiemontese.com\/wp-content\/uploads\/2025\/03\/DSC_1234.jpg","contentUrl":"https:\/\/libreriapiemontese.com\/wp-content\/uploads\/2025\/03\/DSC_1234.jpg","width":410,"height":600},{"@type":"BreadcrumbList","@id":"https:\/\/libreriapiemontese.com\/?product=resuscitazioni-da-lazzaro-a-rol#breadcrumb","itemListElement":[{"@type":"ListItem","position":1,"name":"Home","item":"https:\/\/libreriapiemontese.com\/"},{"@type":"ListItem","position":2,"name":"Shop","item":"https:\/\/libreriapiemontese.com\/?page_id=6"},{"@type":"ListItem","position":3,"name":"Resuscitazioni, Da Lazzaro a Rol"}]},{"@type":"WebSite","@id":"https:\/\/libreriapiemontese.com\/#website","url":"https:\/\/libreriapiemontese.com\/","name":"Libreria Piemontese","description":"","potentialAction":[{"@type":"SearchAction","target":{"@type":"EntryPoint","urlTemplate":"https:\/\/libreriapiemontese.com\/?s={search_term_string}"},"query-input":{"@type":"PropertyValueSpecification","valueRequired":true,"valueName":"search_term_string"}}],"inLanguage":"it-IT"}]}},"_links":{"self":[{"href":"https:\/\/libreriapiemontese.com\/index.php?rest_route=\/wp\/v2\/product\/825","targetHints":{"allow":["GET"]}}],"collection":[{"href":"https:\/\/libreriapiemontese.com\/index.php?rest_route=\/wp\/v2\/product"}],"about":[{"href":"https:\/\/libreriapiemontese.com\/index.php?rest_route=\/wp\/v2\/types\/product"}],"replies":[{"embeddable":true,"href":"https:\/\/libreriapiemontese.com\/index.php?rest_route=%2Fwp%2Fv2%2Fcomments&post=825"}],"wp:featuredmedia":[{"embeddable":true,"href":"https:\/\/libreriapiemontese.com\/index.php?rest_route=\/wp\/v2\/media\/826"}],"wp:attachment":[{"href":"https:\/\/libreriapiemontese.com\/index.php?rest_route=%2Fwp%2Fv2%2Fmedia&parent=825"}],"wp:term":[{"taxonomy":"autore","embeddable":true,"href":"https:\/\/libreriapiemontese.com\/index.php?rest_route=%2Fwp%2Fv2%2Fautore&post=825"},{"taxonomy":"casa-editirice","embeddable":true,"href":"https:\/\/libreriapiemontese.com\/index.php?rest_route=%2Fwp%2Fv2%2Fcasa-editirice&post=825"},{"taxonomy":"product_brand","embeddable":true,"href":"https:\/\/libreriapiemontese.com\/index.php?rest_route=%2Fwp%2Fv2%2Fproduct_brand&post=825"},{"taxonomy":"product_cat","embeddable":true,"href":"https:\/\/libreriapiemontese.com\/index.php?rest_route=%2Fwp%2Fv2%2Fproduct_cat&post=825"},{"taxonomy":"product_tag","embeddable":true,"href":"https:\/\/libreriapiemontese.com\/index.php?rest_route=%2Fwp%2Fv2%2Fproduct_tag&post=825"}],"curies":[{"name":"wp","href":"https:\/\/api.w.org\/{rel}","templated":true}]}}