{"id":839,"date":"2025-03-14T13:35:21","date_gmt":"2025-03-14T13:35:21","guid":{"rendered":"https:\/\/libreriapiemontese.com\/?post_type=product&#038;p=839"},"modified":"2025-03-14T13:35:21","modified_gmt":"2025-03-14T13:35:21","slug":"i-trentanove-scalini","status":"publish","type":"product","link":"https:\/\/libreriapiemontese.com\/?product=i-trentanove-scalini","title":{"rendered":"I trentanove scalini"},"content":{"rendered":"<p>&#8220;Un libro che avvince, di un&#8217;eleganza forse andata perduta anche in Inghilterra, un autore precursore dei pi\u00f9 appassionati Ian Fleming e John Le Carr\u00e8, anche perch\u00e9, come essi, ha scritto spy-story dopo aver prestato servizio nell&#8217;Intelligence britannica.&#8221;<br \/>\nAttilio Bertolucci<\/p>\n<p>&nbsp;<\/p>\n","protected":false},"excerpt":{"rendered":"<p>&#8220;Un libro che avvince, di un&#8217;eleganza forse andata perduta anche in Inghilterra, un autore precursore dei pi\u00f9 appassionati Ian Fleming e John Le Carr\u00e8, anche perch\u00e9, come essi, ha scritto spy-story dopo aver prestato servizio nell&#8217;Intelligence britannica.&#8221;<br \/>\nAttilio Bertolucci<\/p>\n<p>&nbsp;<\/p>\n","protected":false},"featured_media":840,"comment_status":"open","ping_status":"closed","template":"","meta":{"_acf_changed":false,"_et_pb_use_builder":"","_et_pb_old_content":"","_et_gb_content_width":""},"autore":[242],"casa-editirice":[243],"product_brand":[],"product_cat":[40,37],"product_tag":[240,241],"class_list":{"0":"post-839","1":"product","2":"type-product","3":"status-publish","4":"has-post-thumbnail","6":"autore-john-buchan","7":"casa-editirice-pluriverso","8":"product_cat-romanzo","9":"product_cat-storico","10":"product_tag-i-trentanove-scalini","11":"product_tag-john-buchan","13":"first","14":"instock","15":"shipping-taxable","16":"purchasable","17":"product-type-simple"},"acf":[],"yoast_head":"<!-- This site is optimized with the Yoast SEO plugin v24.7 - https:\/\/yoast.com\/wordpress\/plugins\/seo\/ -->\n<title>I trentanove scalini - Libreria Piemontese<\/title>\n<meta name=\"description\" content=\"&quot;Un libro che avvince, di un&#039;eleganza forse andata perduta anche in Inghilterra, un autore precursore dei pi\u00f9 appassionati Ian Fleming e John Le Carr\u00e8, anche perch\u00e9, come essi, ha scritto spy-story dopo aver prestato servizio nell&#039;Intelligence britannica.&quot;Attilio Bertolucci\" \/>\n<meta name=\"robots\" content=\"index, follow, max-snippet:-1, max-image-preview:large, max-video-preview:-1\" \/>\n<link rel=\"canonical\" href=\"https:\/\/libreriapiemontese.com\/?product=i-trentanove-scalini\" \/>\n<meta property=\"og:locale\" content=\"it_IT\" \/>\n<meta property=\"og:type\" content=\"article\" \/>\n<meta property=\"og:title\" content=\"I trentanove scalini - Libreria Piemontese\" \/>\n<meta property=\"og:description\" content=\"&quot;Un libro che avvince, di un&#039;eleganza forse andata perduta anche in Inghilterra, un autore precursore dei pi\u00f9 appassionati Ian Fleming e John Le Carr\u00e8, anche perch\u00e9, come essi, ha scritto spy-story dopo aver prestato servizio nell&#039;Intelligence britannica.&quot;Attilio Bertolucci\" \/>\n<meta property=\"og:url\" content=\"https:\/\/libreriapiemontese.com\/?product=i-trentanove-scalini\" \/>\n<meta property=\"og:site_name\" content=\"Libreria Piemontese\" \/>\n<meta property=\"og:image\" content=\"https:\/\/libreriapiemontese.com\/wp-content\/uploads\/2025\/03\/DSC_1163.jpg\" \/>\n\t<meta property=\"og:image:width\" content=\"382\" \/>\n\t<meta property=\"og:image:height\" content=\"600\" \/>\n\t<meta property=\"og:image:type\" content=\"image\/jpeg\" \/>\n<meta name=\"twitter:card\" content=\"summary_large_image\" \/>\n<meta name=\"twitter:label1\" content=\"Tempo di lettura stimato\" \/>\n\t<meta name=\"twitter:data1\" content=\"1 minuto\" \/>\n<script type=\"application\/ld+json\" class=\"yoast-schema-graph\">{\"@context\":\"https:\/\/schema.org\",\"@graph\":[{\"@type\":\"WebPage\",\"@id\":\"https:\/\/libreriapiemontese.com\/?product=i-trentanove-scalini\",\"url\":\"https:\/\/libreriapiemontese.com\/?product=i-trentanove-scalini\",\"name\":\"I trentanove scalini - Libreria Piemontese\",\"isPartOf\":{\"@id\":\"https:\/\/libreriapiemontese.com\/#website\"},\"primaryImageOfPage\":{\"@id\":\"https:\/\/libreriapiemontese.com\/?product=i-trentanove-scalini#primaryimage\"},\"image\":{\"@id\":\"https:\/\/libreriapiemontese.com\/?product=i-trentanove-scalini#primaryimage\"},\"thumbnailUrl\":\"https:\/\/libreriapiemontese.com\/wp-content\/uploads\/2025\/03\/DSC_1163.jpg\",\"datePublished\":\"2025-03-14T13:35:21+00:00\",\"description\":\"\\\"Un libro che avvince, di un'eleganza forse andata perduta anche in Inghilterra, un autore precursore dei pi\u00f9 appassionati Ian Fleming e John Le Carr\u00e8, anche perch\u00e9, come essi, ha scritto spy-story dopo aver prestato servizio nell'Intelligence britannica.\\\"Attilio Bertolucci\",\"breadcrumb\":{\"@id\":\"https:\/\/libreriapiemontese.com\/?product=i-trentanove-scalini#breadcrumb\"},\"inLanguage\":\"it-IT\",\"potentialAction\":[{\"@type\":\"ReadAction\",\"target\":[\"https:\/\/libreriapiemontese.com\/?product=i-trentanove-scalini\"]}]},{\"@type\":\"ImageObject\",\"inLanguage\":\"it-IT\",\"@id\":\"https:\/\/libreriapiemontese.com\/?product=i-trentanove-scalini#primaryimage\",\"url\":\"https:\/\/libreriapiemontese.com\/wp-content\/uploads\/2025\/03\/DSC_1163.jpg\",\"contentUrl\":\"https:\/\/libreriapiemontese.com\/wp-content\/uploads\/2025\/03\/DSC_1163.jpg\",\"width\":382,\"height\":600},{\"@type\":\"BreadcrumbList\",\"@id\":\"https:\/\/libreriapiemontese.com\/?product=i-trentanove-scalini#breadcrumb\",\"itemListElement\":[{\"@type\":\"ListItem\",\"position\":1,\"name\":\"Home\",\"item\":\"https:\/\/libreriapiemontese.com\/\"},{\"@type\":\"ListItem\",\"position\":2,\"name\":\"Shop\",\"item\":\"https:\/\/libreriapiemontese.com\/?page_id=6\"},{\"@type\":\"ListItem\",\"position\":3,\"name\":\"I trentanove scalini\"}]},{\"@type\":\"WebSite\",\"@id\":\"https:\/\/libreriapiemontese.com\/#website\",\"url\":\"https:\/\/libreriapiemontese.com\/\",\"name\":\"Libreria Piemontese\",\"description\":\"\",\"potentialAction\":[{\"@type\":\"SearchAction\",\"target\":{\"@type\":\"EntryPoint\",\"urlTemplate\":\"https:\/\/libreriapiemontese.com\/?s={search_term_string}\"},\"query-input\":{\"@type\":\"PropertyValueSpecification\",\"valueRequired\":true,\"valueName\":\"search_term_string\"}}],\"inLanguage\":\"it-IT\"}]}<\/script>\n<!-- \/ Yoast SEO plugin. -->","yoast_head_json":{"title":"I trentanove scalini - Libreria Piemontese","description":"\"Un libro che avvince, di un'eleganza forse andata perduta anche in Inghilterra, un autore precursore dei pi\u00f9 appassionati Ian Fleming e John Le Carr\u00e8, anche perch\u00e9, come essi, ha scritto spy-story dopo aver prestato servizio nell'Intelligence britannica.\"Attilio Bertolucci","robots":{"index":"index","follow":"follow","max-snippet":"max-snippet:-1","max-image-preview":"max-image-preview:large","max-video-preview":"max-video-preview:-1"},"canonical":"https:\/\/libreriapiemontese.com\/?product=i-trentanove-scalini","og_locale":"it_IT","og_type":"article","og_title":"I trentanove scalini - Libreria Piemontese","og_description":"\"Un libro che avvince, di un'eleganza forse andata perduta anche in Inghilterra, un autore precursore dei pi\u00f9 appassionati Ian Fleming e John Le Carr\u00e8, anche perch\u00e9, come essi, ha scritto spy-story dopo aver prestato servizio nell'Intelligence britannica.\"Attilio Bertolucci","og_url":"https:\/\/libreriapiemontese.com\/?product=i-trentanove-scalini","og_site_name":"Libreria Piemontese","og_image":[{"width":382,"height":600,"url":"https:\/\/libreriapiemontese.com\/wp-content\/uploads\/2025\/03\/DSC_1163.jpg","type":"image\/jpeg"}],"twitter_card":"summary_large_image","twitter_misc":{"Tempo di lettura stimato":"1 minuto"},"schema":{"@context":"https:\/\/schema.org","@graph":[{"@type":"WebPage","@id":"https:\/\/libreriapiemontese.com\/?product=i-trentanove-scalini","url":"https:\/\/libreriapiemontese.com\/?product=i-trentanove-scalini","name":"I trentanove scalini - Libreria Piemontese","isPartOf":{"@id":"https:\/\/libreriapiemontese.com\/#website"},"primaryImageOfPage":{"@id":"https:\/\/libreriapiemontese.com\/?product=i-trentanove-scalini#primaryimage"},"image":{"@id":"https:\/\/libreriapiemontese.com\/?product=i-trentanove-scalini#primaryimage"},"thumbnailUrl":"https:\/\/libreriapiemontese.com\/wp-content\/uploads\/2025\/03\/DSC_1163.jpg","datePublished":"2025-03-14T13:35:21+00:00","description":"\"Un libro che avvince, di un'eleganza forse andata perduta anche in Inghilterra, un autore precursore dei pi\u00f9 appassionati Ian Fleming e John Le Carr\u00e8, anche perch\u00e9, come essi, ha scritto spy-story dopo aver prestato servizio nell'Intelligence britannica.\"Attilio Bertolucci","breadcrumb":{"@id":"https:\/\/libreriapiemontese.com\/?product=i-trentanove-scalini#breadcrumb"},"inLanguage":"it-IT","potentialAction":[{"@type":"ReadAction","target":["https:\/\/libreriapiemontese.com\/?product=i-trentanove-scalini"]}]},{"@type":"ImageObject","inLanguage":"it-IT","@id":"https:\/\/libreriapiemontese.com\/?product=i-trentanove-scalini#primaryimage","url":"https:\/\/libreriapiemontese.com\/wp-content\/uploads\/2025\/03\/DSC_1163.jpg","contentUrl":"https:\/\/libreriapiemontese.com\/wp-content\/uploads\/2025\/03\/DSC_1163.jpg","width":382,"height":600},{"@type":"BreadcrumbList","@id":"https:\/\/libreriapiemontese.com\/?product=i-trentanove-scalini#breadcrumb","itemListElement":[{"@type":"ListItem","position":1,"name":"Home","item":"https:\/\/libreriapiemontese.com\/"},{"@type":"ListItem","position":2,"name":"Shop","item":"https:\/\/libreriapiemontese.com\/?page_id=6"},{"@type":"ListItem","position":3,"name":"I trentanove scalini"}]},{"@type":"WebSite","@id":"https:\/\/libreriapiemontese.com\/#website","url":"https:\/\/libreriapiemontese.com\/","name":"Libreria Piemontese","description":"","potentialAction":[{"@type":"SearchAction","target":{"@type":"EntryPoint","urlTemplate":"https:\/\/libreriapiemontese.com\/?s={search_term_string}"},"query-input":{"@type":"PropertyValueSpecification","valueRequired":true,"valueName":"search_term_string"}}],"inLanguage":"it-IT"}]}},"_links":{"self":[{"href":"https:\/\/libreriapiemontese.com\/index.php?rest_route=\/wp\/v2\/product\/839","targetHints":{"allow":["GET"]}}],"collection":[{"href":"https:\/\/libreriapiemontese.com\/index.php?rest_route=\/wp\/v2\/product"}],"about":[{"href":"https:\/\/libreriapiemontese.com\/index.php?rest_route=\/wp\/v2\/types\/product"}],"replies":[{"embeddable":true,"href":"https:\/\/libreriapiemontese.com\/index.php?rest_route=%2Fwp%2Fv2%2Fcomments&post=839"}],"wp:featuredmedia":[{"embeddable":true,"href":"https:\/\/libreriapiemontese.com\/index.php?rest_route=\/wp\/v2\/media\/840"}],"wp:attachment":[{"href":"https:\/\/libreriapiemontese.com\/index.php?rest_route=%2Fwp%2Fv2%2Fmedia&parent=839"}],"wp:term":[{"taxonomy":"autore","embeddable":true,"href":"https:\/\/libreriapiemontese.com\/index.php?rest_route=%2Fwp%2Fv2%2Fautore&post=839"},{"taxonomy":"casa-editirice","embeddable":true,"href":"https:\/\/libreriapiemontese.com\/index.php?rest_route=%2Fwp%2Fv2%2Fcasa-editirice&post=839"},{"taxonomy":"product_brand","embeddable":true,"href":"https:\/\/libreriapiemontese.com\/index.php?rest_route=%2Fwp%2Fv2%2Fproduct_brand&post=839"},{"taxonomy":"product_cat","embeddable":true,"href":"https:\/\/libreriapiemontese.com\/index.php?rest_route=%2Fwp%2Fv2%2Fproduct_cat&post=839"},{"taxonomy":"product_tag","embeddable":true,"href":"https:\/\/libreriapiemontese.com\/index.php?rest_route=%2Fwp%2Fv2%2Fproduct_tag&post=839"}],"curies":[{"name":"wp","href":"https:\/\/api.w.org\/{rel}","templated":true}]}}