{"id":892,"date":"2025-03-15T14:00:19","date_gmt":"2025-03-15T14:00:19","guid":{"rendered":"https:\/\/libreriapiemontese.com\/?post_type=product&#038;p=892"},"modified":"2025-03-15T14:00:20","modified_gmt":"2025-03-15T14:00:20","slug":"sine-glossa","status":"publish","type":"product","link":"https:\/\/libreriapiemontese.com\/?product=sine-glossa","title":{"rendered":"SINE GLOSSA"},"content":{"rendered":"<p>La straordinaria avventura umana e spirituale di un uomo, un semplice umile frate francescano , <em>fr\u00e8re<\/em> <strong>Bernard D\u00e9licieux<\/strong>, che, nel <strong>Mi\u00e9gjorn<\/strong> della Francia del XVI secolo, oso sfidare il potere dell&#8217;inquisizione, e i potenti, re e pontefici, in un medioevo prossimo e lontano.<\/p>\n","protected":false},"excerpt":{"rendered":"<p>La straordinaria avventura umana e spirituale di un uomo, un semplice umile frate francescano , <em>fr\u00e8re<\/em> <strong>Bernard D\u00e9licieux<\/strong>, che, nel <strong>Mi\u00e9gjorn<\/strong> della Francia del XVI secolo, oso sfidare il potere dell&#8217;inquisizione, e i potenti, re e pontefici, in un medioevo prossimo e lontano.<\/p>\n","protected":false},"featured_media":893,"comment_status":"open","ping_status":"closed","template":"","meta":{"_acf_changed":false,"_et_pb_use_builder":"","_et_pb_old_content":"","_et_gb_content_width":""},"autore":[301],"casa-editirice":[302],"product_brand":[],"product_cat":[40],"product_tag":[300,299],"class_list":{"0":"post-892","1":"product","2":"type-product","3":"status-publish","4":"has-post-thumbnail","6":"autore-giovanni-braida","7":"casa-editirice-matteoni-editore","8":"product_cat-romanzo","9":"product_tag-giovanni-braida","10":"product_tag-sine-glossa","12":"first","13":"instock","14":"shipping-taxable","15":"purchasable","16":"product-type-simple"},"acf":[],"yoast_head":"<!-- This site is optimized with the Yoast SEO plugin v24.7 - https:\/\/yoast.com\/wordpress\/plugins\/seo\/ -->\n<title>SINE GLOSSA - Libreria Piemontese<\/title>\n<meta name=\"description\" content=\"La straordinaria avventura umana e spirituale di un uomo, un semplice umile frate francescano , fr\u00e8re Bernard D\u00e9licieux, che, nel Mi\u00e9gjorn della Francia del XVI secolo, oso sfidare il potere dell&#039;inquisizione, e i potenti, re e pontefici, in un medioevo prossimo e lontano.\" \/>\n<meta name=\"robots\" content=\"index, follow, max-snippet:-1, max-image-preview:large, max-video-preview:-1\" \/>\n<link rel=\"canonical\" href=\"https:\/\/libreriapiemontese.com\/?product=sine-glossa\" \/>\n<meta property=\"og:locale\" content=\"it_IT\" \/>\n<meta property=\"og:type\" content=\"article\" \/>\n<meta property=\"og:title\" content=\"SINE GLOSSA - Libreria Piemontese\" \/>\n<meta property=\"og:description\" content=\"La straordinaria avventura umana e spirituale di un uomo, un semplice umile frate francescano , fr\u00e8re Bernard D\u00e9licieux, che, nel Mi\u00e9gjorn della Francia del XVI secolo, oso sfidare il potere dell&#039;inquisizione, e i potenti, re e pontefici, in un medioevo prossimo e lontano.\" \/>\n<meta property=\"og:url\" content=\"https:\/\/libreriapiemontese.com\/?product=sine-glossa\" \/>\n<meta property=\"og:site_name\" content=\"Libreria Piemontese\" \/>\n<meta property=\"article:modified_time\" content=\"2025-03-15T14:00:20+00:00\" \/>\n<meta property=\"og:image\" content=\"https:\/\/libreriapiemontese.com\/wp-content\/uploads\/2025\/03\/DSC_1244.jpg\" \/>\n\t<meta property=\"og:image:width\" content=\"429\" \/>\n\t<meta property=\"og:image:height\" content=\"600\" \/>\n\t<meta property=\"og:image:type\" content=\"image\/jpeg\" \/>\n<meta name=\"twitter:card\" content=\"summary_large_image\" \/>\n<meta name=\"twitter:label1\" content=\"Tempo di lettura stimato\" \/>\n\t<meta name=\"twitter:data1\" content=\"1 minuto\" \/>\n<script type=\"application\/ld+json\" class=\"yoast-schema-graph\">{\"@context\":\"https:\/\/schema.org\",\"@graph\":[{\"@type\":\"WebPage\",\"@id\":\"https:\/\/libreriapiemontese.com\/?product=sine-glossa\",\"url\":\"https:\/\/libreriapiemontese.com\/?product=sine-glossa\",\"name\":\"SINE GLOSSA - Libreria Piemontese\",\"isPartOf\":{\"@id\":\"https:\/\/libreriapiemontese.com\/#website\"},\"primaryImageOfPage\":{\"@id\":\"https:\/\/libreriapiemontese.com\/?product=sine-glossa#primaryimage\"},\"image\":{\"@id\":\"https:\/\/libreriapiemontese.com\/?product=sine-glossa#primaryimage\"},\"thumbnailUrl\":\"https:\/\/libreriapiemontese.com\/wp-content\/uploads\/2025\/03\/DSC_1244.jpg\",\"datePublished\":\"2025-03-15T14:00:19+00:00\",\"dateModified\":\"2025-03-15T14:00:20+00:00\",\"description\":\"La straordinaria avventura umana e spirituale di un uomo, un semplice umile frate francescano , fr\u00e8re Bernard D\u00e9licieux, che, nel Mi\u00e9gjorn della Francia del XVI secolo, oso sfidare il potere dell'inquisizione, e i potenti, re e pontefici, in un medioevo prossimo e lontano.\",\"breadcrumb\":{\"@id\":\"https:\/\/libreriapiemontese.com\/?product=sine-glossa#breadcrumb\"},\"inLanguage\":\"it-IT\",\"potentialAction\":[{\"@type\":\"ReadAction\",\"target\":[\"https:\/\/libreriapiemontese.com\/?product=sine-glossa\"]}]},{\"@type\":\"ImageObject\",\"inLanguage\":\"it-IT\",\"@id\":\"https:\/\/libreriapiemontese.com\/?product=sine-glossa#primaryimage\",\"url\":\"https:\/\/libreriapiemontese.com\/wp-content\/uploads\/2025\/03\/DSC_1244.jpg\",\"contentUrl\":\"https:\/\/libreriapiemontese.com\/wp-content\/uploads\/2025\/03\/DSC_1244.jpg\",\"width\":429,\"height\":600},{\"@type\":\"BreadcrumbList\",\"@id\":\"https:\/\/libreriapiemontese.com\/?product=sine-glossa#breadcrumb\",\"itemListElement\":[{\"@type\":\"ListItem\",\"position\":1,\"name\":\"Home\",\"item\":\"https:\/\/libreriapiemontese.com\/\"},{\"@type\":\"ListItem\",\"position\":2,\"name\":\"Shop\",\"item\":\"https:\/\/libreriapiemontese.com\/?page_id=6\"},{\"@type\":\"ListItem\",\"position\":3,\"name\":\"SINE GLOSSA\"}]},{\"@type\":\"WebSite\",\"@id\":\"https:\/\/libreriapiemontese.com\/#website\",\"url\":\"https:\/\/libreriapiemontese.com\/\",\"name\":\"Libreria Piemontese\",\"description\":\"\",\"potentialAction\":[{\"@type\":\"SearchAction\",\"target\":{\"@type\":\"EntryPoint\",\"urlTemplate\":\"https:\/\/libreriapiemontese.com\/?s={search_term_string}\"},\"query-input\":{\"@type\":\"PropertyValueSpecification\",\"valueRequired\":true,\"valueName\":\"search_term_string\"}}],\"inLanguage\":\"it-IT\"}]}<\/script>\n<!-- \/ Yoast SEO plugin. -->","yoast_head_json":{"title":"SINE GLOSSA - Libreria Piemontese","description":"La straordinaria avventura umana e spirituale di un uomo, un semplice umile frate francescano , fr\u00e8re Bernard D\u00e9licieux, che, nel Mi\u00e9gjorn della Francia del XVI secolo, oso sfidare il potere dell'inquisizione, e i potenti, re e pontefici, in un medioevo prossimo e lontano.","robots":{"index":"index","follow":"follow","max-snippet":"max-snippet:-1","max-image-preview":"max-image-preview:large","max-video-preview":"max-video-preview:-1"},"canonical":"https:\/\/libreriapiemontese.com\/?product=sine-glossa","og_locale":"it_IT","og_type":"article","og_title":"SINE GLOSSA - Libreria Piemontese","og_description":"La straordinaria avventura umana e spirituale di un uomo, un semplice umile frate francescano , fr\u00e8re Bernard D\u00e9licieux, che, nel Mi\u00e9gjorn della Francia del XVI secolo, oso sfidare il potere dell'inquisizione, e i potenti, re e pontefici, in un medioevo prossimo e lontano.","og_url":"https:\/\/libreriapiemontese.com\/?product=sine-glossa","og_site_name":"Libreria Piemontese","article_modified_time":"2025-03-15T14:00:20+00:00","og_image":[{"width":429,"height":600,"url":"https:\/\/libreriapiemontese.com\/wp-content\/uploads\/2025\/03\/DSC_1244.jpg","type":"image\/jpeg"}],"twitter_card":"summary_large_image","twitter_misc":{"Tempo di lettura stimato":"1 minuto"},"schema":{"@context":"https:\/\/schema.org","@graph":[{"@type":"WebPage","@id":"https:\/\/libreriapiemontese.com\/?product=sine-glossa","url":"https:\/\/libreriapiemontese.com\/?product=sine-glossa","name":"SINE GLOSSA - Libreria Piemontese","isPartOf":{"@id":"https:\/\/libreriapiemontese.com\/#website"},"primaryImageOfPage":{"@id":"https:\/\/libreriapiemontese.com\/?product=sine-glossa#primaryimage"},"image":{"@id":"https:\/\/libreriapiemontese.com\/?product=sine-glossa#primaryimage"},"thumbnailUrl":"https:\/\/libreriapiemontese.com\/wp-content\/uploads\/2025\/03\/DSC_1244.jpg","datePublished":"2025-03-15T14:00:19+00:00","dateModified":"2025-03-15T14:00:20+00:00","description":"La straordinaria avventura umana e spirituale di un uomo, un semplice umile frate francescano , fr\u00e8re Bernard D\u00e9licieux, che, nel Mi\u00e9gjorn della Francia del XVI secolo, oso sfidare il potere dell'inquisizione, e i potenti, re e pontefici, in un medioevo prossimo e lontano.","breadcrumb":{"@id":"https:\/\/libreriapiemontese.com\/?product=sine-glossa#breadcrumb"},"inLanguage":"it-IT","potentialAction":[{"@type":"ReadAction","target":["https:\/\/libreriapiemontese.com\/?product=sine-glossa"]}]},{"@type":"ImageObject","inLanguage":"it-IT","@id":"https:\/\/libreriapiemontese.com\/?product=sine-glossa#primaryimage","url":"https:\/\/libreriapiemontese.com\/wp-content\/uploads\/2025\/03\/DSC_1244.jpg","contentUrl":"https:\/\/libreriapiemontese.com\/wp-content\/uploads\/2025\/03\/DSC_1244.jpg","width":429,"height":600},{"@type":"BreadcrumbList","@id":"https:\/\/libreriapiemontese.com\/?product=sine-glossa#breadcrumb","itemListElement":[{"@type":"ListItem","position":1,"name":"Home","item":"https:\/\/libreriapiemontese.com\/"},{"@type":"ListItem","position":2,"name":"Shop","item":"https:\/\/libreriapiemontese.com\/?page_id=6"},{"@type":"ListItem","position":3,"name":"SINE GLOSSA"}]},{"@type":"WebSite","@id":"https:\/\/libreriapiemontese.com\/#website","url":"https:\/\/libreriapiemontese.com\/","name":"Libreria Piemontese","description":"","potentialAction":[{"@type":"SearchAction","target":{"@type":"EntryPoint","urlTemplate":"https:\/\/libreriapiemontese.com\/?s={search_term_string}"},"query-input":{"@type":"PropertyValueSpecification","valueRequired":true,"valueName":"search_term_string"}}],"inLanguage":"it-IT"}]}},"_links":{"self":[{"href":"https:\/\/libreriapiemontese.com\/index.php?rest_route=\/wp\/v2\/product\/892","targetHints":{"allow":["GET"]}}],"collection":[{"href":"https:\/\/libreriapiemontese.com\/index.php?rest_route=\/wp\/v2\/product"}],"about":[{"href":"https:\/\/libreriapiemontese.com\/index.php?rest_route=\/wp\/v2\/types\/product"}],"replies":[{"embeddable":true,"href":"https:\/\/libreriapiemontese.com\/index.php?rest_route=%2Fwp%2Fv2%2Fcomments&post=892"}],"wp:featuredmedia":[{"embeddable":true,"href":"https:\/\/libreriapiemontese.com\/index.php?rest_route=\/wp\/v2\/media\/893"}],"wp:attachment":[{"href":"https:\/\/libreriapiemontese.com\/index.php?rest_route=%2Fwp%2Fv2%2Fmedia&parent=892"}],"wp:term":[{"taxonomy":"autore","embeddable":true,"href":"https:\/\/libreriapiemontese.com\/index.php?rest_route=%2Fwp%2Fv2%2Fautore&post=892"},{"taxonomy":"casa-editirice","embeddable":true,"href":"https:\/\/libreriapiemontese.com\/index.php?rest_route=%2Fwp%2Fv2%2Fcasa-editirice&post=892"},{"taxonomy":"product_brand","embeddable":true,"href":"https:\/\/libreriapiemontese.com\/index.php?rest_route=%2Fwp%2Fv2%2Fproduct_brand&post=892"},{"taxonomy":"product_cat","embeddable":true,"href":"https:\/\/libreriapiemontese.com\/index.php?rest_route=%2Fwp%2Fv2%2Fproduct_cat&post=892"},{"taxonomy":"product_tag","embeddable":true,"href":"https:\/\/libreriapiemontese.com\/index.php?rest_route=%2Fwp%2Fv2%2Fproduct_tag&post=892"}],"curies":[{"name":"wp","href":"https:\/\/api.w.org\/{rel}","templated":true}]}}